{"id":101537,"date":"2023-10-27T15:27:55","date_gmt":"2023-10-27T15:27:55","guid":{"rendered":"https:\/\/dorian-czesci.sklep.pl\/product\/lusterko-prawe-vw-tiguan-ii-131-pin-5nn857502ah\/"},"modified":"2023-10-27T15:27:56","modified_gmt":"2023-10-27T15:27:56","slug":"lusterko-prawe-vw-tiguan-ii-131-pin-5nn857502ah","status":"publish","type":"product","link":"https:\/\/dorian-czesci.sklep.pl\/en\/product\/lusterko-prawe-vw-tiguan-ii-131-pin-5nn857502ah\/","title":{"rendered":"MIRROR RIGHT VW TIGUAN II 13 + 1 PIN 5NN857502AH"},"content":{"rendered":"<section class=\"section\">\n<div class=\"item item-12\">\n<section class=\"text-item\">\n<h1>RIGHT MIRROR<\/h1>\n<h1>VW TIGUAN II<\/h1>\n<h1>13 + 1 PIN<\/h1>\n<h1>5NN 857 502 AH<\/h1>\n<h1>ELECTRICALLY FOLDING<\/h1>\n<h1>HEATED<\/h1>\n<h1>SIGNPOST<\/h1>\n<h1>CAMERA<\/h1>\n<\/section>\n<\/div>\n<\/section>","protected":false},"excerpt":{"rendered":"<p>LUSTERKO PRAWE VW TIGUAN II 13+1 PIN 5NN 857 502 AH SK\u0141ADANE ELEKTRYCZNIE PODGRZEWANE KIERUNKOWSKAZ KAMERA<\/p>","protected":false},"featured_media":101532,"comment_status":"open","ping_status":"closed","template":"","meta":{"_uag_custom_page_level_css":""},"product_cat":[15],"product_tag":[],"class_list":["post-101537","product","type-product","status-publish","has-post-thumbnail","hentry","product_cat-bez-kategorii","badges-style-2"],"yoast_head":"<!-- This site is optimized with the Yoast SEO plugin v24.2 - https:\/\/yoast.com\/wordpress\/plugins\/seo\/ -->\n<title>LUSTERKO PRAWE VW TIGUAN II 13+1 PIN 5NN857502AH - Dorian Cz\u0119\u015bci<\/title>\n<meta name=\"robots\" content=\"index, follow, max-snippet:-1, max-image-preview:large, max-video-preview:-1\" \/>\n<link rel=\"canonical\" href=\"https:\/\/dorian-czesci.sklep.pl\/en\/product\/lusterko-prawe-vw-tiguan-ii-131-pin-5nn857502ah\/\" \/>\n<meta property=\"og:locale\" content=\"en_US\" \/>\n<meta property=\"og:type\" content=\"article\" \/>\n<meta property=\"og:title\" content=\"LUSTERKO PRAWE VW TIGUAN II 13+1 PIN 5NN857502AH - Dorian Cz\u0119\u015bci\" \/>\n<meta property=\"og:description\" content=\"LUSTERKO PRAWE VW TIGUAN II 13+1 PIN 5NN 857 502 AH SK\u0141ADANE ELEKTRYCZNIE PODGRZEWANE KIERUNKOWSKAZ KAMERA\" \/>\n<meta property=\"og:url\" content=\"https:\/\/dorian-czesci.sklep.pl\/en\/product\/lusterko-prawe-vw-tiguan-ii-131-pin-5nn857502ah\/\" \/>\n<meta property=\"og:site_name\" content=\"Dorian Cz\u0119\u015bci\" \/>\n<meta property=\"article:modified_time\" content=\"2023-10-27T15:27:56+00:00\" \/>\n<meta name=\"twitter:card\" content=\"summary_large_image\" \/>\n<script type=\"application\/ld+json\" class=\"yoast-schema-graph\">{\"@context\":\"https:\/\/schema.org\",\"@graph\":[{\"@type\":\"WebPage\",\"@id\":\"https:\/\/dorian-czesci.sklep.pl\/product\/lusterko-prawe-vw-tiguan-ii-131-pin-5nn857502ah\/\",\"url\":\"https:\/\/dorian-czesci.sklep.pl\/product\/lusterko-prawe-vw-tiguan-ii-131-pin-5nn857502ah\/\",\"name\":\"LUSTERKO PRAWE VW TIGUAN II 13+1 PIN 5NN857502AH - Dorian Cz\u0119\u015bci\",\"isPartOf\":{\"@id\":\"https:\/\/dorian-czesci.sklep.pl\/#website\"},\"primaryImageOfPage\":{\"@id\":\"https:\/\/dorian-czesci.sklep.pl\/product\/lusterko-prawe-vw-tiguan-ii-131-pin-5nn857502ah\/#primaryimage\"},\"image\":{\"@id\":\"https:\/\/dorian-czesci.sklep.pl\/product\/lusterko-prawe-vw-tiguan-ii-131-pin-5nn857502ah\/#primaryimage\"},\"thumbnailUrl\":\"https:\/\/dorian-czesci.sklep.pl\/wp-content\/uploads\/2023\/10\/1eced177429d922017b71b3b1457.jpg\",\"datePublished\":\"2023-10-27T15:27:55+00:00\",\"dateModified\":\"2023-10-27T15:27:56+00:00\",\"breadcrumb\":{\"@id\":\"https:\/\/dorian-czesci.sklep.pl\/product\/lusterko-prawe-vw-tiguan-ii-131-pin-5nn857502ah\/#breadcrumb\"},\"inLanguage\":\"en-US\",\"potentialAction\":[{\"@type\":\"ReadAction\",\"target\":[\"https:\/\/dorian-czesci.sklep.pl\/product\/lusterko-prawe-vw-tiguan-ii-131-pin-5nn857502ah\/\"]}]},{\"@type\":\"ImageObject\",\"inLanguage\":\"en-US\",\"@id\":\"https:\/\/dorian-czesci.sklep.pl\/product\/lusterko-prawe-vw-tiguan-ii-131-pin-5nn857502ah\/#primaryimage\",\"url\":\"https:\/\/dorian-czesci.sklep.pl\/wp-content\/uploads\/2023\/10\/1eced177429d922017b71b3b1457.jpg\",\"contentUrl\":\"https:\/\/dorian-czesci.sklep.pl\/wp-content\/uploads\/2023\/10\/1eced177429d922017b71b3b1457.jpg\",\"width\":577,\"height\":433},{\"@type\":\"BreadcrumbList\",\"@id\":\"https:\/\/dorian-czesci.sklep.pl\/product\/lusterko-prawe-vw-tiguan-ii-131-pin-5nn857502ah\/#breadcrumb\",\"itemListElement\":[{\"@type\":\"ListItem\",\"position\":1,\"name\":\"Home\",\"item\":\"https:\/\/dorian-czesci.sklep.pl\/\"},{\"@type\":\"ListItem\",\"position\":2,\"name\":\"Shop\",\"item\":\"https:\/\/dorian-czesci.sklep.pl\/shop-2\/\"},{\"@type\":\"ListItem\",\"position\":3,\"name\":\"LUSTERKO PRAWE VW TIGUAN II 13+1 PIN 5NN857502AH\"}]},{\"@type\":\"WebSite\",\"@id\":\"https:\/\/dorian-czesci.sklep.pl\/#website\",\"url\":\"https:\/\/dorian-czesci.sklep.pl\/\",\"name\":\"Dorian Cz\u0119\u015bci\",\"description\":\"Najwi\u0119kszy wyb\u00f3r cz\u0119\u015bci samochodowych\",\"publisher\":{\"@id\":\"https:\/\/dorian-czesci.sklep.pl\/#organization\"},\"potentialAction\":[{\"@type\":\"SearchAction\",\"target\":{\"@type\":\"EntryPoint\",\"urlTemplate\":\"https:\/\/dorian-czesci.sklep.pl\/?s={search_term_string}\"},\"query-input\":{\"@type\":\"PropertyValueSpecification\",\"valueRequired\":true,\"valueName\":\"search_term_string\"}}],\"inLanguage\":\"en-US\"},{\"@type\":\"Organization\",\"@id\":\"https:\/\/dorian-czesci.sklep.pl\/#organization\",\"name\":\"Dorian Cz\u0119\u015bci\",\"url\":\"https:\/\/dorian-czesci.sklep.pl\/\",\"logo\":{\"@type\":\"ImageObject\",\"inLanguage\":\"en-US\",\"@id\":\"https:\/\/dorian-czesci.sklep.pl\/#\/schema\/logo\/image\/\",\"url\":\"https:\/\/dorian-czesci.sklep.pl\/wp-content\/uploads\/2021\/01\/logo1.png\",\"contentUrl\":\"https:\/\/dorian-czesci.sklep.pl\/wp-content\/uploads\/2021\/01\/logo1.png\",\"width\":190,\"height\":114,\"caption\":\"Dorian Cz\u0119\u015bci\"},\"image\":{\"@id\":\"https:\/\/dorian-czesci.sklep.pl\/#\/schema\/logo\/image\/\"}}]}<\/script>\n<!-- \/ Yoast SEO plugin. -->","yoast_head_json":{"title":"LUSTERKO PRAWE VW TIGUAN II 13+1 PIN 5NN857502AH - Dorian Cz\u0119\u015bci","robots":{"index":"index","follow":"follow","max-snippet":"max-snippet:-1","max-image-preview":"max-image-preview:large","max-video-preview":"max-video-preview:-1"},"canonical":"https:\/\/dorian-czesci.sklep.pl\/en\/product\/lusterko-prawe-vw-tiguan-ii-131-pin-5nn857502ah\/","og_locale":"en_US","og_type":"article","og_title":"LUSTERKO PRAWE VW TIGUAN II 13+1 PIN 5NN857502AH - Dorian Cz\u0119\u015bci","og_description":"LUSTERKO PRAWE VW TIGUAN II 13+1 PIN 5NN 857 502 AH SK\u0141ADANE ELEKTRYCZNIE PODGRZEWANE KIERUNKOWSKAZ KAMERA","og_url":"https:\/\/dorian-czesci.sklep.pl\/en\/product\/lusterko-prawe-vw-tiguan-ii-131-pin-5nn857502ah\/","og_site_name":"Dorian Cz\u0119\u015bci","article_modified_time":"2023-10-27T15:27:56+00:00","twitter_card":"summary_large_image","schema":{"@context":"https:\/\/schema.org","@graph":[{"@type":"WebPage","@id":"https:\/\/dorian-czesci.sklep.pl\/product\/lusterko-prawe-vw-tiguan-ii-131-pin-5nn857502ah\/","url":"https:\/\/dorian-czesci.sklep.pl\/product\/lusterko-prawe-vw-tiguan-ii-131-pin-5nn857502ah\/","name":"LUSTERKO PRAWE VW TIGUAN II 13+1 PIN 5NN857502AH - Dorian Cz\u0119\u015bci","isPartOf":{"@id":"https:\/\/dorian-czesci.sklep.pl\/#website"},"primaryImageOfPage":{"@id":"https:\/\/dorian-czesci.sklep.pl\/product\/lusterko-prawe-vw-tiguan-ii-131-pin-5nn857502ah\/#primaryimage"},"image":{"@id":"https:\/\/dorian-czesci.sklep.pl\/product\/lusterko-prawe-vw-tiguan-ii-131-pin-5nn857502ah\/#primaryimage"},"thumbnailUrl":"https:\/\/dorian-czesci.sklep.pl\/wp-content\/uploads\/2023\/10\/1eced177429d922017b71b3b1457.jpg","datePublished":"2023-10-27T15:27:55+00:00","dateModified":"2023-10-27T15:27:56+00:00","breadcrumb":{"@id":"https:\/\/dorian-czesci.sklep.pl\/product\/lusterko-prawe-vw-tiguan-ii-131-pin-5nn857502ah\/#breadcrumb"},"inLanguage":"en-US","potentialAction":[{"@type":"ReadAction","target":["https:\/\/dorian-czesci.sklep.pl\/product\/lusterko-prawe-vw-tiguan-ii-131-pin-5nn857502ah\/"]}]},{"@type":"ImageObject","inLanguage":"en-US","@id":"https:\/\/dorian-czesci.sklep.pl\/product\/lusterko-prawe-vw-tiguan-ii-131-pin-5nn857502ah\/#primaryimage","url":"https:\/\/dorian-czesci.sklep.pl\/wp-content\/uploads\/2023\/10\/1eced177429d922017b71b3b1457.jpg","contentUrl":"https:\/\/dorian-czesci.sklep.pl\/wp-content\/uploads\/2023\/10\/1eced177429d922017b71b3b1457.jpg","width":577,"height":433},{"@type":"BreadcrumbList","@id":"https:\/\/dorian-czesci.sklep.pl\/product\/lusterko-prawe-vw-tiguan-ii-131-pin-5nn857502ah\/#breadcrumb","itemListElement":[{"@type":"ListItem","position":1,"name":"Home","item":"https:\/\/dorian-czesci.sklep.pl\/"},{"@type":"ListItem","position":2,"name":"Shop","item":"https:\/\/dorian-czesci.sklep.pl\/shop-2\/"},{"@type":"ListItem","position":3,"name":"LUSTERKO PRAWE VW TIGUAN II 13+1 PIN 5NN857502AH"}]},{"@type":"WebSite","@id":"https:\/\/dorian-czesci.sklep.pl\/#website","url":"https:\/\/dorian-czesci.sklep.pl\/","name":"Dorian Cz\u0119\u015bci","description":"Najwi\u0119kszy wyb\u00f3r cz\u0119\u015bci samochodowych","publisher":{"@id":"https:\/\/dorian-czesci.sklep.pl\/#organization"},"potentialAction":[{"@type":"SearchAction","target":{"@type":"EntryPoint","urlTemplate":"https:\/\/dorian-czesci.sklep.pl\/?s={search_term_string}"},"query-input":{"@type":"PropertyValueSpecification","valueRequired":true,"valueName":"search_term_string"}}],"inLanguage":"en-US"},{"@type":"Organization","@id":"https:\/\/dorian-czesci.sklep.pl\/#organization","name":"Dorian Cz\u0119\u015bci","url":"https:\/\/dorian-czesci.sklep.pl\/","logo":{"@type":"ImageObject","inLanguage":"en-US","@id":"https:\/\/dorian-czesci.sklep.pl\/#\/schema\/logo\/image\/","url":"https:\/\/dorian-czesci.sklep.pl\/wp-content\/uploads\/2021\/01\/logo1.png","contentUrl":"https:\/\/dorian-czesci.sklep.pl\/wp-content\/uploads\/2021\/01\/logo1.png","width":190,"height":114,"caption":"Dorian Cz\u0119\u015bci"},"image":{"@id":"https:\/\/dorian-czesci.sklep.pl\/#\/schema\/logo\/image\/"}}]}},"uagb_featured_image_src":{"full":["https:\/\/dorian-czesci.sklep.pl\/wp-content\/uploads\/2023\/10\/1eced177429d922017b71b3b1457.jpg",577,433,false],"thumbnail":["https:\/\/dorian-czesci.sklep.pl\/wp-content\/uploads\/2023\/10\/1eced177429d922017b71b3b1457-150x150.jpg",150,150,true],"medium":["https:\/\/dorian-czesci.sklep.pl\/wp-content\/uploads\/2023\/10\/1eced177429d922017b71b3b1457-300x225.jpg",300,225,true],"medium_large":["https:\/\/dorian-czesci.sklep.pl\/wp-content\/uploads\/2023\/10\/1eced177429d922017b71b3b1457.jpg",577,433,false],"large":["https:\/\/dorian-czesci.sklep.pl\/wp-content\/uploads\/2023\/10\/1eced177429d922017b71b3b1457.jpg",577,433,false],"1536x1536":["https:\/\/dorian-czesci.sklep.pl\/wp-content\/uploads\/2023\/10\/1eced177429d922017b71b3b1457.jpg",577,433,false],"2048x2048":["https:\/\/dorian-czesci.sklep.pl\/wp-content\/uploads\/2023\/10\/1eced177429d922017b71b3b1457.jpg",577,433,false],"trp-custom-language-flag":["https:\/\/dorian-czesci.sklep.pl\/wp-content\/uploads\/2023\/10\/1eced177429d922017b71b3b1457-16x12.jpg",16,12,true],"chromium-recent-posts-thumb-s":["https:\/\/dorian-czesci.sklep.pl\/wp-content\/uploads\/2023\/10\/1eced177429d922017b71b3b1457-160x190.jpg",160,190,true],"chromium-recent-posts-thumb-m":["https:\/\/dorian-czesci.sklep.pl\/wp-content\/uploads\/2023\/10\/1eced177429d922017b71b3b1457-225x267.jpg",225,267,true],"chromium-recent-posts-thumb-top":["https:\/\/dorian-czesci.sklep.pl\/wp-content\/uploads\/2023\/10\/1eced177429d922017b71b3b1457-384x216.jpg",384,216,true],"chromium-gallery-s":["https:\/\/dorian-czesci.sklep.pl\/wp-content\/uploads\/2023\/10\/1eced177429d922017b71b3b1457-384x216.jpg",384,216,true],"chromium-gallery-m":["https:\/\/dorian-czesci.sklep.pl\/wp-content\/uploads\/2023\/10\/1eced177429d922017b71b3b1457-577x360.jpg",577,360,true],"chromium-gallery-l":["https:\/\/dorian-czesci.sklep.pl\/wp-content\/uploads\/2023\/10\/1eced177429d922017b71b3b1457.jpg",577,433,false],"chromium-grid-blog":["https:\/\/dorian-czesci.sklep.pl\/wp-content\/uploads\/2023\/10\/1eced177429d922017b71b3b1457-350x350.jpg",350,350,true],"chromium-grid-blog-m":["https:\/\/dorian-czesci.sklep.pl\/wp-content\/uploads\/2023\/10\/1eced177429d922017b71b3b1457.jpg",577,433,false],"post-thumbnail":["https:\/\/dorian-czesci.sklep.pl\/wp-content\/uploads\/2023\/10\/1eced177429d922017b71b3b1457-577x350.jpg",577,350,true],"woocommerce_thumbnail":["https:\/\/dorian-czesci.sklep.pl\/wp-content\/uploads\/2023\/10\/1eced177429d922017b71b3b1457-300x300.jpg",300,300,true],"woocommerce_single":["https:\/\/dorian-czesci.sklep.pl\/wp-content\/uploads\/2023\/10\/1eced177429d922017b71b3b1457.jpg",577,433,false],"woocommerce_gallery_thumbnail":["https:\/\/dorian-czesci.sklep.pl\/wp-content\/uploads\/2023\/10\/1eced177429d922017b71b3b1457-100x100.jpg",100,100,true],"dgwt-wcas-product-suggestion":["https:\/\/dorian-czesci.sklep.pl\/wp-content\/uploads\/2023\/10\/1eced177429d922017b71b3b1457-64x48.jpg",64,48,true]},"uagb_author_info":{"display_name":"Gregor","author_link":"https:\/\/dorian-czesci.sklep.pl\/en\/author\/"},"uagb_comment_info":0,"uagb_excerpt":"LUSTERKO PRAWE VW TIGUAN II 13+1 PIN 5NN 857 502 AH SK\u0141ADANE ELEKTRYCZNIE PODGRZEWANE KIERUNKOWSKAZ KAMERA","_links":{"self":[{"href":"https:\/\/dorian-czesci.sklep.pl\/en\/wp-json\/wp\/v2\/product\/101537","targetHints":{"allow":["GET"]}}],"collection":[{"href":"https:\/\/dorian-czesci.sklep.pl\/en\/wp-json\/wp\/v2\/product"}],"about":[{"href":"https:\/\/dorian-czesci.sklep.pl\/en\/wp-json\/wp\/v2\/types\/product"}],"replies":[{"embeddable":true,"href":"https:\/\/dorian-czesci.sklep.pl\/en\/wp-json\/wp\/v2\/comments?post=101537"}],"wp:featuredmedia":[{"embeddable":true,"href":"https:\/\/dorian-czesci.sklep.pl\/en\/wp-json\/wp\/v2\/media\/101532"}],"wp:attachment":[{"href":"https:\/\/dorian-czesci.sklep.pl\/en\/wp-json\/wp\/v2\/media?parent=101537"}],"wp:term":[{"taxonomy":"product_cat","embeddable":true,"href":"https:\/\/dorian-czesci.sklep.pl\/en\/wp-json\/wp\/v2\/product_cat?post=101537"},{"taxonomy":"product_tag","embeddable":true,"href":"https:\/\/dorian-czesci.sklep.pl\/en\/wp-json\/wp\/v2\/product_tag?post=101537"}],"curies":[{"name":"wp","href":"https:\/\/api.w.org\/{rel}","templated":true}]}}