{"id":101540,"date":"2023-10-27T15:28:01","date_gmt":"2023-10-27T15:28:01","guid":{"rendered":"https:\/\/dorian-czesci.sklep.pl\/product\/zawor-sprezarki-klimatyzacji-denso-4m0816803c\/"},"modified":"2023-10-27T15:28:01","modified_gmt":"2023-10-27T15:28:01","slug":"zawor-sprezarki-klimatyzacji-denso-4m0816803c","status":"publish","type":"product","link":"https:\/\/dorian-czesci.sklep.pl\/en\/product\/zawor-sprezarki-klimatyzacji-denso-4m0816803c\/","title":{"rendered":"VALVE AIR CONDITIONING DENSO 4M0816803C"},"content":{"rendered":"<section class=\"section\">\n<div class=\"item item-12\">\n<section class=\"text-item\">\n<h1>AIR CONDITIONING COMPRESSOR VALVE<\/h1>\n<h1>MERCEDES VW SKODA SEAT AUDI DENSO<\/h1>\n<h1>4M0 816 803 C<\/h1>\n<\/section>\n<\/div>\n<\/section>","protected":false},"excerpt":{"rendered":"<p>ZAW\u00d3R SPR\u0118\u017bARKI KLIMATYZACJI MERCEDES VW SKODA SEAT AUDI DENSO 4M0 816 803 C<\/p>","protected":false},"featured_media":101539,"comment_status":"open","ping_status":"closed","template":"","meta":{"_uag_custom_page_level_css":""},"product_cat":[141],"product_tag":[],"class_list":["post-101540","product","type-product","status-publish","has-post-thumbnail","hentry","product_cat-kompresory-klimatyzacji-kompresory-klimatyzacji","badges-style-2"],"yoast_head":"<!-- This site is optimized with the Yoast SEO plugin v24.2 - https:\/\/yoast.com\/wordpress\/plugins\/seo\/ -->\n<title>ZAW\u00d3R SPR\u0118\u017bARKI KLIMATYZACJI DENSO 4M0816803C - Dorian Cz\u0119\u015bci<\/title>\n<meta name=\"robots\" content=\"index, follow, max-snippet:-1, max-image-preview:large, max-video-preview:-1\" \/>\n<link rel=\"canonical\" href=\"https:\/\/dorian-czesci.sklep.pl\/en\/product\/zawor-sprezarki-klimatyzacji-denso-4m0816803c\/\" \/>\n<meta property=\"og:locale\" content=\"en_US\" \/>\n<meta property=\"og:type\" content=\"article\" \/>\n<meta property=\"og:title\" content=\"ZAW\u00d3R SPR\u0118\u017bARKI KLIMATYZACJI DENSO 4M0816803C - Dorian Cz\u0119\u015bci\" \/>\n<meta property=\"og:description\" content=\"ZAW\u00d3R SPR\u0118\u017bARKI KLIMATYZACJI MERCEDES VW SKODA SEAT AUDI DENSO 4M0 816 803 C\" \/>\n<meta property=\"og:url\" content=\"https:\/\/dorian-czesci.sklep.pl\/en\/product\/zawor-sprezarki-klimatyzacji-denso-4m0816803c\/\" \/>\n<meta property=\"og:site_name\" content=\"Dorian Cz\u0119\u015bci\" \/>\n<meta name=\"twitter:card\" content=\"summary_large_image\" \/>\n<script type=\"application\/ld+json\" class=\"yoast-schema-graph\">{\"@context\":\"https:\/\/schema.org\",\"@graph\":[{\"@type\":\"WebPage\",\"@id\":\"https:\/\/dorian-czesci.sklep.pl\/product\/zawor-sprezarki-klimatyzacji-denso-4m0816803c\/\",\"url\":\"https:\/\/dorian-czesci.sklep.pl\/product\/zawor-sprezarki-klimatyzacji-denso-4m0816803c\/\",\"name\":\"ZAW\u00d3R SPR\u0118\u017bARKI KLIMATYZACJI DENSO 4M0816803C - Dorian Cz\u0119\u015bci\",\"isPartOf\":{\"@id\":\"https:\/\/dorian-czesci.sklep.pl\/#website\"},\"primaryImageOfPage\":{\"@id\":\"https:\/\/dorian-czesci.sklep.pl\/product\/zawor-sprezarki-klimatyzacji-denso-4m0816803c\/#primaryimage\"},\"image\":{\"@id\":\"https:\/\/dorian-czesci.sklep.pl\/product\/zawor-sprezarki-klimatyzacji-denso-4m0816803c\/#primaryimage\"},\"thumbnailUrl\":\"https:\/\/dorian-czesci.sklep.pl\/wp-content\/uploads\/2023\/10\/66737e5245a3838a5b8cec639fc7-4.jpg\",\"datePublished\":\"2023-10-27T15:28:01+00:00\",\"dateModified\":\"2023-10-27T15:28:01+00:00\",\"breadcrumb\":{\"@id\":\"https:\/\/dorian-czesci.sklep.pl\/product\/zawor-sprezarki-klimatyzacji-denso-4m0816803c\/#breadcrumb\"},\"inLanguage\":\"en-US\",\"potentialAction\":[{\"@type\":\"ReadAction\",\"target\":[\"https:\/\/dorian-czesci.sklep.pl\/product\/zawor-sprezarki-klimatyzacji-denso-4m0816803c\/\"]}]},{\"@type\":\"ImageObject\",\"inLanguage\":\"en-US\",\"@id\":\"https:\/\/dorian-czesci.sklep.pl\/product\/zawor-sprezarki-klimatyzacji-denso-4m0816803c\/#primaryimage\",\"url\":\"https:\/\/dorian-czesci.sklep.pl\/wp-content\/uploads\/2023\/10\/66737e5245a3838a5b8cec639fc7-4.jpg\",\"contentUrl\":\"https:\/\/dorian-czesci.sklep.pl\/wp-content\/uploads\/2023\/10\/66737e5245a3838a5b8cec639fc7-4.jpg\",\"width\":1000,\"height\":1000},{\"@type\":\"BreadcrumbList\",\"@id\":\"https:\/\/dorian-czesci.sklep.pl\/product\/zawor-sprezarki-klimatyzacji-denso-4m0816803c\/#breadcrumb\",\"itemListElement\":[{\"@type\":\"ListItem\",\"position\":1,\"name\":\"Home\",\"item\":\"https:\/\/dorian-czesci.sklep.pl\/\"},{\"@type\":\"ListItem\",\"position\":2,\"name\":\"Shop\",\"item\":\"https:\/\/dorian-czesci.sklep.pl\/shop-2\/\"},{\"@type\":\"ListItem\",\"position\":3,\"name\":\"ZAW\u00d3R SPR\u0118\u017bARKI KLIMATYZACJI DENSO 4M0816803C\"}]},{\"@type\":\"WebSite\",\"@id\":\"https:\/\/dorian-czesci.sklep.pl\/#website\",\"url\":\"https:\/\/dorian-czesci.sklep.pl\/\",\"name\":\"Dorian Cz\u0119\u015bci\",\"description\":\"Najwi\u0119kszy wyb\u00f3r cz\u0119\u015bci samochodowych\",\"publisher\":{\"@id\":\"https:\/\/dorian-czesci.sklep.pl\/#organization\"},\"potentialAction\":[{\"@type\":\"SearchAction\",\"target\":{\"@type\":\"EntryPoint\",\"urlTemplate\":\"https:\/\/dorian-czesci.sklep.pl\/?s={search_term_string}\"},\"query-input\":{\"@type\":\"PropertyValueSpecification\",\"valueRequired\":true,\"valueName\":\"search_term_string\"}}],\"inLanguage\":\"en-US\"},{\"@type\":\"Organization\",\"@id\":\"https:\/\/dorian-czesci.sklep.pl\/#organization\",\"name\":\"Dorian Cz\u0119\u015bci\",\"url\":\"https:\/\/dorian-czesci.sklep.pl\/\",\"logo\":{\"@type\":\"ImageObject\",\"inLanguage\":\"en-US\",\"@id\":\"https:\/\/dorian-czesci.sklep.pl\/#\/schema\/logo\/image\/\",\"url\":\"https:\/\/dorian-czesci.sklep.pl\/wp-content\/uploads\/2021\/01\/logo1.png\",\"contentUrl\":\"https:\/\/dorian-czesci.sklep.pl\/wp-content\/uploads\/2021\/01\/logo1.png\",\"width\":190,\"height\":114,\"caption\":\"Dorian Cz\u0119\u015bci\"},\"image\":{\"@id\":\"https:\/\/dorian-czesci.sklep.pl\/#\/schema\/logo\/image\/\"}}]}<\/script>\n<!-- \/ Yoast SEO plugin. -->","yoast_head_json":{"title":"ZAW\u00d3R SPR\u0118\u017bARKI KLIMATYZACJI DENSO 4M0816803C - Dorian Cz\u0119\u015bci","robots":{"index":"index","follow":"follow","max-snippet":"max-snippet:-1","max-image-preview":"max-image-preview:large","max-video-preview":"max-video-preview:-1"},"canonical":"https:\/\/dorian-czesci.sklep.pl\/en\/product\/zawor-sprezarki-klimatyzacji-denso-4m0816803c\/","og_locale":"en_US","og_type":"article","og_title":"ZAW\u00d3R SPR\u0118\u017bARKI KLIMATYZACJI DENSO 4M0816803C - Dorian Cz\u0119\u015bci","og_description":"ZAW\u00d3R SPR\u0118\u017bARKI KLIMATYZACJI MERCEDES VW SKODA SEAT AUDI DENSO 4M0 816 803 C","og_url":"https:\/\/dorian-czesci.sklep.pl\/en\/product\/zawor-sprezarki-klimatyzacji-denso-4m0816803c\/","og_site_name":"Dorian Cz\u0119\u015bci","twitter_card":"summary_large_image","schema":{"@context":"https:\/\/schema.org","@graph":[{"@type":"WebPage","@id":"https:\/\/dorian-czesci.sklep.pl\/product\/zawor-sprezarki-klimatyzacji-denso-4m0816803c\/","url":"https:\/\/dorian-czesci.sklep.pl\/product\/zawor-sprezarki-klimatyzacji-denso-4m0816803c\/","name":"ZAW\u00d3R SPR\u0118\u017bARKI KLIMATYZACJI DENSO 4M0816803C - Dorian Cz\u0119\u015bci","isPartOf":{"@id":"https:\/\/dorian-czesci.sklep.pl\/#website"},"primaryImageOfPage":{"@id":"https:\/\/dorian-czesci.sklep.pl\/product\/zawor-sprezarki-klimatyzacji-denso-4m0816803c\/#primaryimage"},"image":{"@id":"https:\/\/dorian-czesci.sklep.pl\/product\/zawor-sprezarki-klimatyzacji-denso-4m0816803c\/#primaryimage"},"thumbnailUrl":"https:\/\/dorian-czesci.sklep.pl\/wp-content\/uploads\/2023\/10\/66737e5245a3838a5b8cec639fc7-4.jpg","datePublished":"2023-10-27T15:28:01+00:00","dateModified":"2023-10-27T15:28:01+00:00","breadcrumb":{"@id":"https:\/\/dorian-czesci.sklep.pl\/product\/zawor-sprezarki-klimatyzacji-denso-4m0816803c\/#breadcrumb"},"inLanguage":"en-US","potentialAction":[{"@type":"ReadAction","target":["https:\/\/dorian-czesci.sklep.pl\/product\/zawor-sprezarki-klimatyzacji-denso-4m0816803c\/"]}]},{"@type":"ImageObject","inLanguage":"en-US","@id":"https:\/\/dorian-czesci.sklep.pl\/product\/zawor-sprezarki-klimatyzacji-denso-4m0816803c\/#primaryimage","url":"https:\/\/dorian-czesci.sklep.pl\/wp-content\/uploads\/2023\/10\/66737e5245a3838a5b8cec639fc7-4.jpg","contentUrl":"https:\/\/dorian-czesci.sklep.pl\/wp-content\/uploads\/2023\/10\/66737e5245a3838a5b8cec639fc7-4.jpg","width":1000,"height":1000},{"@type":"BreadcrumbList","@id":"https:\/\/dorian-czesci.sklep.pl\/product\/zawor-sprezarki-klimatyzacji-denso-4m0816803c\/#breadcrumb","itemListElement":[{"@type":"ListItem","position":1,"name":"Home","item":"https:\/\/dorian-czesci.sklep.pl\/"},{"@type":"ListItem","position":2,"name":"Shop","item":"https:\/\/dorian-czesci.sklep.pl\/shop-2\/"},{"@type":"ListItem","position":3,"name":"ZAW\u00d3R SPR\u0118\u017bARKI KLIMATYZACJI DENSO 4M0816803C"}]},{"@type":"WebSite","@id":"https:\/\/dorian-czesci.sklep.pl\/#website","url":"https:\/\/dorian-czesci.sklep.pl\/","name":"Dorian Cz\u0119\u015bci","description":"Najwi\u0119kszy wyb\u00f3r cz\u0119\u015bci samochodowych","publisher":{"@id":"https:\/\/dorian-czesci.sklep.pl\/#organization"},"potentialAction":[{"@type":"SearchAction","target":{"@type":"EntryPoint","urlTemplate":"https:\/\/dorian-czesci.sklep.pl\/?s={search_term_string}"},"query-input":{"@type":"PropertyValueSpecification","valueRequired":true,"valueName":"search_term_string"}}],"inLanguage":"en-US"},{"@type":"Organization","@id":"https:\/\/dorian-czesci.sklep.pl\/#organization","name":"Dorian Cz\u0119\u015bci","url":"https:\/\/dorian-czesci.sklep.pl\/","logo":{"@type":"ImageObject","inLanguage":"en-US","@id":"https:\/\/dorian-czesci.sklep.pl\/#\/schema\/logo\/image\/","url":"https:\/\/dorian-czesci.sklep.pl\/wp-content\/uploads\/2021\/01\/logo1.png","contentUrl":"https:\/\/dorian-czesci.sklep.pl\/wp-content\/uploads\/2021\/01\/logo1.png","width":190,"height":114,"caption":"Dorian Cz\u0119\u015bci"},"image":{"@id":"https:\/\/dorian-czesci.sklep.pl\/#\/schema\/logo\/image\/"}}]}},"uagb_featured_image_src":{"full":["https:\/\/dorian-czesci.sklep.pl\/wp-content\/uploads\/2023\/10\/66737e5245a3838a5b8cec639fc7-4.jpg",1000,1000,false],"thumbnail":["https:\/\/dorian-czesci.sklep.pl\/wp-content\/uploads\/2023\/10\/66737e5245a3838a5b8cec639fc7-4-150x150.jpg",150,150,true],"medium":["https:\/\/dorian-czesci.sklep.pl\/wp-content\/uploads\/2023\/10\/66737e5245a3838a5b8cec639fc7-4-300x300.jpg",300,300,true],"medium_large":["https:\/\/dorian-czesci.sklep.pl\/wp-content\/uploads\/2023\/10\/66737e5245a3838a5b8cec639fc7-4-768x768.jpg",768,768,true],"large":["https:\/\/dorian-czesci.sklep.pl\/wp-content\/uploads\/2023\/10\/66737e5245a3838a5b8cec639fc7-4.jpg",1000,1000,false],"1536x1536":["https:\/\/dorian-czesci.sklep.pl\/wp-content\/uploads\/2023\/10\/66737e5245a3838a5b8cec639fc7-4.jpg",1000,1000,false],"2048x2048":["https:\/\/dorian-czesci.sklep.pl\/wp-content\/uploads\/2023\/10\/66737e5245a3838a5b8cec639fc7-4.jpg",1000,1000,false],"trp-custom-language-flag":["https:\/\/dorian-czesci.sklep.pl\/wp-content\/uploads\/2023\/10\/66737e5245a3838a5b8cec639fc7-4-12x12.jpg",12,12,true],"chromium-recent-posts-thumb-s":["https:\/\/dorian-czesci.sklep.pl\/wp-content\/uploads\/2023\/10\/66737e5245a3838a5b8cec639fc7-4-160x190.jpg",160,190,true],"chromium-recent-posts-thumb-m":["https:\/\/dorian-czesci.sklep.pl\/wp-content\/uploads\/2023\/10\/66737e5245a3838a5b8cec639fc7-4-225x267.jpg",225,267,true],"chromium-recent-posts-thumb-top":["https:\/\/dorian-czesci.sklep.pl\/wp-content\/uploads\/2023\/10\/66737e5245a3838a5b8cec639fc7-4-384x216.jpg",384,216,true],"chromium-gallery-s":["https:\/\/dorian-czesci.sklep.pl\/wp-content\/uploads\/2023\/10\/66737e5245a3838a5b8cec639fc7-4-384x216.jpg",384,216,true],"chromium-gallery-m":["https:\/\/dorian-czesci.sklep.pl\/wp-content\/uploads\/2023\/10\/66737e5245a3838a5b8cec639fc7-4-640x360.jpg",640,360,true],"chromium-gallery-l":["https:\/\/dorian-czesci.sklep.pl\/wp-content\/uploads\/2023\/10\/66737e5245a3838a5b8cec639fc7-4-1000x576.jpg",1000,576,true],"chromium-grid-blog":["https:\/\/dorian-czesci.sklep.pl\/wp-content\/uploads\/2023\/10\/66737e5245a3838a5b8cec639fc7-4-350x350.jpg",350,350,true],"chromium-grid-blog-m":["https:\/\/dorian-czesci.sklep.pl\/wp-content\/uploads\/2023\/10\/66737e5245a3838a5b8cec639fc7-4-600x600.jpg",600,600,true],"post-thumbnail":["https:\/\/dorian-czesci.sklep.pl\/wp-content\/uploads\/2023\/10\/66737e5245a3838a5b8cec639fc7-4-870x350.jpg",870,350,true],"woocommerce_thumbnail":["https:\/\/dorian-czesci.sklep.pl\/wp-content\/uploads\/2023\/10\/66737e5245a3838a5b8cec639fc7-4-300x300.jpg",300,300,true],"woocommerce_single":["https:\/\/dorian-czesci.sklep.pl\/wp-content\/uploads\/2023\/10\/66737e5245a3838a5b8cec639fc7-4-600x600.jpg",600,600,true],"woocommerce_gallery_thumbnail":["https:\/\/dorian-czesci.sklep.pl\/wp-content\/uploads\/2023\/10\/66737e5245a3838a5b8cec639fc7-4-100x100.jpg",100,100,true],"dgwt-wcas-product-suggestion":["https:\/\/dorian-czesci.sklep.pl\/wp-content\/uploads\/2023\/10\/66737e5245a3838a5b8cec639fc7-4-64x64.jpg",64,64,true]},"uagb_author_info":{"display_name":"Gregor","author_link":"https:\/\/dorian-czesci.sklep.pl\/en\/author\/"},"uagb_comment_info":0,"uagb_excerpt":"ZAW\u00d3R SPR\u0118\u017bARKI KLIMATYZACJI MERCEDES VW SKODA SEAT AUDI DENSO 4M0 816 803 C","_links":{"self":[{"href":"https:\/\/dorian-czesci.sklep.pl\/en\/wp-json\/wp\/v2\/product\/101540","targetHints":{"allow":["GET"]}}],"collection":[{"href":"https:\/\/dorian-czesci.sklep.pl\/en\/wp-json\/wp\/v2\/product"}],"about":[{"href":"https:\/\/dorian-czesci.sklep.pl\/en\/wp-json\/wp\/v2\/types\/product"}],"replies":[{"embeddable":true,"href":"https:\/\/dorian-czesci.sklep.pl\/en\/wp-json\/wp\/v2\/comments?post=101540"}],"wp:featuredmedia":[{"embeddable":true,"href":"https:\/\/dorian-czesci.sklep.pl\/en\/wp-json\/wp\/v2\/media\/101539"}],"wp:attachment":[{"href":"https:\/\/dorian-czesci.sklep.pl\/en\/wp-json\/wp\/v2\/media?parent=101540"}],"wp:term":[{"taxonomy":"product_cat","embeddable":true,"href":"https:\/\/dorian-czesci.sklep.pl\/en\/wp-json\/wp\/v2\/product_cat?post=101540"},{"taxonomy":"product_tag","embeddable":true,"href":"https:\/\/dorian-czesci.sklep.pl\/en\/wp-json\/wp\/v2\/product_tag?post=101540"}],"curies":[{"name":"wp","href":"https:\/\/api.w.org\/{rel}","templated":true}]}}