{"id":101717,"date":"2023-10-27T15:33:07","date_gmt":"2023-10-27T15:33:07","guid":{"rendered":"https:\/\/dorian-czesci.sklep.pl\/product\/multimedia-czytnik-vw-golf-viii-mib3-5h0035816d\/"},"modified":"2023-10-27T15:33:08","modified_gmt":"2023-10-27T15:33:08","slug":"multimedia-czytnik-vw-golf-viii-mib3-5h0035816d","status":"publish","type":"product","link":"https:\/\/dorian-czesci.sklep.pl\/en\/product\/multimedia-czytnik-vw-golf-viii-mib3-5h0035816d\/","title":{"rendered":"MULTIMEDIA READER VW GOLF VIII MIB3 5H0035816D"},"content":{"rendered":"<section class=\"section\">\n<div class=\"item item-12\">\n<section class=\"text-item\">\n<h1>MULTIMEDIA NAVI READER<\/h1>\n<h1>VW GOLF VIII ARTEON<\/h1>\n<h1>5H0 035 816 D<\/h1>\n<\/section>\n<\/div>\n<\/section>","protected":false},"excerpt":{"rendered":"<p>MULTIMEDIA CZYTNIK NAVI VW GOLF VIII ARTEON 5H0 035 816 D<\/p>","protected":false},"featured_media":101713,"comment_status":"open","ping_status":"closed","template":"","meta":{"_uag_custom_page_level_css":""},"product_cat":[134],"product_tag":[],"class_list":["post-101717","product","type-product","status-publish","has-post-thumbnail","hentry","product_cat-pozostale","badges-style-2"],"yoast_head":"<!-- This site is optimized with the Yoast SEO plugin v24.2 - https:\/\/yoast.com\/wordpress\/plugins\/seo\/ -->\n<title>MULTIMEDIA CZYTNIK VW GOLF VIII MIB3 5H0035816D - Dorian Cz\u0119\u015bci<\/title>\n<meta name=\"robots\" content=\"index, follow, max-snippet:-1, max-image-preview:large, max-video-preview:-1\" \/>\n<link rel=\"canonical\" href=\"https:\/\/dorian-czesci.sklep.pl\/en\/product\/multimedia-czytnik-vw-golf-viii-mib3-5h0035816d\/\" \/>\n<meta property=\"og:locale\" content=\"en_US\" \/>\n<meta property=\"og:type\" content=\"article\" \/>\n<meta property=\"og:title\" content=\"MULTIMEDIA CZYTNIK VW GOLF VIII MIB3 5H0035816D - Dorian Cz\u0119\u015bci\" \/>\n<meta property=\"og:description\" content=\"MULTIMEDIA CZYTNIK NAVI VW GOLF VIII ARTEON 5H0 035 816 D\" \/>\n<meta property=\"og:url\" content=\"https:\/\/dorian-czesci.sklep.pl\/en\/product\/multimedia-czytnik-vw-golf-viii-mib3-5h0035816d\/\" \/>\n<meta property=\"og:site_name\" content=\"Dorian Cz\u0119\u015bci\" \/>\n<meta property=\"article:modified_time\" content=\"2023-10-27T15:33:08+00:00\" \/>\n<meta name=\"twitter:card\" content=\"summary_large_image\" \/>\n<script type=\"application\/ld+json\" class=\"yoast-schema-graph\">{\"@context\":\"https:\/\/schema.org\",\"@graph\":[{\"@type\":\"WebPage\",\"@id\":\"https:\/\/dorian-czesci.sklep.pl\/product\/multimedia-czytnik-vw-golf-viii-mib3-5h0035816d\/\",\"url\":\"https:\/\/dorian-czesci.sklep.pl\/product\/multimedia-czytnik-vw-golf-viii-mib3-5h0035816d\/\",\"name\":\"MULTIMEDIA CZYTNIK VW GOLF VIII MIB3 5H0035816D - Dorian Cz\u0119\u015bci\",\"isPartOf\":{\"@id\":\"https:\/\/dorian-czesci.sklep.pl\/#website\"},\"primaryImageOfPage\":{\"@id\":\"https:\/\/dorian-czesci.sklep.pl\/product\/multimedia-czytnik-vw-golf-viii-mib3-5h0035816d\/#primaryimage\"},\"image\":{\"@id\":\"https:\/\/dorian-czesci.sklep.pl\/product\/multimedia-czytnik-vw-golf-viii-mib3-5h0035816d\/#primaryimage\"},\"thumbnailUrl\":\"https:\/\/dorian-czesci.sklep.pl\/wp-content\/uploads\/2023\/10\/375e45754bf28506c6ec72c47b33.jpg\",\"datePublished\":\"2023-10-27T15:33:07+00:00\",\"dateModified\":\"2023-10-27T15:33:08+00:00\",\"breadcrumb\":{\"@id\":\"https:\/\/dorian-czesci.sklep.pl\/product\/multimedia-czytnik-vw-golf-viii-mib3-5h0035816d\/#breadcrumb\"},\"inLanguage\":\"en-US\",\"potentialAction\":[{\"@type\":\"ReadAction\",\"target\":[\"https:\/\/dorian-czesci.sklep.pl\/product\/multimedia-czytnik-vw-golf-viii-mib3-5h0035816d\/\"]}]},{\"@type\":\"ImageObject\",\"inLanguage\":\"en-US\",\"@id\":\"https:\/\/dorian-czesci.sklep.pl\/product\/multimedia-czytnik-vw-golf-viii-mib3-5h0035816d\/#primaryimage\",\"url\":\"https:\/\/dorian-czesci.sklep.pl\/wp-content\/uploads\/2023\/10\/375e45754bf28506c6ec72c47b33.jpg\",\"contentUrl\":\"https:\/\/dorian-czesci.sklep.pl\/wp-content\/uploads\/2023\/10\/375e45754bf28506c6ec72c47b33.jpg\",\"width\":577,\"height\":433},{\"@type\":\"BreadcrumbList\",\"@id\":\"https:\/\/dorian-czesci.sklep.pl\/product\/multimedia-czytnik-vw-golf-viii-mib3-5h0035816d\/#breadcrumb\",\"itemListElement\":[{\"@type\":\"ListItem\",\"position\":1,\"name\":\"Home\",\"item\":\"https:\/\/dorian-czesci.sklep.pl\/\"},{\"@type\":\"ListItem\",\"position\":2,\"name\":\"Shop\",\"item\":\"https:\/\/dorian-czesci.sklep.pl\/shop-2\/\"},{\"@type\":\"ListItem\",\"position\":3,\"name\":\"MULTIMEDIA CZYTNIK VW GOLF VIII MIB3 5H0035816D\"}]},{\"@type\":\"WebSite\",\"@id\":\"https:\/\/dorian-czesci.sklep.pl\/#website\",\"url\":\"https:\/\/dorian-czesci.sklep.pl\/\",\"name\":\"Dorian Cz\u0119\u015bci\",\"description\":\"Najwi\u0119kszy wyb\u00f3r cz\u0119\u015bci samochodowych\",\"publisher\":{\"@id\":\"https:\/\/dorian-czesci.sklep.pl\/#organization\"},\"potentialAction\":[{\"@type\":\"SearchAction\",\"target\":{\"@type\":\"EntryPoint\",\"urlTemplate\":\"https:\/\/dorian-czesci.sklep.pl\/?s={search_term_string}\"},\"query-input\":{\"@type\":\"PropertyValueSpecification\",\"valueRequired\":true,\"valueName\":\"search_term_string\"}}],\"inLanguage\":\"en-US\"},{\"@type\":\"Organization\",\"@id\":\"https:\/\/dorian-czesci.sklep.pl\/#organization\",\"name\":\"Dorian Cz\u0119\u015bci\",\"url\":\"https:\/\/dorian-czesci.sklep.pl\/\",\"logo\":{\"@type\":\"ImageObject\",\"inLanguage\":\"en-US\",\"@id\":\"https:\/\/dorian-czesci.sklep.pl\/#\/schema\/logo\/image\/\",\"url\":\"https:\/\/dorian-czesci.sklep.pl\/wp-content\/uploads\/2021\/01\/logo1.png\",\"contentUrl\":\"https:\/\/dorian-czesci.sklep.pl\/wp-content\/uploads\/2021\/01\/logo1.png\",\"width\":190,\"height\":114,\"caption\":\"Dorian Cz\u0119\u015bci\"},\"image\":{\"@id\":\"https:\/\/dorian-czesci.sklep.pl\/#\/schema\/logo\/image\/\"}}]}<\/script>\n<!-- \/ Yoast SEO plugin. -->","yoast_head_json":{"title":"MULTIMEDIA CZYTNIK VW GOLF VIII MIB3 5H0035816D - Dorian Cz\u0119\u015bci","robots":{"index":"index","follow":"follow","max-snippet":"max-snippet:-1","max-image-preview":"max-image-preview:large","max-video-preview":"max-video-preview:-1"},"canonical":"https:\/\/dorian-czesci.sklep.pl\/en\/product\/multimedia-czytnik-vw-golf-viii-mib3-5h0035816d\/","og_locale":"en_US","og_type":"article","og_title":"MULTIMEDIA CZYTNIK VW GOLF VIII MIB3 5H0035816D - Dorian Cz\u0119\u015bci","og_description":"MULTIMEDIA CZYTNIK NAVI VW GOLF VIII ARTEON 5H0 035 816 D","og_url":"https:\/\/dorian-czesci.sklep.pl\/en\/product\/multimedia-czytnik-vw-golf-viii-mib3-5h0035816d\/","og_site_name":"Dorian Cz\u0119\u015bci","article_modified_time":"2023-10-27T15:33:08+00:00","twitter_card":"summary_large_image","schema":{"@context":"https:\/\/schema.org","@graph":[{"@type":"WebPage","@id":"https:\/\/dorian-czesci.sklep.pl\/product\/multimedia-czytnik-vw-golf-viii-mib3-5h0035816d\/","url":"https:\/\/dorian-czesci.sklep.pl\/product\/multimedia-czytnik-vw-golf-viii-mib3-5h0035816d\/","name":"MULTIMEDIA CZYTNIK VW GOLF VIII MIB3 5H0035816D - Dorian Cz\u0119\u015bci","isPartOf":{"@id":"https:\/\/dorian-czesci.sklep.pl\/#website"},"primaryImageOfPage":{"@id":"https:\/\/dorian-czesci.sklep.pl\/product\/multimedia-czytnik-vw-golf-viii-mib3-5h0035816d\/#primaryimage"},"image":{"@id":"https:\/\/dorian-czesci.sklep.pl\/product\/multimedia-czytnik-vw-golf-viii-mib3-5h0035816d\/#primaryimage"},"thumbnailUrl":"https:\/\/dorian-czesci.sklep.pl\/wp-content\/uploads\/2023\/10\/375e45754bf28506c6ec72c47b33.jpg","datePublished":"2023-10-27T15:33:07+00:00","dateModified":"2023-10-27T15:33:08+00:00","breadcrumb":{"@id":"https:\/\/dorian-czesci.sklep.pl\/product\/multimedia-czytnik-vw-golf-viii-mib3-5h0035816d\/#breadcrumb"},"inLanguage":"en-US","potentialAction":[{"@type":"ReadAction","target":["https:\/\/dorian-czesci.sklep.pl\/product\/multimedia-czytnik-vw-golf-viii-mib3-5h0035816d\/"]}]},{"@type":"ImageObject","inLanguage":"en-US","@id":"https:\/\/dorian-czesci.sklep.pl\/product\/multimedia-czytnik-vw-golf-viii-mib3-5h0035816d\/#primaryimage","url":"https:\/\/dorian-czesci.sklep.pl\/wp-content\/uploads\/2023\/10\/375e45754bf28506c6ec72c47b33.jpg","contentUrl":"https:\/\/dorian-czesci.sklep.pl\/wp-content\/uploads\/2023\/10\/375e45754bf28506c6ec72c47b33.jpg","width":577,"height":433},{"@type":"BreadcrumbList","@id":"https:\/\/dorian-czesci.sklep.pl\/product\/multimedia-czytnik-vw-golf-viii-mib3-5h0035816d\/#breadcrumb","itemListElement":[{"@type":"ListItem","position":1,"name":"Home","item":"https:\/\/dorian-czesci.sklep.pl\/"},{"@type":"ListItem","position":2,"name":"Shop","item":"https:\/\/dorian-czesci.sklep.pl\/shop-2\/"},{"@type":"ListItem","position":3,"name":"MULTIMEDIA CZYTNIK VW GOLF VIII MIB3 5H0035816D"}]},{"@type":"WebSite","@id":"https:\/\/dorian-czesci.sklep.pl\/#website","url":"https:\/\/dorian-czesci.sklep.pl\/","name":"Dorian Cz\u0119\u015bci","description":"Najwi\u0119kszy wyb\u00f3r cz\u0119\u015bci samochodowych","publisher":{"@id":"https:\/\/dorian-czesci.sklep.pl\/#organization"},"potentialAction":[{"@type":"SearchAction","target":{"@type":"EntryPoint","urlTemplate":"https:\/\/dorian-czesci.sklep.pl\/?s={search_term_string}"},"query-input":{"@type":"PropertyValueSpecification","valueRequired":true,"valueName":"search_term_string"}}],"inLanguage":"en-US"},{"@type":"Organization","@id":"https:\/\/dorian-czesci.sklep.pl\/#organization","name":"Dorian Cz\u0119\u015bci","url":"https:\/\/dorian-czesci.sklep.pl\/","logo":{"@type":"ImageObject","inLanguage":"en-US","@id":"https:\/\/dorian-czesci.sklep.pl\/#\/schema\/logo\/image\/","url":"https:\/\/dorian-czesci.sklep.pl\/wp-content\/uploads\/2021\/01\/logo1.png","contentUrl":"https:\/\/dorian-czesci.sklep.pl\/wp-content\/uploads\/2021\/01\/logo1.png","width":190,"height":114,"caption":"Dorian Cz\u0119\u015bci"},"image":{"@id":"https:\/\/dorian-czesci.sklep.pl\/#\/schema\/logo\/image\/"}}]}},"uagb_featured_image_src":{"full":["https:\/\/dorian-czesci.sklep.pl\/wp-content\/uploads\/2023\/10\/375e45754bf28506c6ec72c47b33.jpg",577,433,false],"thumbnail":["https:\/\/dorian-czesci.sklep.pl\/wp-content\/uploads\/2023\/10\/375e45754bf28506c6ec72c47b33-150x150.jpg",150,150,true],"medium":["https:\/\/dorian-czesci.sklep.pl\/wp-content\/uploads\/2023\/10\/375e45754bf28506c6ec72c47b33-300x225.jpg",300,225,true],"medium_large":["https:\/\/dorian-czesci.sklep.pl\/wp-content\/uploads\/2023\/10\/375e45754bf28506c6ec72c47b33.jpg",577,433,false],"large":["https:\/\/dorian-czesci.sklep.pl\/wp-content\/uploads\/2023\/10\/375e45754bf28506c6ec72c47b33.jpg",577,433,false],"1536x1536":["https:\/\/dorian-czesci.sklep.pl\/wp-content\/uploads\/2023\/10\/375e45754bf28506c6ec72c47b33.jpg",577,433,false],"2048x2048":["https:\/\/dorian-czesci.sklep.pl\/wp-content\/uploads\/2023\/10\/375e45754bf28506c6ec72c47b33.jpg",577,433,false],"trp-custom-language-flag":["https:\/\/dorian-czesci.sklep.pl\/wp-content\/uploads\/2023\/10\/375e45754bf28506c6ec72c47b33-16x12.jpg",16,12,true],"chromium-recent-posts-thumb-s":["https:\/\/dorian-czesci.sklep.pl\/wp-content\/uploads\/2023\/10\/375e45754bf28506c6ec72c47b33-160x190.jpg",160,190,true],"chromium-recent-posts-thumb-m":["https:\/\/dorian-czesci.sklep.pl\/wp-content\/uploads\/2023\/10\/375e45754bf28506c6ec72c47b33-225x267.jpg",225,267,true],"chromium-recent-posts-thumb-top":["https:\/\/dorian-czesci.sklep.pl\/wp-content\/uploads\/2023\/10\/375e45754bf28506c6ec72c47b33-384x216.jpg",384,216,true],"chromium-gallery-s":["https:\/\/dorian-czesci.sklep.pl\/wp-content\/uploads\/2023\/10\/375e45754bf28506c6ec72c47b33-384x216.jpg",384,216,true],"chromium-gallery-m":["https:\/\/dorian-czesci.sklep.pl\/wp-content\/uploads\/2023\/10\/375e45754bf28506c6ec72c47b33-577x360.jpg",577,360,true],"chromium-gallery-l":["https:\/\/dorian-czesci.sklep.pl\/wp-content\/uploads\/2023\/10\/375e45754bf28506c6ec72c47b33.jpg",577,433,false],"chromium-grid-blog":["https:\/\/dorian-czesci.sklep.pl\/wp-content\/uploads\/2023\/10\/375e45754bf28506c6ec72c47b33-350x350.jpg",350,350,true],"chromium-grid-blog-m":["https:\/\/dorian-czesci.sklep.pl\/wp-content\/uploads\/2023\/10\/375e45754bf28506c6ec72c47b33.jpg",577,433,false],"post-thumbnail":["https:\/\/dorian-czesci.sklep.pl\/wp-content\/uploads\/2023\/10\/375e45754bf28506c6ec72c47b33-577x350.jpg",577,350,true],"woocommerce_thumbnail":["https:\/\/dorian-czesci.sklep.pl\/wp-content\/uploads\/2023\/10\/375e45754bf28506c6ec72c47b33-300x300.jpg",300,300,true],"woocommerce_single":["https:\/\/dorian-czesci.sklep.pl\/wp-content\/uploads\/2023\/10\/375e45754bf28506c6ec72c47b33.jpg",577,433,false],"woocommerce_gallery_thumbnail":["https:\/\/dorian-czesci.sklep.pl\/wp-content\/uploads\/2023\/10\/375e45754bf28506c6ec72c47b33-100x100.jpg",100,100,true],"dgwt-wcas-product-suggestion":["https:\/\/dorian-czesci.sklep.pl\/wp-content\/uploads\/2023\/10\/375e45754bf28506c6ec72c47b33-64x48.jpg",64,48,true]},"uagb_author_info":{"display_name":"Gregor","author_link":"https:\/\/dorian-czesci.sklep.pl\/en\/author\/"},"uagb_comment_info":0,"uagb_excerpt":"MULTIMEDIA CZYTNIK NAVI VW GOLF VIII ARTEON 5H0 035 816 D","_links":{"self":[{"href":"https:\/\/dorian-czesci.sklep.pl\/en\/wp-json\/wp\/v2\/product\/101717","targetHints":{"allow":["GET"]}}],"collection":[{"href":"https:\/\/dorian-czesci.sklep.pl\/en\/wp-json\/wp\/v2\/product"}],"about":[{"href":"https:\/\/dorian-czesci.sklep.pl\/en\/wp-json\/wp\/v2\/types\/product"}],"replies":[{"embeddable":true,"href":"https:\/\/dorian-czesci.sklep.pl\/en\/wp-json\/wp\/v2\/comments?post=101717"}],"wp:featuredmedia":[{"embeddable":true,"href":"https:\/\/dorian-czesci.sklep.pl\/en\/wp-json\/wp\/v2\/media\/101713"}],"wp:attachment":[{"href":"https:\/\/dorian-czesci.sklep.pl\/en\/wp-json\/wp\/v2\/media?parent=101717"}],"wp:term":[{"taxonomy":"product_cat","embeddable":true,"href":"https:\/\/dorian-czesci.sklep.pl\/en\/wp-json\/wp\/v2\/product_cat?post=101717"},{"taxonomy":"product_tag","embeddable":true,"href":"https:\/\/dorian-czesci.sklep.pl\/en\/wp-json\/wp\/v2\/product_tag?post=101717"}],"curies":[{"name":"wp","href":"https:\/\/api.w.org\/{rel}","templated":true}]}}