{"id":103327,"date":"2023-10-27T16:30:19","date_gmt":"2023-10-27T16:30:19","guid":{"rendered":"https:\/\/dorian-czesci.sklep.pl\/product\/pompa-paliwa-2-0-tfsi-audi-vw-06l127025k\/"},"modified":"2023-10-27T16:30:20","modified_gmt":"2023-10-27T16:30:20","slug":"pompa-paliwa-2-0-tfsi-audi-vw-06l127025k","status":"publish","type":"product","link":"https:\/\/dorian-czesci.sklep.pl\/en\/product\/pompa-paliwa-2-0-tfsi-audi-vw-06l127025k\/","title":{"rendered":"FUEL PUMP 2.0 TFSI AUDI VW 06L127025K"},"content":{"rendered":"<section class=\"section\">\n<div class=\"item item-12\">\n<section class=\"text-item\">\n<h1>POMPA PALIWA 2.0 TFSI AUDI VW SKODA<\/h1>\n<h1>06L 127 025 K<\/h1>\n<h1>VERY GOOD CONDITION<\/h1>\n<h1>SMALL MILEAGE<\/h1>\n<\/section>\n<\/div>\n<\/section>","protected":false},"excerpt":{"rendered":"<p>POMPA PALIWA 2.0 TFSI AUDI VW SKODA 06L 127 025 K STAN BARDZO DOBRY MA\u0141Y PRZEBIEG<\/p>","protected":false},"featured_media":103326,"comment_status":"open","ping_status":"closed","template":"","meta":{"_uag_custom_page_level_css":""},"product_cat":[15],"product_tag":[],"class_list":["post-103327","product","type-product","status-publish","has-post-thumbnail","hentry","product_cat-bez-kategorii","badges-style-2"],"yoast_head":"<!-- This site is optimized with the Yoast SEO plugin v24.2 - https:\/\/yoast.com\/wordpress\/plugins\/seo\/ -->\n<title>POMPA PALIWA 2.0 TFSI AUDI VW 06L127025K - Dorian Cz\u0119\u015bci<\/title>\n<meta name=\"robots\" content=\"index, follow, max-snippet:-1, max-image-preview:large, max-video-preview:-1\" \/>\n<link rel=\"canonical\" href=\"https:\/\/dorian-czesci.sklep.pl\/en\/product\/pompa-paliwa-2-0-tfsi-audi-vw-06l127025k\/\" \/>\n<meta property=\"og:locale\" content=\"en_US\" \/>\n<meta property=\"og:type\" content=\"article\" \/>\n<meta property=\"og:title\" content=\"POMPA PALIWA 2.0 TFSI AUDI VW 06L127025K - Dorian Cz\u0119\u015bci\" \/>\n<meta property=\"og:description\" content=\"POMPA PALIWA 2.0 TFSI AUDI VW SKODA 06L 127 025 K STAN BARDZO DOBRY MA\u0141Y PRZEBIEG\" \/>\n<meta property=\"og:url\" content=\"https:\/\/dorian-czesci.sklep.pl\/en\/product\/pompa-paliwa-2-0-tfsi-audi-vw-06l127025k\/\" \/>\n<meta property=\"og:site_name\" content=\"Dorian Cz\u0119\u015bci\" \/>\n<meta property=\"article:modified_time\" content=\"2023-10-27T16:30:20+00:00\" \/>\n<meta name=\"twitter:card\" content=\"summary_large_image\" \/>\n<script type=\"application\/ld+json\" class=\"yoast-schema-graph\">{\"@context\":\"https:\/\/schema.org\",\"@graph\":[{\"@type\":\"WebPage\",\"@id\":\"https:\/\/dorian-czesci.sklep.pl\/product\/pompa-paliwa-2-0-tfsi-audi-vw-06l127025k\/\",\"url\":\"https:\/\/dorian-czesci.sklep.pl\/product\/pompa-paliwa-2-0-tfsi-audi-vw-06l127025k\/\",\"name\":\"POMPA PALIWA 2.0 TFSI AUDI VW 06L127025K - Dorian Cz\u0119\u015bci\",\"isPartOf\":{\"@id\":\"https:\/\/dorian-czesci.sklep.pl\/#website\"},\"primaryImageOfPage\":{\"@id\":\"https:\/\/dorian-czesci.sklep.pl\/product\/pompa-paliwa-2-0-tfsi-audi-vw-06l127025k\/#primaryimage\"},\"image\":{\"@id\":\"https:\/\/dorian-czesci.sklep.pl\/product\/pompa-paliwa-2-0-tfsi-audi-vw-06l127025k\/#primaryimage\"},\"thumbnailUrl\":\"https:\/\/dorian-czesci.sklep.pl\/wp-content\/uploads\/2023\/10\/9d26910c4f0b945d4630c56cf6ed-1.jpg\",\"datePublished\":\"2023-10-27T16:30:19+00:00\",\"dateModified\":\"2023-10-27T16:30:20+00:00\",\"breadcrumb\":{\"@id\":\"https:\/\/dorian-czesci.sklep.pl\/product\/pompa-paliwa-2-0-tfsi-audi-vw-06l127025k\/#breadcrumb\"},\"inLanguage\":\"en-US\",\"potentialAction\":[{\"@type\":\"ReadAction\",\"target\":[\"https:\/\/dorian-czesci.sklep.pl\/product\/pompa-paliwa-2-0-tfsi-audi-vw-06l127025k\/\"]}]},{\"@type\":\"ImageObject\",\"inLanguage\":\"en-US\",\"@id\":\"https:\/\/dorian-czesci.sklep.pl\/product\/pompa-paliwa-2-0-tfsi-audi-vw-06l127025k\/#primaryimage\",\"url\":\"https:\/\/dorian-czesci.sklep.pl\/wp-content\/uploads\/2023\/10\/9d26910c4f0b945d4630c56cf6ed-1.jpg\",\"contentUrl\":\"https:\/\/dorian-czesci.sklep.pl\/wp-content\/uploads\/2023\/10\/9d26910c4f0b945d4630c56cf6ed-1.jpg\",\"width\":1000,\"height\":667},{\"@type\":\"BreadcrumbList\",\"@id\":\"https:\/\/dorian-czesci.sklep.pl\/product\/pompa-paliwa-2-0-tfsi-audi-vw-06l127025k\/#breadcrumb\",\"itemListElement\":[{\"@type\":\"ListItem\",\"position\":1,\"name\":\"Home\",\"item\":\"https:\/\/dorian-czesci.sklep.pl\/\"},{\"@type\":\"ListItem\",\"position\":2,\"name\":\"Shop\",\"item\":\"https:\/\/dorian-czesci.sklep.pl\/shop-2\/\"},{\"@type\":\"ListItem\",\"position\":3,\"name\":\"POMPA PALIWA 2.0 TFSI AUDI VW 06L127025K\"}]},{\"@type\":\"WebSite\",\"@id\":\"https:\/\/dorian-czesci.sklep.pl\/#website\",\"url\":\"https:\/\/dorian-czesci.sklep.pl\/\",\"name\":\"Dorian Cz\u0119\u015bci\",\"description\":\"Najwi\u0119kszy wyb\u00f3r cz\u0119\u015bci samochodowych\",\"publisher\":{\"@id\":\"https:\/\/dorian-czesci.sklep.pl\/#organization\"},\"potentialAction\":[{\"@type\":\"SearchAction\",\"target\":{\"@type\":\"EntryPoint\",\"urlTemplate\":\"https:\/\/dorian-czesci.sklep.pl\/?s={search_term_string}\"},\"query-input\":{\"@type\":\"PropertyValueSpecification\",\"valueRequired\":true,\"valueName\":\"search_term_string\"}}],\"inLanguage\":\"en-US\"},{\"@type\":\"Organization\",\"@id\":\"https:\/\/dorian-czesci.sklep.pl\/#organization\",\"name\":\"Dorian Cz\u0119\u015bci\",\"url\":\"https:\/\/dorian-czesci.sklep.pl\/\",\"logo\":{\"@type\":\"ImageObject\",\"inLanguage\":\"en-US\",\"@id\":\"https:\/\/dorian-czesci.sklep.pl\/#\/schema\/logo\/image\/\",\"url\":\"https:\/\/dorian-czesci.sklep.pl\/wp-content\/uploads\/2021\/01\/logo1.png\",\"contentUrl\":\"https:\/\/dorian-czesci.sklep.pl\/wp-content\/uploads\/2021\/01\/logo1.png\",\"width\":190,\"height\":114,\"caption\":\"Dorian Cz\u0119\u015bci\"},\"image\":{\"@id\":\"https:\/\/dorian-czesci.sklep.pl\/#\/schema\/logo\/image\/\"}}]}<\/script>\n<!-- \/ Yoast SEO plugin. -->","yoast_head_json":{"title":"POMPA PALIWA 2.0 TFSI AUDI VW 06L127025K - Dorian Cz\u0119\u015bci","robots":{"index":"index","follow":"follow","max-snippet":"max-snippet:-1","max-image-preview":"max-image-preview:large","max-video-preview":"max-video-preview:-1"},"canonical":"https:\/\/dorian-czesci.sklep.pl\/en\/product\/pompa-paliwa-2-0-tfsi-audi-vw-06l127025k\/","og_locale":"en_US","og_type":"article","og_title":"POMPA PALIWA 2.0 TFSI AUDI VW 06L127025K - Dorian Cz\u0119\u015bci","og_description":"POMPA PALIWA 2.0 TFSI AUDI VW SKODA 06L 127 025 K STAN BARDZO DOBRY MA\u0141Y PRZEBIEG","og_url":"https:\/\/dorian-czesci.sklep.pl\/en\/product\/pompa-paliwa-2-0-tfsi-audi-vw-06l127025k\/","og_site_name":"Dorian Cz\u0119\u015bci","article_modified_time":"2023-10-27T16:30:20+00:00","twitter_card":"summary_large_image","schema":{"@context":"https:\/\/schema.org","@graph":[{"@type":"WebPage","@id":"https:\/\/dorian-czesci.sklep.pl\/product\/pompa-paliwa-2-0-tfsi-audi-vw-06l127025k\/","url":"https:\/\/dorian-czesci.sklep.pl\/product\/pompa-paliwa-2-0-tfsi-audi-vw-06l127025k\/","name":"POMPA PALIWA 2.0 TFSI AUDI VW 06L127025K - Dorian Cz\u0119\u015bci","isPartOf":{"@id":"https:\/\/dorian-czesci.sklep.pl\/#website"},"primaryImageOfPage":{"@id":"https:\/\/dorian-czesci.sklep.pl\/product\/pompa-paliwa-2-0-tfsi-audi-vw-06l127025k\/#primaryimage"},"image":{"@id":"https:\/\/dorian-czesci.sklep.pl\/product\/pompa-paliwa-2-0-tfsi-audi-vw-06l127025k\/#primaryimage"},"thumbnailUrl":"https:\/\/dorian-czesci.sklep.pl\/wp-content\/uploads\/2023\/10\/9d26910c4f0b945d4630c56cf6ed-1.jpg","datePublished":"2023-10-27T16:30:19+00:00","dateModified":"2023-10-27T16:30:20+00:00","breadcrumb":{"@id":"https:\/\/dorian-czesci.sklep.pl\/product\/pompa-paliwa-2-0-tfsi-audi-vw-06l127025k\/#breadcrumb"},"inLanguage":"en-US","potentialAction":[{"@type":"ReadAction","target":["https:\/\/dorian-czesci.sklep.pl\/product\/pompa-paliwa-2-0-tfsi-audi-vw-06l127025k\/"]}]},{"@type":"ImageObject","inLanguage":"en-US","@id":"https:\/\/dorian-czesci.sklep.pl\/product\/pompa-paliwa-2-0-tfsi-audi-vw-06l127025k\/#primaryimage","url":"https:\/\/dorian-czesci.sklep.pl\/wp-content\/uploads\/2023\/10\/9d26910c4f0b945d4630c56cf6ed-1.jpg","contentUrl":"https:\/\/dorian-czesci.sklep.pl\/wp-content\/uploads\/2023\/10\/9d26910c4f0b945d4630c56cf6ed-1.jpg","width":1000,"height":667},{"@type":"BreadcrumbList","@id":"https:\/\/dorian-czesci.sklep.pl\/product\/pompa-paliwa-2-0-tfsi-audi-vw-06l127025k\/#breadcrumb","itemListElement":[{"@type":"ListItem","position":1,"name":"Home","item":"https:\/\/dorian-czesci.sklep.pl\/"},{"@type":"ListItem","position":2,"name":"Shop","item":"https:\/\/dorian-czesci.sklep.pl\/shop-2\/"},{"@type":"ListItem","position":3,"name":"POMPA PALIWA 2.0 TFSI AUDI VW 06L127025K"}]},{"@type":"WebSite","@id":"https:\/\/dorian-czesci.sklep.pl\/#website","url":"https:\/\/dorian-czesci.sklep.pl\/","name":"Dorian Cz\u0119\u015bci","description":"Najwi\u0119kszy wyb\u00f3r cz\u0119\u015bci samochodowych","publisher":{"@id":"https:\/\/dorian-czesci.sklep.pl\/#organization"},"potentialAction":[{"@type":"SearchAction","target":{"@type":"EntryPoint","urlTemplate":"https:\/\/dorian-czesci.sklep.pl\/?s={search_term_string}"},"query-input":{"@type":"PropertyValueSpecification","valueRequired":true,"valueName":"search_term_string"}}],"inLanguage":"en-US"},{"@type":"Organization","@id":"https:\/\/dorian-czesci.sklep.pl\/#organization","name":"Dorian Cz\u0119\u015bci","url":"https:\/\/dorian-czesci.sklep.pl\/","logo":{"@type":"ImageObject","inLanguage":"en-US","@id":"https:\/\/dorian-czesci.sklep.pl\/#\/schema\/logo\/image\/","url":"https:\/\/dorian-czesci.sklep.pl\/wp-content\/uploads\/2021\/01\/logo1.png","contentUrl":"https:\/\/dorian-czesci.sklep.pl\/wp-content\/uploads\/2021\/01\/logo1.png","width":190,"height":114,"caption":"Dorian Cz\u0119\u015bci"},"image":{"@id":"https:\/\/dorian-czesci.sklep.pl\/#\/schema\/logo\/image\/"}}]}},"uagb_featured_image_src":{"full":["https:\/\/dorian-czesci.sklep.pl\/wp-content\/uploads\/2023\/10\/9d26910c4f0b945d4630c56cf6ed-1.jpg",1000,667,false],"thumbnail":["https:\/\/dorian-czesci.sklep.pl\/wp-content\/uploads\/2023\/10\/9d26910c4f0b945d4630c56cf6ed-1-150x150.jpg",150,150,true],"medium":["https:\/\/dorian-czesci.sklep.pl\/wp-content\/uploads\/2023\/10\/9d26910c4f0b945d4630c56cf6ed-1-300x200.jpg",300,200,true],"medium_large":["https:\/\/dorian-czesci.sklep.pl\/wp-content\/uploads\/2023\/10\/9d26910c4f0b945d4630c56cf6ed-1-768x512.jpg",768,512,true],"large":["https:\/\/dorian-czesci.sklep.pl\/wp-content\/uploads\/2023\/10\/9d26910c4f0b945d4630c56cf6ed-1.jpg",1000,667,false],"1536x1536":["https:\/\/dorian-czesci.sklep.pl\/wp-content\/uploads\/2023\/10\/9d26910c4f0b945d4630c56cf6ed-1.jpg",1000,667,false],"2048x2048":["https:\/\/dorian-czesci.sklep.pl\/wp-content\/uploads\/2023\/10\/9d26910c4f0b945d4630c56cf6ed-1.jpg",1000,667,false],"trp-custom-language-flag":["https:\/\/dorian-czesci.sklep.pl\/wp-content\/uploads\/2023\/10\/9d26910c4f0b945d4630c56cf6ed-1-16x12.jpg",16,12,true],"chromium-recent-posts-thumb-s":["https:\/\/dorian-czesci.sklep.pl\/wp-content\/uploads\/2023\/10\/9d26910c4f0b945d4630c56cf6ed-1-160x190.jpg",160,190,true],"chromium-recent-posts-thumb-m":["https:\/\/dorian-czesci.sklep.pl\/wp-content\/uploads\/2023\/10\/9d26910c4f0b945d4630c56cf6ed-1-225x267.jpg",225,267,true],"chromium-recent-posts-thumb-top":["https:\/\/dorian-czesci.sklep.pl\/wp-content\/uploads\/2023\/10\/9d26910c4f0b945d4630c56cf6ed-1-384x216.jpg",384,216,true],"chromium-gallery-s":["https:\/\/dorian-czesci.sklep.pl\/wp-content\/uploads\/2023\/10\/9d26910c4f0b945d4630c56cf6ed-1-384x216.jpg",384,216,true],"chromium-gallery-m":["https:\/\/dorian-czesci.sklep.pl\/wp-content\/uploads\/2023\/10\/9d26910c4f0b945d4630c56cf6ed-1-640x360.jpg",640,360,true],"chromium-gallery-l":["https:\/\/dorian-czesci.sklep.pl\/wp-content\/uploads\/2023\/10\/9d26910c4f0b945d4630c56cf6ed-1-1000x576.jpg",1000,576,true],"chromium-grid-blog":["https:\/\/dorian-czesci.sklep.pl\/wp-content\/uploads\/2023\/10\/9d26910c4f0b945d4630c56cf6ed-1-350x350.jpg",350,350,true],"chromium-grid-blog-m":["https:\/\/dorian-czesci.sklep.pl\/wp-content\/uploads\/2023\/10\/9d26910c4f0b945d4630c56cf6ed-1-600x600.jpg",600,600,true],"post-thumbnail":["https:\/\/dorian-czesci.sklep.pl\/wp-content\/uploads\/2023\/10\/9d26910c4f0b945d4630c56cf6ed-1-870x350.jpg",870,350,true],"woocommerce_thumbnail":["https:\/\/dorian-czesci.sklep.pl\/wp-content\/uploads\/2023\/10\/9d26910c4f0b945d4630c56cf6ed-1-300x300.jpg",300,300,true],"woocommerce_single":["https:\/\/dorian-czesci.sklep.pl\/wp-content\/uploads\/2023\/10\/9d26910c4f0b945d4630c56cf6ed-1-600x400.jpg",600,400,true],"woocommerce_gallery_thumbnail":["https:\/\/dorian-czesci.sklep.pl\/wp-content\/uploads\/2023\/10\/9d26910c4f0b945d4630c56cf6ed-1-100x100.jpg",100,100,true],"dgwt-wcas-product-suggestion":["https:\/\/dorian-czesci.sklep.pl\/wp-content\/uploads\/2023\/10\/9d26910c4f0b945d4630c56cf6ed-1-64x43.jpg",64,43,true]},"uagb_author_info":{"display_name":"Gregor","author_link":"https:\/\/dorian-czesci.sklep.pl\/en\/author\/"},"uagb_comment_info":0,"uagb_excerpt":"POMPA PALIWA 2.0 TFSI AUDI VW SKODA 06L 127 025 K STAN BARDZO DOBRY MA\u0141Y PRZEBIEG","_links":{"self":[{"href":"https:\/\/dorian-czesci.sklep.pl\/en\/wp-json\/wp\/v2\/product\/103327","targetHints":{"allow":["GET"]}}],"collection":[{"href":"https:\/\/dorian-czesci.sklep.pl\/en\/wp-json\/wp\/v2\/product"}],"about":[{"href":"https:\/\/dorian-czesci.sklep.pl\/en\/wp-json\/wp\/v2\/types\/product"}],"replies":[{"embeddable":true,"href":"https:\/\/dorian-czesci.sklep.pl\/en\/wp-json\/wp\/v2\/comments?post=103327"}],"wp:featuredmedia":[{"embeddable":true,"href":"https:\/\/dorian-czesci.sklep.pl\/en\/wp-json\/wp\/v2\/media\/103326"}],"wp:attachment":[{"href":"https:\/\/dorian-czesci.sklep.pl\/en\/wp-json\/wp\/v2\/media?parent=103327"}],"wp:term":[{"taxonomy":"product_cat","embeddable":true,"href":"https:\/\/dorian-czesci.sklep.pl\/en\/wp-json\/wp\/v2\/product_cat?post=103327"},{"taxonomy":"product_tag","embeddable":true,"href":"https:\/\/dorian-czesci.sklep.pl\/en\/wp-json\/wp\/v2\/product_tag?post=103327"}],"curies":[{"name":"wp","href":"https:\/\/api.w.org\/{rel}","templated":true}]}}