{"id":104351,"date":"2023-10-27T17:13:16","date_gmt":"2023-10-27T17:13:16","guid":{"rendered":"https:\/\/dorian-czesci.sklep.pl\/product\/kompresor-klimatyzacji-vw-golf-vii-5q0816803f\/"},"modified":"2024-08-05T07:25:07","modified_gmt":"2024-08-05T07:25:07","slug":"kompresor-klimatyzacji-vw-golf-vii-5q0816803f","status":"publish","type":"product","link":"https:\/\/dorian-czesci.sklep.pl\/en\/product\/kompresor-klimatyzacji-vw-golf-vii-5q0816803f\/","title":{"rendered":"KOMPRESOR KLIMATYZACJI VW GOLF VII 5Q0816803F"},"content":{"rendered":"<section class=\"section\">\n<div class=\"item item-12\">\n<section class=\"text-item\">\n<h1>SPR\u0118\u017bARKA KLIMATYZACJI VW GOLF VII<\/h1>\n<h1>5Q0 816 803 F<\/h1>\n<h1>ORIGINAL NEW DENSO COMPRESSOR<\/h1>\n<h1>THE REGULAR PRICE OF THE COMPRESSOR IS PLN 2800<\/h1>\n<h1>THE COMPRESSORS HAVE EXTERNAL RUBBERS, ALUMINUM OXIDATIONS WHICH DO NOT AFFECT THE WORK OF THE COMPRESSOR!<\/h1>\n<h1>EACH COMPRESSOR IS CHECKED ON A PROFESSIONAL MACHINE BEFORE SHIPMENT<\/h1>\n<h1>WE PROVIDE ANNUAL WARRANTY. FOR EVERY COMPRESSOR<\/h1>\n<h1>OLD COMPRESSOR FOR RETURN!<\/h1>\n<\/section>\n<\/div>\n<\/section>","protected":false},"excerpt":{"rendered":"<p>SPR\u0118\u017bARKA KLIMATYZACJI VW GOLF VII 5Q0 816 803 F ORYGINALNA, NOWA SPR\u0118\u017bARKA DENSO REGULARNA CENA KOMPRESORA TO 2800Z\u0141 SPR\u0118\u017bARKI POSIADAJ\u0104 PRZYBRUDZENIA ZEWN\u0118TRZNE, UTLENIENIA ALUMINIUM KT\u00d3RE NIE MAJ\u0104 WP\u0141YWU NA PRAC\u0118 KOMPRESORA! KA\u017bDA SPR\u0118\u017bARKA PRZED WYSY\u0141K\u0104 JEST SPRAWDZANA NA PROFESJONALNEJ MASZYNIE UDZIELAMY ROCZNEJ GWAR. NA KA\u017bDY KOMPRESOR STARA SPR\u0118\u017bARKA DO ZWROTU!<\/p>","protected":false},"featured_media":104350,"comment_status":"open","ping_status":"closed","template":"","meta":{"_uag_custom_page_level_css":""},"product_cat":[141],"product_tag":[],"class_list":["post-104351","product","type-product","status-publish","has-post-thumbnail","hentry","product_cat-kompresory-klimatyzacji-kompresory-klimatyzacji","badges-style-2"],"yoast_head":"<!-- This site is optimized with the Yoast SEO plugin v24.2 - https:\/\/yoast.com\/wordpress\/plugins\/seo\/ -->\n<title>KOMPRESOR KLIMATYZACJI VW GOLF VII 5Q0816803F - Dorian Cz\u0119\u015bci<\/title>\n<meta name=\"robots\" content=\"index, follow, max-snippet:-1, max-image-preview:large, max-video-preview:-1\" \/>\n<link rel=\"canonical\" href=\"https:\/\/dorian-czesci.sklep.pl\/en\/product\/kompresor-klimatyzacji-vw-golf-vii-5q0816803f\/\" \/>\n<meta property=\"og:locale\" content=\"en_US\" \/>\n<meta property=\"og:type\" content=\"article\" \/>\n<meta property=\"og:title\" content=\"KOMPRESOR KLIMATYZACJI VW GOLF VII 5Q0816803F - Dorian Cz\u0119\u015bci\" \/>\n<meta property=\"og:description\" content=\"SPR\u0118\u017bARKA KLIMATYZACJI VW GOLF VII 5Q0 816 803 F ORYGINALNA, NOWA SPR\u0118\u017bARKA DENSO REGULARNA CENA KOMPRESORA TO 2800Z\u0141 SPR\u0118\u017bARKI POSIADAJ\u0104 PRZYBRUDZENIA ZEWN\u0118TRZNE, UTLENIENIA ALUMINIUM KT\u00d3RE NIE MAJ\u0104 WP\u0141YWU NA PRAC\u0118 KOMPRESORA! KA\u017bDA SPR\u0118\u017bARKA PRZED WYSY\u0141K\u0104 JEST SPRAWDZANA NA PROFESJONALNEJ MASZYNIE UDZIELAMY ROCZNEJ GWAR. NA KA\u017bDY KOMPRESOR STARA SPR\u0118\u017bARKA DO ZWROTU!\" \/>\n<meta property=\"og:url\" content=\"https:\/\/dorian-czesci.sklep.pl\/en\/product\/kompresor-klimatyzacji-vw-golf-vii-5q0816803f\/\" \/>\n<meta property=\"og:site_name\" content=\"Dorian Cz\u0119\u015bci\" \/>\n<meta property=\"article:modified_time\" content=\"2024-08-05T07:25:07+00:00\" \/>\n<meta name=\"twitter:card\" content=\"summary_large_image\" \/>\n<script type=\"application\/ld+json\" class=\"yoast-schema-graph\">{\"@context\":\"https:\/\/schema.org\",\"@graph\":[{\"@type\":\"WebPage\",\"@id\":\"https:\/\/dorian-czesci.sklep.pl\/product\/kompresor-klimatyzacji-vw-golf-vii-5q0816803f\/\",\"url\":\"https:\/\/dorian-czesci.sklep.pl\/product\/kompresor-klimatyzacji-vw-golf-vii-5q0816803f\/\",\"name\":\"KOMPRESOR KLIMATYZACJI VW GOLF VII 5Q0816803F - Dorian Cz\u0119\u015bci\",\"isPartOf\":{\"@id\":\"https:\/\/dorian-czesci.sklep.pl\/#website\"},\"primaryImageOfPage\":{\"@id\":\"https:\/\/dorian-czesci.sklep.pl\/product\/kompresor-klimatyzacji-vw-golf-vii-5q0816803f\/#primaryimage\"},\"image\":{\"@id\":\"https:\/\/dorian-czesci.sklep.pl\/product\/kompresor-klimatyzacji-vw-golf-vii-5q0816803f\/#primaryimage\"},\"thumbnailUrl\":\"https:\/\/dorian-czesci.sklep.pl\/wp-content\/uploads\/2023\/10\/53d76f194cecac72a1215e532add.jpg\",\"datePublished\":\"2023-10-27T17:13:16+00:00\",\"dateModified\":\"2024-08-05T07:25:07+00:00\",\"breadcrumb\":{\"@id\":\"https:\/\/dorian-czesci.sklep.pl\/product\/kompresor-klimatyzacji-vw-golf-vii-5q0816803f\/#breadcrumb\"},\"inLanguage\":\"en-US\",\"potentialAction\":[{\"@type\":\"ReadAction\",\"target\":[\"https:\/\/dorian-czesci.sklep.pl\/product\/kompresor-klimatyzacji-vw-golf-vii-5q0816803f\/\"]}]},{\"@type\":\"ImageObject\",\"inLanguage\":\"en-US\",\"@id\":\"https:\/\/dorian-czesci.sklep.pl\/product\/kompresor-klimatyzacji-vw-golf-vii-5q0816803f\/#primaryimage\",\"url\":\"https:\/\/dorian-czesci.sklep.pl\/wp-content\/uploads\/2023\/10\/53d76f194cecac72a1215e532add.jpg\",\"contentUrl\":\"https:\/\/dorian-czesci.sklep.pl\/wp-content\/uploads\/2023\/10\/53d76f194cecac72a1215e532add.jpg\",\"width\":1000,\"height\":667},{\"@type\":\"BreadcrumbList\",\"@id\":\"https:\/\/dorian-czesci.sklep.pl\/product\/kompresor-klimatyzacji-vw-golf-vii-5q0816803f\/#breadcrumb\",\"itemListElement\":[{\"@type\":\"ListItem\",\"position\":1,\"name\":\"Home\",\"item\":\"https:\/\/dorian-czesci.sklep.pl\/\"},{\"@type\":\"ListItem\",\"position\":2,\"name\":\"Shop\",\"item\":\"https:\/\/dorian-czesci.sklep.pl\/shop-2\/\"},{\"@type\":\"ListItem\",\"position\":3,\"name\":\"KOMPRESOR KLIMATYZACJI VW GOLF VII 5Q0816803F\"}]},{\"@type\":\"WebSite\",\"@id\":\"https:\/\/dorian-czesci.sklep.pl\/#website\",\"url\":\"https:\/\/dorian-czesci.sklep.pl\/\",\"name\":\"Dorian Cz\u0119\u015bci\",\"description\":\"Najwi\u0119kszy wyb\u00f3r cz\u0119\u015bci samochodowych\",\"publisher\":{\"@id\":\"https:\/\/dorian-czesci.sklep.pl\/#organization\"},\"potentialAction\":[{\"@type\":\"SearchAction\",\"target\":{\"@type\":\"EntryPoint\",\"urlTemplate\":\"https:\/\/dorian-czesci.sklep.pl\/?s={search_term_string}\"},\"query-input\":{\"@type\":\"PropertyValueSpecification\",\"valueRequired\":true,\"valueName\":\"search_term_string\"}}],\"inLanguage\":\"en-US\"},{\"@type\":\"Organization\",\"@id\":\"https:\/\/dorian-czesci.sklep.pl\/#organization\",\"name\":\"Dorian Cz\u0119\u015bci\",\"url\":\"https:\/\/dorian-czesci.sklep.pl\/\",\"logo\":{\"@type\":\"ImageObject\",\"inLanguage\":\"en-US\",\"@id\":\"https:\/\/dorian-czesci.sklep.pl\/#\/schema\/logo\/image\/\",\"url\":\"https:\/\/dorian-czesci.sklep.pl\/wp-content\/uploads\/2021\/01\/logo1.png\",\"contentUrl\":\"https:\/\/dorian-czesci.sklep.pl\/wp-content\/uploads\/2021\/01\/logo1.png\",\"width\":190,\"height\":114,\"caption\":\"Dorian Cz\u0119\u015bci\"},\"image\":{\"@id\":\"https:\/\/dorian-czesci.sklep.pl\/#\/schema\/logo\/image\/\"}}]}<\/script>\n<!-- \/ Yoast SEO plugin. -->","yoast_head_json":{"title":"KOMPRESOR KLIMATYZACJI VW GOLF VII 5Q0816803F - Dorian Cz\u0119\u015bci","robots":{"index":"index","follow":"follow","max-snippet":"max-snippet:-1","max-image-preview":"max-image-preview:large","max-video-preview":"max-video-preview:-1"},"canonical":"https:\/\/dorian-czesci.sklep.pl\/en\/product\/kompresor-klimatyzacji-vw-golf-vii-5q0816803f\/","og_locale":"en_US","og_type":"article","og_title":"KOMPRESOR KLIMATYZACJI VW GOLF VII 5Q0816803F - Dorian Cz\u0119\u015bci","og_description":"SPR\u0118\u017bARKA KLIMATYZACJI VW GOLF VII 5Q0 816 803 F ORYGINALNA, NOWA SPR\u0118\u017bARKA DENSO REGULARNA CENA KOMPRESORA TO 2800Z\u0141 SPR\u0118\u017bARKI POSIADAJ\u0104 PRZYBRUDZENIA ZEWN\u0118TRZNE, UTLENIENIA ALUMINIUM KT\u00d3RE NIE MAJ\u0104 WP\u0141YWU NA PRAC\u0118 KOMPRESORA! KA\u017bDA SPR\u0118\u017bARKA PRZED WYSY\u0141K\u0104 JEST SPRAWDZANA NA PROFESJONALNEJ MASZYNIE UDZIELAMY ROCZNEJ GWAR. NA KA\u017bDY KOMPRESOR STARA SPR\u0118\u017bARKA DO ZWROTU!","og_url":"https:\/\/dorian-czesci.sklep.pl\/en\/product\/kompresor-klimatyzacji-vw-golf-vii-5q0816803f\/","og_site_name":"Dorian Cz\u0119\u015bci","article_modified_time":"2024-08-05T07:25:07+00:00","twitter_card":"summary_large_image","schema":{"@context":"https:\/\/schema.org","@graph":[{"@type":"WebPage","@id":"https:\/\/dorian-czesci.sklep.pl\/product\/kompresor-klimatyzacji-vw-golf-vii-5q0816803f\/","url":"https:\/\/dorian-czesci.sklep.pl\/product\/kompresor-klimatyzacji-vw-golf-vii-5q0816803f\/","name":"KOMPRESOR KLIMATYZACJI VW GOLF VII 5Q0816803F - Dorian Cz\u0119\u015bci","isPartOf":{"@id":"https:\/\/dorian-czesci.sklep.pl\/#website"},"primaryImageOfPage":{"@id":"https:\/\/dorian-czesci.sklep.pl\/product\/kompresor-klimatyzacji-vw-golf-vii-5q0816803f\/#primaryimage"},"image":{"@id":"https:\/\/dorian-czesci.sklep.pl\/product\/kompresor-klimatyzacji-vw-golf-vii-5q0816803f\/#primaryimage"},"thumbnailUrl":"https:\/\/dorian-czesci.sklep.pl\/wp-content\/uploads\/2023\/10\/53d76f194cecac72a1215e532add.jpg","datePublished":"2023-10-27T17:13:16+00:00","dateModified":"2024-08-05T07:25:07+00:00","breadcrumb":{"@id":"https:\/\/dorian-czesci.sklep.pl\/product\/kompresor-klimatyzacji-vw-golf-vii-5q0816803f\/#breadcrumb"},"inLanguage":"en-US","potentialAction":[{"@type":"ReadAction","target":["https:\/\/dorian-czesci.sklep.pl\/product\/kompresor-klimatyzacji-vw-golf-vii-5q0816803f\/"]}]},{"@type":"ImageObject","inLanguage":"en-US","@id":"https:\/\/dorian-czesci.sklep.pl\/product\/kompresor-klimatyzacji-vw-golf-vii-5q0816803f\/#primaryimage","url":"https:\/\/dorian-czesci.sklep.pl\/wp-content\/uploads\/2023\/10\/53d76f194cecac72a1215e532add.jpg","contentUrl":"https:\/\/dorian-czesci.sklep.pl\/wp-content\/uploads\/2023\/10\/53d76f194cecac72a1215e532add.jpg","width":1000,"height":667},{"@type":"BreadcrumbList","@id":"https:\/\/dorian-czesci.sklep.pl\/product\/kompresor-klimatyzacji-vw-golf-vii-5q0816803f\/#breadcrumb","itemListElement":[{"@type":"ListItem","position":1,"name":"Home","item":"https:\/\/dorian-czesci.sklep.pl\/"},{"@type":"ListItem","position":2,"name":"Shop","item":"https:\/\/dorian-czesci.sklep.pl\/shop-2\/"},{"@type":"ListItem","position":3,"name":"KOMPRESOR KLIMATYZACJI VW GOLF VII 5Q0816803F"}]},{"@type":"WebSite","@id":"https:\/\/dorian-czesci.sklep.pl\/#website","url":"https:\/\/dorian-czesci.sklep.pl\/","name":"Dorian Cz\u0119\u015bci","description":"Najwi\u0119kszy wyb\u00f3r cz\u0119\u015bci samochodowych","publisher":{"@id":"https:\/\/dorian-czesci.sklep.pl\/#organization"},"potentialAction":[{"@type":"SearchAction","target":{"@type":"EntryPoint","urlTemplate":"https:\/\/dorian-czesci.sklep.pl\/?s={search_term_string}"},"query-input":{"@type":"PropertyValueSpecification","valueRequired":true,"valueName":"search_term_string"}}],"inLanguage":"en-US"},{"@type":"Organization","@id":"https:\/\/dorian-czesci.sklep.pl\/#organization","name":"Dorian Cz\u0119\u015bci","url":"https:\/\/dorian-czesci.sklep.pl\/","logo":{"@type":"ImageObject","inLanguage":"en-US","@id":"https:\/\/dorian-czesci.sklep.pl\/#\/schema\/logo\/image\/","url":"https:\/\/dorian-czesci.sklep.pl\/wp-content\/uploads\/2021\/01\/logo1.png","contentUrl":"https:\/\/dorian-czesci.sklep.pl\/wp-content\/uploads\/2021\/01\/logo1.png","width":190,"height":114,"caption":"Dorian Cz\u0119\u015bci"},"image":{"@id":"https:\/\/dorian-czesci.sklep.pl\/#\/schema\/logo\/image\/"}}]}},"uagb_featured_image_src":{"full":["https:\/\/dorian-czesci.sklep.pl\/wp-content\/uploads\/2023\/10\/53d76f194cecac72a1215e532add.jpg",1000,667,false],"thumbnail":["https:\/\/dorian-czesci.sklep.pl\/wp-content\/uploads\/2023\/10\/53d76f194cecac72a1215e532add-150x150.jpg",150,150,true],"medium":["https:\/\/dorian-czesci.sklep.pl\/wp-content\/uploads\/2023\/10\/53d76f194cecac72a1215e532add-300x200.jpg",300,200,true],"medium_large":["https:\/\/dorian-czesci.sklep.pl\/wp-content\/uploads\/2023\/10\/53d76f194cecac72a1215e532add-768x512.jpg",768,512,true],"large":["https:\/\/dorian-czesci.sklep.pl\/wp-content\/uploads\/2023\/10\/53d76f194cecac72a1215e532add.jpg",1000,667,false],"1536x1536":["https:\/\/dorian-czesci.sklep.pl\/wp-content\/uploads\/2023\/10\/53d76f194cecac72a1215e532add.jpg",1000,667,false],"2048x2048":["https:\/\/dorian-czesci.sklep.pl\/wp-content\/uploads\/2023\/10\/53d76f194cecac72a1215e532add.jpg",1000,667,false],"trp-custom-language-flag":["https:\/\/dorian-czesci.sklep.pl\/wp-content\/uploads\/2023\/10\/53d76f194cecac72a1215e532add-16x12.jpg",16,12,true],"chromium-recent-posts-thumb-s":["https:\/\/dorian-czesci.sklep.pl\/wp-content\/uploads\/2023\/10\/53d76f194cecac72a1215e532add-160x190.jpg",160,190,true],"chromium-recent-posts-thumb-m":["https:\/\/dorian-czesci.sklep.pl\/wp-content\/uploads\/2023\/10\/53d76f194cecac72a1215e532add-225x267.jpg",225,267,true],"chromium-recent-posts-thumb-top":["https:\/\/dorian-czesci.sklep.pl\/wp-content\/uploads\/2023\/10\/53d76f194cecac72a1215e532add-384x216.jpg",384,216,true],"chromium-gallery-s":["https:\/\/dorian-czesci.sklep.pl\/wp-content\/uploads\/2023\/10\/53d76f194cecac72a1215e532add-384x216.jpg",384,216,true],"chromium-gallery-m":["https:\/\/dorian-czesci.sklep.pl\/wp-content\/uploads\/2023\/10\/53d76f194cecac72a1215e532add-640x360.jpg",640,360,true],"chromium-gallery-l":["https:\/\/dorian-czesci.sklep.pl\/wp-content\/uploads\/2023\/10\/53d76f194cecac72a1215e532add-1000x576.jpg",1000,576,true],"chromium-grid-blog":["https:\/\/dorian-czesci.sklep.pl\/wp-content\/uploads\/2023\/10\/53d76f194cecac72a1215e532add-350x350.jpg",350,350,true],"chromium-grid-blog-m":["https:\/\/dorian-czesci.sklep.pl\/wp-content\/uploads\/2023\/10\/53d76f194cecac72a1215e532add-600x600.jpg",600,600,true],"post-thumbnail":["https:\/\/dorian-czesci.sklep.pl\/wp-content\/uploads\/2023\/10\/53d76f194cecac72a1215e532add-870x350.jpg",870,350,true],"woocommerce_thumbnail":["https:\/\/dorian-czesci.sklep.pl\/wp-content\/uploads\/2023\/10\/53d76f194cecac72a1215e532add-300x300.jpg",300,300,true],"woocommerce_single":["https:\/\/dorian-czesci.sklep.pl\/wp-content\/uploads\/2023\/10\/53d76f194cecac72a1215e532add-600x400.jpg",600,400,true],"woocommerce_gallery_thumbnail":["https:\/\/dorian-czesci.sklep.pl\/wp-content\/uploads\/2023\/10\/53d76f194cecac72a1215e532add-100x100.jpg",100,100,true],"dgwt-wcas-product-suggestion":["https:\/\/dorian-czesci.sklep.pl\/wp-content\/uploads\/2023\/10\/53d76f194cecac72a1215e532add-64x43.jpg",64,43,true]},"uagb_author_info":{"display_name":"Gregor","author_link":"https:\/\/dorian-czesci.sklep.pl\/en\/author\/"},"uagb_comment_info":0,"uagb_excerpt":"SPR\u0118\u017bARKA KLIMATYZACJI VW GOLF VII 5Q0 816 803 F ORYGINALNA, NOWA SPR\u0118\u017bARKA DENSO REGULARNA CENA KOMPRESORA TO 2800Z\u0141 SPR\u0118\u017bARKI POSIADAJ\u0104 PRZYBRUDZENIA ZEWN\u0118TRZNE, UTLENIENIA ALUMINIUM KT\u00d3RE NIE MAJ\u0104 WP\u0141YWU NA PRAC\u0118 KOMPRESORA! KA\u017bDA SPR\u0118\u017bARKA PRZED WYSY\u0141K\u0104 JEST SPRAWDZANA NA PROFESJONALNEJ MASZYNIE UDZIELAMY ROCZNEJ GWAR. NA KA\u017bDY KOMPRESOR STARA SPR\u0118\u017bARKA DO ZWROTU!","_links":{"self":[{"href":"https:\/\/dorian-czesci.sklep.pl\/en\/wp-json\/wp\/v2\/product\/104351","targetHints":{"allow":["GET"]}}],"collection":[{"href":"https:\/\/dorian-czesci.sklep.pl\/en\/wp-json\/wp\/v2\/product"}],"about":[{"href":"https:\/\/dorian-czesci.sklep.pl\/en\/wp-json\/wp\/v2\/types\/product"}],"replies":[{"embeddable":true,"href":"https:\/\/dorian-czesci.sklep.pl\/en\/wp-json\/wp\/v2\/comments?post=104351"}],"wp:featuredmedia":[{"embeddable":true,"href":"https:\/\/dorian-czesci.sklep.pl\/en\/wp-json\/wp\/v2\/media\/104350"}],"wp:attachment":[{"href":"https:\/\/dorian-czesci.sklep.pl\/en\/wp-json\/wp\/v2\/media?parent=104351"}],"wp:term":[{"taxonomy":"product_cat","embeddable":true,"href":"https:\/\/dorian-czesci.sklep.pl\/en\/wp-json\/wp\/v2\/product_cat?post=104351"},{"taxonomy":"product_tag","embeddable":true,"href":"https:\/\/dorian-czesci.sklep.pl\/en\/wp-json\/wp\/v2\/product_tag?post=104351"}],"curies":[{"name":"wp","href":"https:\/\/api.w.org\/{rel}","templated":true}]}}