{"id":104386,"date":"2023-10-27T17:17:22","date_gmt":"2023-10-27T17:17:22","guid":{"rendered":"https:\/\/dorian-czesci.sklep.pl\/product\/kompresor-klimatyzacji-audi-q7-touareg-7l6820803d\/"},"modified":"2023-10-27T17:17:23","modified_gmt":"2023-10-27T17:17:23","slug":"kompresor-klimatyzacji-audi-q7-touareg-7l6820803d","status":"publish","type":"product","link":"https:\/\/dorian-czesci.sklep.pl\/en\/product\/kompresor-klimatyzacji-audi-q7-touareg-7l6820803d\/","title":{"rendered":"KOMPRESOR KLIMATYZACJI AUDI Q7 TOUAREG 7L6820803D"},"content":{"rendered":"<section class=\"section\">\n<div class=\"item item-12\">\n<section class=\"text-item\">\n<h1>SPR\u0118\u017bARKA KLIMATYZACJI AUDI Q7 TOUAREG<\/h1>\n<h1>7L6 820 803 D<\/h1>\n<h1>WE HAVE A LOT OF EXPERIENCE, WE KNOW WHICH NEWER MODELS FIT<\/h1>\n<h1>ORIGINAL, NON-REGENERATED, FIRST FITTING<\/h1>\n<\/section>\n<\/div>\n<\/section>","protected":false},"excerpt":{"rendered":"<p>SPR\u0118\u017bARKA KLIMATYZACJI AUDI Q7 TOUAREG 7L6 820 803 D POSIADAMY DU\u017bE DO\u015aWIADCZENIE, WIEMY KT\u00d3RE NOWSZE MODELE PASUJ\u0104 ORYGINA\u0141, NIEREGENEROWANY, NA PIERWSZY MONTA\u017b<\/p>","protected":false},"featured_media":104383,"comment_status":"open","ping_status":"closed","template":"","meta":{"_uag_custom_page_level_css":""},"product_cat":[141],"product_tag":[],"class_list":["post-104386","product","type-product","status-publish","has-post-thumbnail","hentry","product_cat-kompresory-klimatyzacji-kompresory-klimatyzacji","badges-style-2"],"yoast_head":"<!-- This site is optimized with the Yoast SEO plugin v24.2 - https:\/\/yoast.com\/wordpress\/plugins\/seo\/ -->\n<title>KOMPRESOR KLIMATYZACJI AUDI Q7 TOUAREG 7L6820803D - Dorian Cz\u0119\u015bci<\/title>\n<meta name=\"robots\" content=\"index, follow, max-snippet:-1, max-image-preview:large, max-video-preview:-1\" \/>\n<link rel=\"canonical\" href=\"https:\/\/dorian-czesci.sklep.pl\/en\/product\/kompresor-klimatyzacji-audi-q7-touareg-7l6820803d\/\" \/>\n<meta property=\"og:locale\" content=\"en_US\" \/>\n<meta property=\"og:type\" content=\"article\" \/>\n<meta property=\"og:title\" content=\"KOMPRESOR KLIMATYZACJI AUDI Q7 TOUAREG 7L6820803D - Dorian Cz\u0119\u015bci\" \/>\n<meta property=\"og:description\" content=\"SPR\u0118\u017bARKA KLIMATYZACJI AUDI Q7 TOUAREG 7L6 820 803 D POSIADAMY DU\u017bE DO\u015aWIADCZENIE, WIEMY KT\u00d3RE NOWSZE MODELE PASUJ\u0104 ORYGINA\u0141, NIEREGENEROWANY, NA PIERWSZY MONTA\u017b\" \/>\n<meta property=\"og:url\" content=\"https:\/\/dorian-czesci.sklep.pl\/en\/product\/kompresor-klimatyzacji-audi-q7-touareg-7l6820803d\/\" \/>\n<meta property=\"og:site_name\" content=\"Dorian Cz\u0119\u015bci\" \/>\n<meta property=\"article:modified_time\" content=\"2023-10-27T17:17:23+00:00\" \/>\n<meta name=\"twitter:card\" content=\"summary_large_image\" \/>\n<script type=\"application\/ld+json\" class=\"yoast-schema-graph\">{\"@context\":\"https:\/\/schema.org\",\"@graph\":[{\"@type\":\"WebPage\",\"@id\":\"https:\/\/dorian-czesci.sklep.pl\/product\/kompresor-klimatyzacji-audi-q7-touareg-7l6820803d\/\",\"url\":\"https:\/\/dorian-czesci.sklep.pl\/product\/kompresor-klimatyzacji-audi-q7-touareg-7l6820803d\/\",\"name\":\"KOMPRESOR KLIMATYZACJI AUDI Q7 TOUAREG 7L6820803D - Dorian Cz\u0119\u015bci\",\"isPartOf\":{\"@id\":\"https:\/\/dorian-czesci.sklep.pl\/#website\"},\"primaryImageOfPage\":{\"@id\":\"https:\/\/dorian-czesci.sklep.pl\/product\/kompresor-klimatyzacji-audi-q7-touareg-7l6820803d\/#primaryimage\"},\"image\":{\"@id\":\"https:\/\/dorian-czesci.sklep.pl\/product\/kompresor-klimatyzacji-audi-q7-touareg-7l6820803d\/#primaryimage\"},\"thumbnailUrl\":\"https:\/\/dorian-czesci.sklep.pl\/wp-content\/uploads\/2023\/10\/38bfdb3b4e9c887a4bf73faf99c8.jpg\",\"datePublished\":\"2023-10-27T17:17:22+00:00\",\"dateModified\":\"2023-10-27T17:17:23+00:00\",\"breadcrumb\":{\"@id\":\"https:\/\/dorian-czesci.sklep.pl\/product\/kompresor-klimatyzacji-audi-q7-touareg-7l6820803d\/#breadcrumb\"},\"inLanguage\":\"en-US\",\"potentialAction\":[{\"@type\":\"ReadAction\",\"target\":[\"https:\/\/dorian-czesci.sklep.pl\/product\/kompresor-klimatyzacji-audi-q7-touareg-7l6820803d\/\"]}]},{\"@type\":\"ImageObject\",\"inLanguage\":\"en-US\",\"@id\":\"https:\/\/dorian-czesci.sklep.pl\/product\/kompresor-klimatyzacji-audi-q7-touareg-7l6820803d\/#primaryimage\",\"url\":\"https:\/\/dorian-czesci.sklep.pl\/wp-content\/uploads\/2023\/10\/38bfdb3b4e9c887a4bf73faf99c8.jpg\",\"contentUrl\":\"https:\/\/dorian-czesci.sklep.pl\/wp-content\/uploads\/2023\/10\/38bfdb3b4e9c887a4bf73faf99c8.jpg\",\"width\":800,\"height\":800},{\"@type\":\"BreadcrumbList\",\"@id\":\"https:\/\/dorian-czesci.sklep.pl\/product\/kompresor-klimatyzacji-audi-q7-touareg-7l6820803d\/#breadcrumb\",\"itemListElement\":[{\"@type\":\"ListItem\",\"position\":1,\"name\":\"Home\",\"item\":\"https:\/\/dorian-czesci.sklep.pl\/\"},{\"@type\":\"ListItem\",\"position\":2,\"name\":\"Shop\",\"item\":\"https:\/\/dorian-czesci.sklep.pl\/shop-2\/\"},{\"@type\":\"ListItem\",\"position\":3,\"name\":\"KOMPRESOR KLIMATYZACJI AUDI Q7 TOUAREG 7L6820803D\"}]},{\"@type\":\"WebSite\",\"@id\":\"https:\/\/dorian-czesci.sklep.pl\/#website\",\"url\":\"https:\/\/dorian-czesci.sklep.pl\/\",\"name\":\"Dorian Cz\u0119\u015bci\",\"description\":\"Najwi\u0119kszy wyb\u00f3r cz\u0119\u015bci samochodowych\",\"publisher\":{\"@id\":\"https:\/\/dorian-czesci.sklep.pl\/#organization\"},\"potentialAction\":[{\"@type\":\"SearchAction\",\"target\":{\"@type\":\"EntryPoint\",\"urlTemplate\":\"https:\/\/dorian-czesci.sklep.pl\/?s={search_term_string}\"},\"query-input\":{\"@type\":\"PropertyValueSpecification\",\"valueRequired\":true,\"valueName\":\"search_term_string\"}}],\"inLanguage\":\"en-US\"},{\"@type\":\"Organization\",\"@id\":\"https:\/\/dorian-czesci.sklep.pl\/#organization\",\"name\":\"Dorian Cz\u0119\u015bci\",\"url\":\"https:\/\/dorian-czesci.sklep.pl\/\",\"logo\":{\"@type\":\"ImageObject\",\"inLanguage\":\"en-US\",\"@id\":\"https:\/\/dorian-czesci.sklep.pl\/#\/schema\/logo\/image\/\",\"url\":\"https:\/\/dorian-czesci.sklep.pl\/wp-content\/uploads\/2021\/01\/logo1.png\",\"contentUrl\":\"https:\/\/dorian-czesci.sklep.pl\/wp-content\/uploads\/2021\/01\/logo1.png\",\"width\":190,\"height\":114,\"caption\":\"Dorian Cz\u0119\u015bci\"},\"image\":{\"@id\":\"https:\/\/dorian-czesci.sklep.pl\/#\/schema\/logo\/image\/\"}}]}<\/script>\n<!-- \/ Yoast SEO plugin. -->","yoast_head_json":{"title":"KOMPRESOR KLIMATYZACJI AUDI Q7 TOUAREG 7L6820803D - Dorian Cz\u0119\u015bci","robots":{"index":"index","follow":"follow","max-snippet":"max-snippet:-1","max-image-preview":"max-image-preview:large","max-video-preview":"max-video-preview:-1"},"canonical":"https:\/\/dorian-czesci.sklep.pl\/en\/product\/kompresor-klimatyzacji-audi-q7-touareg-7l6820803d\/","og_locale":"en_US","og_type":"article","og_title":"KOMPRESOR KLIMATYZACJI AUDI Q7 TOUAREG 7L6820803D - Dorian Cz\u0119\u015bci","og_description":"SPR\u0118\u017bARKA KLIMATYZACJI AUDI Q7 TOUAREG 7L6 820 803 D POSIADAMY DU\u017bE DO\u015aWIADCZENIE, WIEMY KT\u00d3RE NOWSZE MODELE PASUJ\u0104 ORYGINA\u0141, NIEREGENEROWANY, NA PIERWSZY MONTA\u017b","og_url":"https:\/\/dorian-czesci.sklep.pl\/en\/product\/kompresor-klimatyzacji-audi-q7-touareg-7l6820803d\/","og_site_name":"Dorian Cz\u0119\u015bci","article_modified_time":"2023-10-27T17:17:23+00:00","twitter_card":"summary_large_image","schema":{"@context":"https:\/\/schema.org","@graph":[{"@type":"WebPage","@id":"https:\/\/dorian-czesci.sklep.pl\/product\/kompresor-klimatyzacji-audi-q7-touareg-7l6820803d\/","url":"https:\/\/dorian-czesci.sklep.pl\/product\/kompresor-klimatyzacji-audi-q7-touareg-7l6820803d\/","name":"KOMPRESOR KLIMATYZACJI AUDI Q7 TOUAREG 7L6820803D - Dorian Cz\u0119\u015bci","isPartOf":{"@id":"https:\/\/dorian-czesci.sklep.pl\/#website"},"primaryImageOfPage":{"@id":"https:\/\/dorian-czesci.sklep.pl\/product\/kompresor-klimatyzacji-audi-q7-touareg-7l6820803d\/#primaryimage"},"image":{"@id":"https:\/\/dorian-czesci.sklep.pl\/product\/kompresor-klimatyzacji-audi-q7-touareg-7l6820803d\/#primaryimage"},"thumbnailUrl":"https:\/\/dorian-czesci.sklep.pl\/wp-content\/uploads\/2023\/10\/38bfdb3b4e9c887a4bf73faf99c8.jpg","datePublished":"2023-10-27T17:17:22+00:00","dateModified":"2023-10-27T17:17:23+00:00","breadcrumb":{"@id":"https:\/\/dorian-czesci.sklep.pl\/product\/kompresor-klimatyzacji-audi-q7-touareg-7l6820803d\/#breadcrumb"},"inLanguage":"en-US","potentialAction":[{"@type":"ReadAction","target":["https:\/\/dorian-czesci.sklep.pl\/product\/kompresor-klimatyzacji-audi-q7-touareg-7l6820803d\/"]}]},{"@type":"ImageObject","inLanguage":"en-US","@id":"https:\/\/dorian-czesci.sklep.pl\/product\/kompresor-klimatyzacji-audi-q7-touareg-7l6820803d\/#primaryimage","url":"https:\/\/dorian-czesci.sklep.pl\/wp-content\/uploads\/2023\/10\/38bfdb3b4e9c887a4bf73faf99c8.jpg","contentUrl":"https:\/\/dorian-czesci.sklep.pl\/wp-content\/uploads\/2023\/10\/38bfdb3b4e9c887a4bf73faf99c8.jpg","width":800,"height":800},{"@type":"BreadcrumbList","@id":"https:\/\/dorian-czesci.sklep.pl\/product\/kompresor-klimatyzacji-audi-q7-touareg-7l6820803d\/#breadcrumb","itemListElement":[{"@type":"ListItem","position":1,"name":"Home","item":"https:\/\/dorian-czesci.sklep.pl\/"},{"@type":"ListItem","position":2,"name":"Shop","item":"https:\/\/dorian-czesci.sklep.pl\/shop-2\/"},{"@type":"ListItem","position":3,"name":"KOMPRESOR KLIMATYZACJI AUDI Q7 TOUAREG 7L6820803D"}]},{"@type":"WebSite","@id":"https:\/\/dorian-czesci.sklep.pl\/#website","url":"https:\/\/dorian-czesci.sklep.pl\/","name":"Dorian Cz\u0119\u015bci","description":"Najwi\u0119kszy wyb\u00f3r cz\u0119\u015bci samochodowych","publisher":{"@id":"https:\/\/dorian-czesci.sklep.pl\/#organization"},"potentialAction":[{"@type":"SearchAction","target":{"@type":"EntryPoint","urlTemplate":"https:\/\/dorian-czesci.sklep.pl\/?s={search_term_string}"},"query-input":{"@type":"PropertyValueSpecification","valueRequired":true,"valueName":"search_term_string"}}],"inLanguage":"en-US"},{"@type":"Organization","@id":"https:\/\/dorian-czesci.sklep.pl\/#organization","name":"Dorian Cz\u0119\u015bci","url":"https:\/\/dorian-czesci.sklep.pl\/","logo":{"@type":"ImageObject","inLanguage":"en-US","@id":"https:\/\/dorian-czesci.sklep.pl\/#\/schema\/logo\/image\/","url":"https:\/\/dorian-czesci.sklep.pl\/wp-content\/uploads\/2021\/01\/logo1.png","contentUrl":"https:\/\/dorian-czesci.sklep.pl\/wp-content\/uploads\/2021\/01\/logo1.png","width":190,"height":114,"caption":"Dorian Cz\u0119\u015bci"},"image":{"@id":"https:\/\/dorian-czesci.sklep.pl\/#\/schema\/logo\/image\/"}}]}},"uagb_featured_image_src":{"full":["https:\/\/dorian-czesci.sklep.pl\/wp-content\/uploads\/2023\/10\/38bfdb3b4e9c887a4bf73faf99c8.jpg",800,800,false],"thumbnail":["https:\/\/dorian-czesci.sklep.pl\/wp-content\/uploads\/2023\/10\/38bfdb3b4e9c887a4bf73faf99c8-150x150.jpg",150,150,true],"medium":["https:\/\/dorian-czesci.sklep.pl\/wp-content\/uploads\/2023\/10\/38bfdb3b4e9c887a4bf73faf99c8-300x300.jpg",300,300,true],"medium_large":["https:\/\/dorian-czesci.sklep.pl\/wp-content\/uploads\/2023\/10\/38bfdb3b4e9c887a4bf73faf99c8-768x768.jpg",768,768,true],"large":["https:\/\/dorian-czesci.sklep.pl\/wp-content\/uploads\/2023\/10\/38bfdb3b4e9c887a4bf73faf99c8.jpg",800,800,false],"1536x1536":["https:\/\/dorian-czesci.sklep.pl\/wp-content\/uploads\/2023\/10\/38bfdb3b4e9c887a4bf73faf99c8.jpg",800,800,false],"2048x2048":["https:\/\/dorian-czesci.sklep.pl\/wp-content\/uploads\/2023\/10\/38bfdb3b4e9c887a4bf73faf99c8.jpg",800,800,false],"trp-custom-language-flag":["https:\/\/dorian-czesci.sklep.pl\/wp-content\/uploads\/2023\/10\/38bfdb3b4e9c887a4bf73faf99c8-12x12.jpg",12,12,true],"chromium-recent-posts-thumb-s":["https:\/\/dorian-czesci.sklep.pl\/wp-content\/uploads\/2023\/10\/38bfdb3b4e9c887a4bf73faf99c8-160x190.jpg",160,190,true],"chromium-recent-posts-thumb-m":["https:\/\/dorian-czesci.sklep.pl\/wp-content\/uploads\/2023\/10\/38bfdb3b4e9c887a4bf73faf99c8-225x267.jpg",225,267,true],"chromium-recent-posts-thumb-top":["https:\/\/dorian-czesci.sklep.pl\/wp-content\/uploads\/2023\/10\/38bfdb3b4e9c887a4bf73faf99c8-384x216.jpg",384,216,true],"chromium-gallery-s":["https:\/\/dorian-czesci.sklep.pl\/wp-content\/uploads\/2023\/10\/38bfdb3b4e9c887a4bf73faf99c8-384x216.jpg",384,216,true],"chromium-gallery-m":["https:\/\/dorian-czesci.sklep.pl\/wp-content\/uploads\/2023\/10\/38bfdb3b4e9c887a4bf73faf99c8-640x360.jpg",640,360,true],"chromium-gallery-l":["https:\/\/dorian-czesci.sklep.pl\/wp-content\/uploads\/2023\/10\/38bfdb3b4e9c887a4bf73faf99c8-800x576.jpg",800,576,true],"chromium-grid-blog":["https:\/\/dorian-czesci.sklep.pl\/wp-content\/uploads\/2023\/10\/38bfdb3b4e9c887a4bf73faf99c8-350x350.jpg",350,350,true],"chromium-grid-blog-m":["https:\/\/dorian-czesci.sklep.pl\/wp-content\/uploads\/2023\/10\/38bfdb3b4e9c887a4bf73faf99c8-600x600.jpg",600,600,true],"post-thumbnail":["https:\/\/dorian-czesci.sklep.pl\/wp-content\/uploads\/2023\/10\/38bfdb3b4e9c887a4bf73faf99c8-800x350.jpg",800,350,true],"woocommerce_thumbnail":["https:\/\/dorian-czesci.sklep.pl\/wp-content\/uploads\/2023\/10\/38bfdb3b4e9c887a4bf73faf99c8-300x300.jpg",300,300,true],"woocommerce_single":["https:\/\/dorian-czesci.sklep.pl\/wp-content\/uploads\/2023\/10\/38bfdb3b4e9c887a4bf73faf99c8-600x600.jpg",600,600,true],"woocommerce_gallery_thumbnail":["https:\/\/dorian-czesci.sklep.pl\/wp-content\/uploads\/2023\/10\/38bfdb3b4e9c887a4bf73faf99c8-100x100.jpg",100,100,true],"dgwt-wcas-product-suggestion":["https:\/\/dorian-czesci.sklep.pl\/wp-content\/uploads\/2023\/10\/38bfdb3b4e9c887a4bf73faf99c8-64x64.jpg",64,64,true]},"uagb_author_info":{"display_name":"Gregor","author_link":"https:\/\/dorian-czesci.sklep.pl\/en\/author\/"},"uagb_comment_info":0,"uagb_excerpt":"SPR\u0118\u017bARKA KLIMATYZACJI AUDI Q7 TOUAREG 7L6 820 803 D POSIADAMY DU\u017bE DO\u015aWIADCZENIE, WIEMY KT\u00d3RE NOWSZE MODELE PASUJ\u0104 ORYGINA\u0141, NIEREGENEROWANY, NA PIERWSZY MONTA\u017b","_links":{"self":[{"href":"https:\/\/dorian-czesci.sklep.pl\/en\/wp-json\/wp\/v2\/product\/104386","targetHints":{"allow":["GET"]}}],"collection":[{"href":"https:\/\/dorian-czesci.sklep.pl\/en\/wp-json\/wp\/v2\/product"}],"about":[{"href":"https:\/\/dorian-czesci.sklep.pl\/en\/wp-json\/wp\/v2\/types\/product"}],"replies":[{"embeddable":true,"href":"https:\/\/dorian-czesci.sklep.pl\/en\/wp-json\/wp\/v2\/comments?post=104386"}],"wp:featuredmedia":[{"embeddable":true,"href":"https:\/\/dorian-czesci.sklep.pl\/en\/wp-json\/wp\/v2\/media\/104383"}],"wp:attachment":[{"href":"https:\/\/dorian-czesci.sklep.pl\/en\/wp-json\/wp\/v2\/media?parent=104386"}],"wp:term":[{"taxonomy":"product_cat","embeddable":true,"href":"https:\/\/dorian-czesci.sklep.pl\/en\/wp-json\/wp\/v2\/product_cat?post=104386"},{"taxonomy":"product_tag","embeddable":true,"href":"https:\/\/dorian-czesci.sklep.pl\/en\/wp-json\/wp\/v2\/product_tag?post=104386"}],"curies":[{"name":"wp","href":"https:\/\/api.w.org\/{rel}","templated":true}]}}