{"id":104455,"date":"2023-10-27T17:19:11","date_gmt":"2023-10-27T17:19:11","guid":{"rendered":"https:\/\/dorian-czesci.sklep.pl\/product\/kompresor-klimatyzacji-mercedes-a0012303211\/"},"modified":"2023-10-27T17:19:11","modified_gmt":"2023-10-27T17:19:11","slug":"kompresor-klimatyzacji-mercedes-a0012303211","status":"publish","type":"product","link":"https:\/\/dorian-czesci.sklep.pl\/en\/product\/kompresor-klimatyzacji-mercedes-a0012303211\/","title":{"rendered":"KOMPRESOR KLIMATYZACJI MERCEDES A0012303211"},"content":{"rendered":"<section class=\"section\">\n<div class=\"item item-12\">\n<section class=\"text-item\">\n<h1>AIR CONDITIONING COMPRESSOR<\/h1>\n<h1>MERCEDES BENZ<\/h1>\n<h1>A0012303211<\/h1>\n<h1>550633, 2306511 A0012308611 A0012303211 A0002309011, A0002308611 A0002306511 8FK351316291, 510256 510142 4472209151, 4472208224 4472208222 4472208221, 4471908343 4471903377 4471804154, 4471804150 4471708341 4471708340, 4471707004 550633 2308611, 2309011 12303211 12308611, A0022303411 A0022305011<\/h1>\n<h1>WHEN PURCHASING, WE WILL RECEIVE AN OLD COMPRESSOR<\/h1>\n<h1>WE HAVE A VERY EXPERIENCE IN AIR CONDITIONING COMPRESSORS AND WE KNOW WHICH<\/h1>\n<h1>MODELS OF THE NEWER COMPRESSORS FIT FOR THE OLDER TYPE OF CARS.<\/h1>\n<\/section>\n<\/div>\n<\/section>","protected":false},"excerpt":{"rendered":"<p>SPR\u0118\u017bARKA KLIMATYZACJI MERCEDES BENZ A0012303211 550633, 2306511 A0012308611 A0012303211 A0002309011, A0002308611 A0002306511 8FK351316291, 510256 510142 4472209151, 4472208224 4472208222 4472208221, 4471908343 4471903377 4471804154, 4471804150 4471708341 4471708340, 4471707004 550633 2308611, 2309011 12303211 12308611, A0022303411 A0022305011 PRZY ZAKUPIE ODBIERAMY STARY KOMPRESOR MAMY BARDZO DU\u017bE DO\u015aWIADCZENIE W SPR\u0118\u017bARKACH KLIMATYZACJI I WIEMY, KT\u00d3RE MODELE NOWSZYCH SPR\u0118\u017bAREK PASUJ\u0104 DO STARSZEGO TYPU<br \/><a class=\"more-link\" href=\"https:\/\/dorian-czesci.sklep.pl\/en\/product\/kompresor-klimatyzacji-mercedes-a0012303211\/\"><br \/>\n        Read More<span class=\"screen-reader-text\"> &#8222;KOMPRESOR KLIMATYZACJI MERCEDES A0012303211&#8221;<\/span><\/a><\/p>","protected":false},"featured_media":104454,"comment_status":"open","ping_status":"closed","template":"","meta":{"_uag_custom_page_level_css":""},"product_cat":[141],"product_tag":[],"class_list":["post-104455","product","type-product","status-publish","has-post-thumbnail","hentry","product_cat-kompresory-klimatyzacji-kompresory-klimatyzacji","badges-style-2"],"yoast_head":"<!-- This site is optimized with the Yoast SEO plugin v24.2 - https:\/\/yoast.com\/wordpress\/plugins\/seo\/ -->\n<title>KOMPRESOR KLIMATYZACJI MERCEDES A0012303211 - Dorian Cz\u0119\u015bci<\/title>\n<meta name=\"robots\" content=\"index, follow, max-snippet:-1, max-image-preview:large, max-video-preview:-1\" \/>\n<link rel=\"canonical\" href=\"https:\/\/dorian-czesci.sklep.pl\/en\/product\/kompresor-klimatyzacji-mercedes-a0012303211\/\" \/>\n<meta property=\"og:locale\" content=\"en_US\" \/>\n<meta property=\"og:type\" content=\"article\" \/>\n<meta property=\"og:title\" content=\"KOMPRESOR KLIMATYZACJI MERCEDES A0012303211 - Dorian Cz\u0119\u015bci\" \/>\n<meta property=\"og:description\" content=\"SPR\u0118\u017bARKA KLIMATYZACJI MERCEDES BENZ A0012303211 550633, 2306511 A0012308611 A0012303211 A0002309011, A0002308611 A0002306511 8FK351316291, 510256 510142 4472209151, 4472208224 4472208222 4472208221, 4471908343 4471903377 4471804154, 4471804150 4471708341 4471708340, 4471707004 550633 2308611, 2309011 12303211 12308611, A0022303411 A0022305011 PRZY ZAKUPIE ODBIERAMY STARY KOMPRESOR MAMY BARDZO DU\u017bE DO\u015aWIADCZENIE W SPR\u0118\u017bARKACH KLIMATYZACJI I WIEMY, KT\u00d3RE MODELE NOWSZYCH SPR\u0118\u017bAREK PASUJ\u0104 DO STARSZEGO TYPU     Read More &quot;KOMPRESOR KLIMATYZACJI MERCEDES A0012303211&quot;\" \/>\n<meta property=\"og:url\" content=\"https:\/\/dorian-czesci.sklep.pl\/en\/product\/kompresor-klimatyzacji-mercedes-a0012303211\/\" \/>\n<meta property=\"og:site_name\" content=\"Dorian Cz\u0119\u015bci\" \/>\n<meta name=\"twitter:card\" content=\"summary_large_image\" \/>\n<script type=\"application\/ld+json\" class=\"yoast-schema-graph\">{\"@context\":\"https:\/\/schema.org\",\"@graph\":[{\"@type\":\"WebPage\",\"@id\":\"https:\/\/dorian-czesci.sklep.pl\/product\/kompresor-klimatyzacji-mercedes-a0012303211\/\",\"url\":\"https:\/\/dorian-czesci.sklep.pl\/product\/kompresor-klimatyzacji-mercedes-a0012303211\/\",\"name\":\"KOMPRESOR KLIMATYZACJI MERCEDES A0012303211 - Dorian Cz\u0119\u015bci\",\"isPartOf\":{\"@id\":\"https:\/\/dorian-czesci.sklep.pl\/#website\"},\"primaryImageOfPage\":{\"@id\":\"https:\/\/dorian-czesci.sklep.pl\/product\/kompresor-klimatyzacji-mercedes-a0012303211\/#primaryimage\"},\"image\":{\"@id\":\"https:\/\/dorian-czesci.sklep.pl\/product\/kompresor-klimatyzacji-mercedes-a0012303211\/#primaryimage\"},\"thumbnailUrl\":\"https:\/\/dorian-czesci.sklep.pl\/wp-content\/uploads\/2023\/10\/9ed272794f449fb87ad296020b53-2.jpg\",\"datePublished\":\"2023-10-27T17:19:11+00:00\",\"dateModified\":\"2023-10-27T17:19:11+00:00\",\"breadcrumb\":{\"@id\":\"https:\/\/dorian-czesci.sklep.pl\/product\/kompresor-klimatyzacji-mercedes-a0012303211\/#breadcrumb\"},\"inLanguage\":\"en-US\",\"potentialAction\":[{\"@type\":\"ReadAction\",\"target\":[\"https:\/\/dorian-czesci.sklep.pl\/product\/kompresor-klimatyzacji-mercedes-a0012303211\/\"]}]},{\"@type\":\"ImageObject\",\"inLanguage\":\"en-US\",\"@id\":\"https:\/\/dorian-czesci.sklep.pl\/product\/kompresor-klimatyzacji-mercedes-a0012303211\/#primaryimage\",\"url\":\"https:\/\/dorian-czesci.sklep.pl\/wp-content\/uploads\/2023\/10\/9ed272794f449fb87ad296020b53-2.jpg\",\"contentUrl\":\"https:\/\/dorian-czesci.sklep.pl\/wp-content\/uploads\/2023\/10\/9ed272794f449fb87ad296020b53-2.jpg\",\"width\":600,\"height\":400},{\"@type\":\"BreadcrumbList\",\"@id\":\"https:\/\/dorian-czesci.sklep.pl\/product\/kompresor-klimatyzacji-mercedes-a0012303211\/#breadcrumb\",\"itemListElement\":[{\"@type\":\"ListItem\",\"position\":1,\"name\":\"Home\",\"item\":\"https:\/\/dorian-czesci.sklep.pl\/\"},{\"@type\":\"ListItem\",\"position\":2,\"name\":\"Shop\",\"item\":\"https:\/\/dorian-czesci.sklep.pl\/shop-2\/\"},{\"@type\":\"ListItem\",\"position\":3,\"name\":\"KOMPRESOR KLIMATYZACJI MERCEDES A0012303211\"}]},{\"@type\":\"WebSite\",\"@id\":\"https:\/\/dorian-czesci.sklep.pl\/#website\",\"url\":\"https:\/\/dorian-czesci.sklep.pl\/\",\"name\":\"Dorian Cz\u0119\u015bci\",\"description\":\"Najwi\u0119kszy wyb\u00f3r cz\u0119\u015bci samochodowych\",\"publisher\":{\"@id\":\"https:\/\/dorian-czesci.sklep.pl\/#organization\"},\"potentialAction\":[{\"@type\":\"SearchAction\",\"target\":{\"@type\":\"EntryPoint\",\"urlTemplate\":\"https:\/\/dorian-czesci.sklep.pl\/?s={search_term_string}\"},\"query-input\":{\"@type\":\"PropertyValueSpecification\",\"valueRequired\":true,\"valueName\":\"search_term_string\"}}],\"inLanguage\":\"en-US\"},{\"@type\":\"Organization\",\"@id\":\"https:\/\/dorian-czesci.sklep.pl\/#organization\",\"name\":\"Dorian Cz\u0119\u015bci\",\"url\":\"https:\/\/dorian-czesci.sklep.pl\/\",\"logo\":{\"@type\":\"ImageObject\",\"inLanguage\":\"en-US\",\"@id\":\"https:\/\/dorian-czesci.sklep.pl\/#\/schema\/logo\/image\/\",\"url\":\"https:\/\/dorian-czesci.sklep.pl\/wp-content\/uploads\/2021\/01\/logo1.png\",\"contentUrl\":\"https:\/\/dorian-czesci.sklep.pl\/wp-content\/uploads\/2021\/01\/logo1.png\",\"width\":190,\"height\":114,\"caption\":\"Dorian Cz\u0119\u015bci\"},\"image\":{\"@id\":\"https:\/\/dorian-czesci.sklep.pl\/#\/schema\/logo\/image\/\"}}]}<\/script>\n<!-- \/ Yoast SEO plugin. -->","yoast_head_json":{"title":"KOMPRESOR KLIMATYZACJI MERCEDES A0012303211 - Dorian Cz\u0119\u015bci","robots":{"index":"index","follow":"follow","max-snippet":"max-snippet:-1","max-image-preview":"max-image-preview:large","max-video-preview":"max-video-preview:-1"},"canonical":"https:\/\/dorian-czesci.sklep.pl\/en\/product\/kompresor-klimatyzacji-mercedes-a0012303211\/","og_locale":"en_US","og_type":"article","og_title":"KOMPRESOR KLIMATYZACJI MERCEDES A0012303211 - Dorian Cz\u0119\u015bci","og_description":"SPR\u0118\u017bARKA KLIMATYZACJI MERCEDES BENZ A0012303211 550633, 2306511 A0012308611 A0012303211 A0002309011, A0002308611 A0002306511 8FK351316291, 510256 510142 4472209151, 4472208224 4472208222 4472208221, 4471908343 4471903377 4471804154, 4471804150 4471708341 4471708340, 4471707004 550633 2308611, 2309011 12303211 12308611, A0022303411 A0022305011 PRZY ZAKUPIE ODBIERAMY STARY KOMPRESOR MAMY BARDZO DU\u017bE DO\u015aWIADCZENIE W SPR\u0118\u017bARKACH KLIMATYZACJI I WIEMY, KT\u00d3RE MODELE NOWSZYCH SPR\u0118\u017bAREK PASUJ\u0104 DO STARSZEGO TYPU     Read More \"KOMPRESOR KLIMATYZACJI MERCEDES A0012303211\"","og_url":"https:\/\/dorian-czesci.sklep.pl\/en\/product\/kompresor-klimatyzacji-mercedes-a0012303211\/","og_site_name":"Dorian Cz\u0119\u015bci","twitter_card":"summary_large_image","schema":{"@context":"https:\/\/schema.org","@graph":[{"@type":"WebPage","@id":"https:\/\/dorian-czesci.sklep.pl\/product\/kompresor-klimatyzacji-mercedes-a0012303211\/","url":"https:\/\/dorian-czesci.sklep.pl\/product\/kompresor-klimatyzacji-mercedes-a0012303211\/","name":"KOMPRESOR KLIMATYZACJI MERCEDES A0012303211 - Dorian Cz\u0119\u015bci","isPartOf":{"@id":"https:\/\/dorian-czesci.sklep.pl\/#website"},"primaryImageOfPage":{"@id":"https:\/\/dorian-czesci.sklep.pl\/product\/kompresor-klimatyzacji-mercedes-a0012303211\/#primaryimage"},"image":{"@id":"https:\/\/dorian-czesci.sklep.pl\/product\/kompresor-klimatyzacji-mercedes-a0012303211\/#primaryimage"},"thumbnailUrl":"https:\/\/dorian-czesci.sklep.pl\/wp-content\/uploads\/2023\/10\/9ed272794f449fb87ad296020b53-2.jpg","datePublished":"2023-10-27T17:19:11+00:00","dateModified":"2023-10-27T17:19:11+00:00","breadcrumb":{"@id":"https:\/\/dorian-czesci.sklep.pl\/product\/kompresor-klimatyzacji-mercedes-a0012303211\/#breadcrumb"},"inLanguage":"en-US","potentialAction":[{"@type":"ReadAction","target":["https:\/\/dorian-czesci.sklep.pl\/product\/kompresor-klimatyzacji-mercedes-a0012303211\/"]}]},{"@type":"ImageObject","inLanguage":"en-US","@id":"https:\/\/dorian-czesci.sklep.pl\/product\/kompresor-klimatyzacji-mercedes-a0012303211\/#primaryimage","url":"https:\/\/dorian-czesci.sklep.pl\/wp-content\/uploads\/2023\/10\/9ed272794f449fb87ad296020b53-2.jpg","contentUrl":"https:\/\/dorian-czesci.sklep.pl\/wp-content\/uploads\/2023\/10\/9ed272794f449fb87ad296020b53-2.jpg","width":600,"height":400},{"@type":"BreadcrumbList","@id":"https:\/\/dorian-czesci.sklep.pl\/product\/kompresor-klimatyzacji-mercedes-a0012303211\/#breadcrumb","itemListElement":[{"@type":"ListItem","position":1,"name":"Home","item":"https:\/\/dorian-czesci.sklep.pl\/"},{"@type":"ListItem","position":2,"name":"Shop","item":"https:\/\/dorian-czesci.sklep.pl\/shop-2\/"},{"@type":"ListItem","position":3,"name":"KOMPRESOR KLIMATYZACJI MERCEDES A0012303211"}]},{"@type":"WebSite","@id":"https:\/\/dorian-czesci.sklep.pl\/#website","url":"https:\/\/dorian-czesci.sklep.pl\/","name":"Dorian Cz\u0119\u015bci","description":"Najwi\u0119kszy wyb\u00f3r cz\u0119\u015bci samochodowych","publisher":{"@id":"https:\/\/dorian-czesci.sklep.pl\/#organization"},"potentialAction":[{"@type":"SearchAction","target":{"@type":"EntryPoint","urlTemplate":"https:\/\/dorian-czesci.sklep.pl\/?s={search_term_string}"},"query-input":{"@type":"PropertyValueSpecification","valueRequired":true,"valueName":"search_term_string"}}],"inLanguage":"en-US"},{"@type":"Organization","@id":"https:\/\/dorian-czesci.sklep.pl\/#organization","name":"Dorian Cz\u0119\u015bci","url":"https:\/\/dorian-czesci.sklep.pl\/","logo":{"@type":"ImageObject","inLanguage":"en-US","@id":"https:\/\/dorian-czesci.sklep.pl\/#\/schema\/logo\/image\/","url":"https:\/\/dorian-czesci.sklep.pl\/wp-content\/uploads\/2021\/01\/logo1.png","contentUrl":"https:\/\/dorian-czesci.sklep.pl\/wp-content\/uploads\/2021\/01\/logo1.png","width":190,"height":114,"caption":"Dorian Cz\u0119\u015bci"},"image":{"@id":"https:\/\/dorian-czesci.sklep.pl\/#\/schema\/logo\/image\/"}}]}},"uagb_featured_image_src":{"full":["https:\/\/dorian-czesci.sklep.pl\/wp-content\/uploads\/2023\/10\/9ed272794f449fb87ad296020b53-2.jpg",600,400,false],"thumbnail":["https:\/\/dorian-czesci.sklep.pl\/wp-content\/uploads\/2023\/10\/9ed272794f449fb87ad296020b53-2-150x150.jpg",150,150,true],"medium":["https:\/\/dorian-czesci.sklep.pl\/wp-content\/uploads\/2023\/10\/9ed272794f449fb87ad296020b53-2-300x200.jpg",300,200,true],"medium_large":["https:\/\/dorian-czesci.sklep.pl\/wp-content\/uploads\/2023\/10\/9ed272794f449fb87ad296020b53-2.jpg",600,400,false],"large":["https:\/\/dorian-czesci.sklep.pl\/wp-content\/uploads\/2023\/10\/9ed272794f449fb87ad296020b53-2.jpg",600,400,false],"1536x1536":["https:\/\/dorian-czesci.sklep.pl\/wp-content\/uploads\/2023\/10\/9ed272794f449fb87ad296020b53-2.jpg",600,400,false],"2048x2048":["https:\/\/dorian-czesci.sklep.pl\/wp-content\/uploads\/2023\/10\/9ed272794f449fb87ad296020b53-2.jpg",600,400,false],"trp-custom-language-flag":["https:\/\/dorian-czesci.sklep.pl\/wp-content\/uploads\/2023\/10\/9ed272794f449fb87ad296020b53-2-16x12.jpg",16,12,true],"chromium-recent-posts-thumb-s":["https:\/\/dorian-czesci.sklep.pl\/wp-content\/uploads\/2023\/10\/9ed272794f449fb87ad296020b53-2-160x190.jpg",160,190,true],"chromium-recent-posts-thumb-m":["https:\/\/dorian-czesci.sklep.pl\/wp-content\/uploads\/2023\/10\/9ed272794f449fb87ad296020b53-2-225x267.jpg",225,267,true],"chromium-recent-posts-thumb-top":["https:\/\/dorian-czesci.sklep.pl\/wp-content\/uploads\/2023\/10\/9ed272794f449fb87ad296020b53-2-384x216.jpg",384,216,true],"chromium-gallery-s":["https:\/\/dorian-czesci.sklep.pl\/wp-content\/uploads\/2023\/10\/9ed272794f449fb87ad296020b53-2-384x216.jpg",384,216,true],"chromium-gallery-m":["https:\/\/dorian-czesci.sklep.pl\/wp-content\/uploads\/2023\/10\/9ed272794f449fb87ad296020b53-2-600x360.jpg",600,360,true],"chromium-gallery-l":["https:\/\/dorian-czesci.sklep.pl\/wp-content\/uploads\/2023\/10\/9ed272794f449fb87ad296020b53-2.jpg",600,400,false],"chromium-grid-blog":["https:\/\/dorian-czesci.sklep.pl\/wp-content\/uploads\/2023\/10\/9ed272794f449fb87ad296020b53-2-350x350.jpg",350,350,true],"chromium-grid-blog-m":["https:\/\/dorian-czesci.sklep.pl\/wp-content\/uploads\/2023\/10\/9ed272794f449fb87ad296020b53-2.jpg",600,400,false],"post-thumbnail":["https:\/\/dorian-czesci.sklep.pl\/wp-content\/uploads\/2023\/10\/9ed272794f449fb87ad296020b53-2-600x350.jpg",600,350,true],"woocommerce_thumbnail":["https:\/\/dorian-czesci.sklep.pl\/wp-content\/uploads\/2023\/10\/9ed272794f449fb87ad296020b53-2-300x300.jpg",300,300,true],"woocommerce_single":["https:\/\/dorian-czesci.sklep.pl\/wp-content\/uploads\/2023\/10\/9ed272794f449fb87ad296020b53-2.jpg",600,400,false],"woocommerce_gallery_thumbnail":["https:\/\/dorian-czesci.sklep.pl\/wp-content\/uploads\/2023\/10\/9ed272794f449fb87ad296020b53-2-100x100.jpg",100,100,true],"dgwt-wcas-product-suggestion":["https:\/\/dorian-czesci.sklep.pl\/wp-content\/uploads\/2023\/10\/9ed272794f449fb87ad296020b53-2-64x43.jpg",64,43,true]},"uagb_author_info":{"display_name":"Gregor","author_link":"https:\/\/dorian-czesci.sklep.pl\/en\/author\/"},"uagb_comment_info":0,"uagb_excerpt":"SPR\u0118\u017bARKA KLIMATYZACJI MERCEDES BENZ A0012303211 550633, 2306511 A0012308611 A0012303211 A0002309011, A0002308611 A0002306511 8FK351316291, 510256 510142 4472209151, 4472208224 4472208222 4472208221, 4471908343 4471903377 4471804154, 4471804150 4471708341 4471708340, 4471707004 550633 2308611, 2309011 12303211 12308611, A0022303411 A0022305011 PRZY ZAKUPIE ODBIERAMY STARY KOMPRESOR MAMY BARDZO DU\u017bE DO\u015aWIADCZENIE W SPR\u0118\u017bARKACH KLIMATYZACJI I WIEMY, KT\u00d3RE MODELE NOWSZYCH SPR\u0118\u017bAREK PASUJ\u0104 DO STARSZEGO TYPU&hellip;","_links":{"self":[{"href":"https:\/\/dorian-czesci.sklep.pl\/en\/wp-json\/wp\/v2\/product\/104455","targetHints":{"allow":["GET"]}}],"collection":[{"href":"https:\/\/dorian-czesci.sklep.pl\/en\/wp-json\/wp\/v2\/product"}],"about":[{"href":"https:\/\/dorian-czesci.sklep.pl\/en\/wp-json\/wp\/v2\/types\/product"}],"replies":[{"embeddable":true,"href":"https:\/\/dorian-czesci.sklep.pl\/en\/wp-json\/wp\/v2\/comments?post=104455"}],"wp:featuredmedia":[{"embeddable":true,"href":"https:\/\/dorian-czesci.sklep.pl\/en\/wp-json\/wp\/v2\/media\/104454"}],"wp:attachment":[{"href":"https:\/\/dorian-czesci.sklep.pl\/en\/wp-json\/wp\/v2\/media?parent=104455"}],"wp:term":[{"taxonomy":"product_cat","embeddable":true,"href":"https:\/\/dorian-czesci.sklep.pl\/en\/wp-json\/wp\/v2\/product_cat?post=104455"},{"taxonomy":"product_tag","embeddable":true,"href":"https:\/\/dorian-czesci.sklep.pl\/en\/wp-json\/wp\/v2\/product_tag?post=104455"}],"curies":[{"name":"wp","href":"https:\/\/api.w.org\/{rel}","templated":true}]}}