{"id":109714,"date":"2023-10-28T12:54:34","date_gmt":"2023-10-28T12:54:34","guid":{"rendered":"https:\/\/dorian-czesci.sklep.pl\/product\/szklo-wklad-lusterka-vw-sharan-ii-tiguan-5n0857522\/"},"modified":"2023-10-28T12:54:35","modified_gmt":"2023-10-28T12:54:35","slug":"szklo-wklad-lusterka-vw-sharan-ii-tiguan-5n0857522","status":"publish","type":"product","link":"https:\/\/dorian-czesci.sklep.pl\/en\/product\/szklo-wklad-lusterka-vw-sharan-ii-tiguan-5n0857522\/","title":{"rendered":"GLASS MIRROR VW SHARAN II TIGUAN 5N0857522"},"content":{"rendered":"<section class=\"section\">\n<div class=\"item item-12\">\n<section class=\"text-item\">\n<h1>SZK\u0141O WK\u0141AD LUSTERKA VW SHARAN II \/ TIGUAN 5N0857522<\/h1>\n<h1>(WYPUK\u0141E) Z P\u0141YT\u0104 NO\u015aN\u0104<\/h1>\n<h1>STRONA PRAWA &#8211; OD PASA\u017bERA<\/h1>\n<h1>SEAT<\/h1>\n<ul>\n<li>ALHAMBRA 7N 11-<\/li>\n<\/ul>\n<h1>SKODA<\/h1>\n<ul>\n<li>YETI 10-<\/li>\n<\/ul>\n<h1>VW<\/h1>\n<ul>\n<li>SHARAN II 11-<\/li>\n<li>TIGUAN 08-<\/li>\n<\/ul>\n<h1>GIVEN PRICE PER PIECE<\/h1>\n<h1>CONDITION SHOWN ON THE PICTURES, NORMAL USAGE<\/h1>\n<\/section>\n<\/div>\n<\/section>","protected":false},"excerpt":{"rendered":"<p>SZK\u0141O WK\u0141AD LUSTERKA VW SHARAN II \/ TIGUAN 5N0857522 (WYPUK\u0141E) Z P\u0141YT\u0104 NO\u015aN\u0104 STRONA PRAWA &#8211; OD PASA\u017bERA SEAT ALHAMBRA 7N 11- SKODA YETI 10- VW SHARAN II 11- TIGUAN 08- PODANA CENA ZA SZTUK\u0118 STAN WIDOCZNY NA ZDJ\u0118CIACH, NORMALNE \u015aLADY U\u017bYTKOWANIA<\/p>","protected":false},"featured_media":109711,"comment_status":"open","ping_status":"closed","template":"","meta":{"_uag_custom_page_level_css":""},"product_cat":[15],"product_tag":[],"class_list":["post-109714","product","type-product","status-publish","has-post-thumbnail","hentry","product_cat-bez-kategorii","badges-style-2"],"yoast_head":"<!-- This site is optimized with the Yoast SEO plugin v24.2 - https:\/\/yoast.com\/wordpress\/plugins\/seo\/ -->\n<title>SZK\u0141O WK\u0141AD LUSTERKA VW SHARAN II TIGUAN 5N0857522 - Dorian Cz\u0119\u015bci<\/title>\n<meta name=\"robots\" content=\"index, follow, max-snippet:-1, max-image-preview:large, max-video-preview:-1\" \/>\n<link rel=\"canonical\" href=\"https:\/\/dorian-czesci.sklep.pl\/en\/product\/szklo-wklad-lusterka-vw-sharan-ii-tiguan-5n0857522\/\" \/>\n<meta property=\"og:locale\" content=\"en_US\" \/>\n<meta property=\"og:type\" content=\"article\" \/>\n<meta property=\"og:title\" content=\"SZK\u0141O WK\u0141AD LUSTERKA VW SHARAN II TIGUAN 5N0857522 - Dorian Cz\u0119\u015bci\" \/>\n<meta property=\"og:description\" content=\"SZK\u0141O WK\u0141AD LUSTERKA VW SHARAN II \/ TIGUAN 5N0857522 (WYPUK\u0141E) Z P\u0141YT\u0104 NO\u015aN\u0104 STRONA PRAWA &#8211; OD PASA\u017bERA SEAT ALHAMBRA 7N 11- SKODA YETI 10- VW SHARAN II 11- TIGUAN 08- PODANA CENA ZA SZTUK\u0118 STAN WIDOCZNY NA ZDJ\u0118CIACH, NORMALNE \u015aLADY U\u017bYTKOWANIA\" \/>\n<meta property=\"og:url\" content=\"https:\/\/dorian-czesci.sklep.pl\/en\/product\/szklo-wklad-lusterka-vw-sharan-ii-tiguan-5n0857522\/\" \/>\n<meta property=\"og:site_name\" content=\"Dorian Cz\u0119\u015bci\" \/>\n<meta property=\"article:modified_time\" content=\"2023-10-28T12:54:35+00:00\" \/>\n<meta name=\"twitter:card\" content=\"summary_large_image\" \/>\n<script type=\"application\/ld+json\" class=\"yoast-schema-graph\">{\"@context\":\"https:\/\/schema.org\",\"@graph\":[{\"@type\":\"WebPage\",\"@id\":\"https:\/\/dorian-czesci.sklep.pl\/product\/szklo-wklad-lusterka-vw-sharan-ii-tiguan-5n0857522\/\",\"url\":\"https:\/\/dorian-czesci.sklep.pl\/product\/szklo-wklad-lusterka-vw-sharan-ii-tiguan-5n0857522\/\",\"name\":\"SZK\u0141O WK\u0141AD LUSTERKA VW SHARAN II TIGUAN 5N0857522 - Dorian Cz\u0119\u015bci\",\"isPartOf\":{\"@id\":\"https:\/\/dorian-czesci.sklep.pl\/#website\"},\"primaryImageOfPage\":{\"@id\":\"https:\/\/dorian-czesci.sklep.pl\/product\/szklo-wklad-lusterka-vw-sharan-ii-tiguan-5n0857522\/#primaryimage\"},\"image\":{\"@id\":\"https:\/\/dorian-czesci.sklep.pl\/product\/szklo-wklad-lusterka-vw-sharan-ii-tiguan-5n0857522\/#primaryimage\"},\"thumbnailUrl\":\"https:\/\/dorian-czesci.sklep.pl\/wp-content\/uploads\/2023\/10\/36c9f4a348b08d48229e4f56ac64.jpg\",\"datePublished\":\"2023-10-28T12:54:34+00:00\",\"dateModified\":\"2023-10-28T12:54:35+00:00\",\"breadcrumb\":{\"@id\":\"https:\/\/dorian-czesci.sklep.pl\/product\/szklo-wklad-lusterka-vw-sharan-ii-tiguan-5n0857522\/#breadcrumb\"},\"inLanguage\":\"en-US\",\"potentialAction\":[{\"@type\":\"ReadAction\",\"target\":[\"https:\/\/dorian-czesci.sklep.pl\/product\/szklo-wklad-lusterka-vw-sharan-ii-tiguan-5n0857522\/\"]}]},{\"@type\":\"ImageObject\",\"inLanguage\":\"en-US\",\"@id\":\"https:\/\/dorian-czesci.sklep.pl\/product\/szklo-wklad-lusterka-vw-sharan-ii-tiguan-5n0857522\/#primaryimage\",\"url\":\"https:\/\/dorian-czesci.sklep.pl\/wp-content\/uploads\/2023\/10\/36c9f4a348b08d48229e4f56ac64.jpg\",\"contentUrl\":\"https:\/\/dorian-czesci.sklep.pl\/wp-content\/uploads\/2023\/10\/36c9f4a348b08d48229e4f56ac64.jpg\",\"width\":1000,\"height\":750},{\"@type\":\"BreadcrumbList\",\"@id\":\"https:\/\/dorian-czesci.sklep.pl\/product\/szklo-wklad-lusterka-vw-sharan-ii-tiguan-5n0857522\/#breadcrumb\",\"itemListElement\":[{\"@type\":\"ListItem\",\"position\":1,\"name\":\"Home\",\"item\":\"https:\/\/dorian-czesci.sklep.pl\/\"},{\"@type\":\"ListItem\",\"position\":2,\"name\":\"Shop\",\"item\":\"https:\/\/dorian-czesci.sklep.pl\/shop-2\/\"},{\"@type\":\"ListItem\",\"position\":3,\"name\":\"SZK\u0141O WK\u0141AD LUSTERKA VW SHARAN II TIGUAN 5N0857522\"}]},{\"@type\":\"WebSite\",\"@id\":\"https:\/\/dorian-czesci.sklep.pl\/#website\",\"url\":\"https:\/\/dorian-czesci.sklep.pl\/\",\"name\":\"Dorian Cz\u0119\u015bci\",\"description\":\"Najwi\u0119kszy wyb\u00f3r cz\u0119\u015bci samochodowych\",\"publisher\":{\"@id\":\"https:\/\/dorian-czesci.sklep.pl\/#organization\"},\"potentialAction\":[{\"@type\":\"SearchAction\",\"target\":{\"@type\":\"EntryPoint\",\"urlTemplate\":\"https:\/\/dorian-czesci.sklep.pl\/?s={search_term_string}\"},\"query-input\":{\"@type\":\"PropertyValueSpecification\",\"valueRequired\":true,\"valueName\":\"search_term_string\"}}],\"inLanguage\":\"en-US\"},{\"@type\":\"Organization\",\"@id\":\"https:\/\/dorian-czesci.sklep.pl\/#organization\",\"name\":\"Dorian Cz\u0119\u015bci\",\"url\":\"https:\/\/dorian-czesci.sklep.pl\/\",\"logo\":{\"@type\":\"ImageObject\",\"inLanguage\":\"en-US\",\"@id\":\"https:\/\/dorian-czesci.sklep.pl\/#\/schema\/logo\/image\/\",\"url\":\"https:\/\/dorian-czesci.sklep.pl\/wp-content\/uploads\/2021\/01\/logo1.png\",\"contentUrl\":\"https:\/\/dorian-czesci.sklep.pl\/wp-content\/uploads\/2021\/01\/logo1.png\",\"width\":190,\"height\":114,\"caption\":\"Dorian Cz\u0119\u015bci\"},\"image\":{\"@id\":\"https:\/\/dorian-czesci.sklep.pl\/#\/schema\/logo\/image\/\"}}]}<\/script>\n<!-- \/ Yoast SEO plugin. -->","yoast_head_json":{"title":"SZK\u0141O WK\u0141AD LUSTERKA VW SHARAN II TIGUAN 5N0857522 - Dorian Cz\u0119\u015bci","robots":{"index":"index","follow":"follow","max-snippet":"max-snippet:-1","max-image-preview":"max-image-preview:large","max-video-preview":"max-video-preview:-1"},"canonical":"https:\/\/dorian-czesci.sklep.pl\/en\/product\/szklo-wklad-lusterka-vw-sharan-ii-tiguan-5n0857522\/","og_locale":"en_US","og_type":"article","og_title":"SZK\u0141O WK\u0141AD LUSTERKA VW SHARAN II TIGUAN 5N0857522 - Dorian Cz\u0119\u015bci","og_description":"SZK\u0141O WK\u0141AD LUSTERKA VW SHARAN II \/ TIGUAN 5N0857522 (WYPUK\u0141E) Z P\u0141YT\u0104 NO\u015aN\u0104 STRONA PRAWA &#8211; OD PASA\u017bERA SEAT ALHAMBRA 7N 11- SKODA YETI 10- VW SHARAN II 11- TIGUAN 08- PODANA CENA ZA SZTUK\u0118 STAN WIDOCZNY NA ZDJ\u0118CIACH, NORMALNE \u015aLADY U\u017bYTKOWANIA","og_url":"https:\/\/dorian-czesci.sklep.pl\/en\/product\/szklo-wklad-lusterka-vw-sharan-ii-tiguan-5n0857522\/","og_site_name":"Dorian Cz\u0119\u015bci","article_modified_time":"2023-10-28T12:54:35+00:00","twitter_card":"summary_large_image","schema":{"@context":"https:\/\/schema.org","@graph":[{"@type":"WebPage","@id":"https:\/\/dorian-czesci.sklep.pl\/product\/szklo-wklad-lusterka-vw-sharan-ii-tiguan-5n0857522\/","url":"https:\/\/dorian-czesci.sklep.pl\/product\/szklo-wklad-lusterka-vw-sharan-ii-tiguan-5n0857522\/","name":"SZK\u0141O WK\u0141AD LUSTERKA VW SHARAN II TIGUAN 5N0857522 - Dorian Cz\u0119\u015bci","isPartOf":{"@id":"https:\/\/dorian-czesci.sklep.pl\/#website"},"primaryImageOfPage":{"@id":"https:\/\/dorian-czesci.sklep.pl\/product\/szklo-wklad-lusterka-vw-sharan-ii-tiguan-5n0857522\/#primaryimage"},"image":{"@id":"https:\/\/dorian-czesci.sklep.pl\/product\/szklo-wklad-lusterka-vw-sharan-ii-tiguan-5n0857522\/#primaryimage"},"thumbnailUrl":"https:\/\/dorian-czesci.sklep.pl\/wp-content\/uploads\/2023\/10\/36c9f4a348b08d48229e4f56ac64.jpg","datePublished":"2023-10-28T12:54:34+00:00","dateModified":"2023-10-28T12:54:35+00:00","breadcrumb":{"@id":"https:\/\/dorian-czesci.sklep.pl\/product\/szklo-wklad-lusterka-vw-sharan-ii-tiguan-5n0857522\/#breadcrumb"},"inLanguage":"en-US","potentialAction":[{"@type":"ReadAction","target":["https:\/\/dorian-czesci.sklep.pl\/product\/szklo-wklad-lusterka-vw-sharan-ii-tiguan-5n0857522\/"]}]},{"@type":"ImageObject","inLanguage":"en-US","@id":"https:\/\/dorian-czesci.sklep.pl\/product\/szklo-wklad-lusterka-vw-sharan-ii-tiguan-5n0857522\/#primaryimage","url":"https:\/\/dorian-czesci.sklep.pl\/wp-content\/uploads\/2023\/10\/36c9f4a348b08d48229e4f56ac64.jpg","contentUrl":"https:\/\/dorian-czesci.sklep.pl\/wp-content\/uploads\/2023\/10\/36c9f4a348b08d48229e4f56ac64.jpg","width":1000,"height":750},{"@type":"BreadcrumbList","@id":"https:\/\/dorian-czesci.sklep.pl\/product\/szklo-wklad-lusterka-vw-sharan-ii-tiguan-5n0857522\/#breadcrumb","itemListElement":[{"@type":"ListItem","position":1,"name":"Home","item":"https:\/\/dorian-czesci.sklep.pl\/"},{"@type":"ListItem","position":2,"name":"Shop","item":"https:\/\/dorian-czesci.sklep.pl\/shop-2\/"},{"@type":"ListItem","position":3,"name":"SZK\u0141O WK\u0141AD LUSTERKA VW SHARAN II TIGUAN 5N0857522"}]},{"@type":"WebSite","@id":"https:\/\/dorian-czesci.sklep.pl\/#website","url":"https:\/\/dorian-czesci.sklep.pl\/","name":"Dorian Cz\u0119\u015bci","description":"Najwi\u0119kszy wyb\u00f3r cz\u0119\u015bci samochodowych","publisher":{"@id":"https:\/\/dorian-czesci.sklep.pl\/#organization"},"potentialAction":[{"@type":"SearchAction","target":{"@type":"EntryPoint","urlTemplate":"https:\/\/dorian-czesci.sklep.pl\/?s={search_term_string}"},"query-input":{"@type":"PropertyValueSpecification","valueRequired":true,"valueName":"search_term_string"}}],"inLanguage":"en-US"},{"@type":"Organization","@id":"https:\/\/dorian-czesci.sklep.pl\/#organization","name":"Dorian Cz\u0119\u015bci","url":"https:\/\/dorian-czesci.sklep.pl\/","logo":{"@type":"ImageObject","inLanguage":"en-US","@id":"https:\/\/dorian-czesci.sklep.pl\/#\/schema\/logo\/image\/","url":"https:\/\/dorian-czesci.sklep.pl\/wp-content\/uploads\/2021\/01\/logo1.png","contentUrl":"https:\/\/dorian-czesci.sklep.pl\/wp-content\/uploads\/2021\/01\/logo1.png","width":190,"height":114,"caption":"Dorian Cz\u0119\u015bci"},"image":{"@id":"https:\/\/dorian-czesci.sklep.pl\/#\/schema\/logo\/image\/"}}]}},"uagb_featured_image_src":{"full":["https:\/\/dorian-czesci.sklep.pl\/wp-content\/uploads\/2023\/10\/36c9f4a348b08d48229e4f56ac64.jpg",1000,750,false],"thumbnail":["https:\/\/dorian-czesci.sklep.pl\/wp-content\/uploads\/2023\/10\/36c9f4a348b08d48229e4f56ac64-150x150.jpg",150,150,true],"medium":["https:\/\/dorian-czesci.sklep.pl\/wp-content\/uploads\/2023\/10\/36c9f4a348b08d48229e4f56ac64-300x225.jpg",300,225,true],"medium_large":["https:\/\/dorian-czesci.sklep.pl\/wp-content\/uploads\/2023\/10\/36c9f4a348b08d48229e4f56ac64-768x576.jpg",768,576,true],"large":["https:\/\/dorian-czesci.sklep.pl\/wp-content\/uploads\/2023\/10\/36c9f4a348b08d48229e4f56ac64.jpg",1000,750,false],"1536x1536":["https:\/\/dorian-czesci.sklep.pl\/wp-content\/uploads\/2023\/10\/36c9f4a348b08d48229e4f56ac64.jpg",1000,750,false],"2048x2048":["https:\/\/dorian-czesci.sklep.pl\/wp-content\/uploads\/2023\/10\/36c9f4a348b08d48229e4f56ac64.jpg",1000,750,false],"trp-custom-language-flag":["https:\/\/dorian-czesci.sklep.pl\/wp-content\/uploads\/2023\/10\/36c9f4a348b08d48229e4f56ac64-16x12.jpg",16,12,true],"chromium-recent-posts-thumb-s":["https:\/\/dorian-czesci.sklep.pl\/wp-content\/uploads\/2023\/10\/36c9f4a348b08d48229e4f56ac64-160x190.jpg",160,190,true],"chromium-recent-posts-thumb-m":["https:\/\/dorian-czesci.sklep.pl\/wp-content\/uploads\/2023\/10\/36c9f4a348b08d48229e4f56ac64-225x267.jpg",225,267,true],"chromium-recent-posts-thumb-top":["https:\/\/dorian-czesci.sklep.pl\/wp-content\/uploads\/2023\/10\/36c9f4a348b08d48229e4f56ac64-384x216.jpg",384,216,true],"chromium-gallery-s":["https:\/\/dorian-czesci.sklep.pl\/wp-content\/uploads\/2023\/10\/36c9f4a348b08d48229e4f56ac64-384x216.jpg",384,216,true],"chromium-gallery-m":["https:\/\/dorian-czesci.sklep.pl\/wp-content\/uploads\/2023\/10\/36c9f4a348b08d48229e4f56ac64-640x360.jpg",640,360,true],"chromium-gallery-l":["https:\/\/dorian-czesci.sklep.pl\/wp-content\/uploads\/2023\/10\/36c9f4a348b08d48229e4f56ac64-1000x576.jpg",1000,576,true],"chromium-grid-blog":["https:\/\/dorian-czesci.sklep.pl\/wp-content\/uploads\/2023\/10\/36c9f4a348b08d48229e4f56ac64-350x350.jpg",350,350,true],"chromium-grid-blog-m":["https:\/\/dorian-czesci.sklep.pl\/wp-content\/uploads\/2023\/10\/36c9f4a348b08d48229e4f56ac64-600x600.jpg",600,600,true],"post-thumbnail":["https:\/\/dorian-czesci.sklep.pl\/wp-content\/uploads\/2023\/10\/36c9f4a348b08d48229e4f56ac64-870x350.jpg",870,350,true],"woocommerce_thumbnail":["https:\/\/dorian-czesci.sklep.pl\/wp-content\/uploads\/2023\/10\/36c9f4a348b08d48229e4f56ac64-300x300.jpg",300,300,true],"woocommerce_single":["https:\/\/dorian-czesci.sklep.pl\/wp-content\/uploads\/2023\/10\/36c9f4a348b08d48229e4f56ac64-600x450.jpg",600,450,true],"woocommerce_gallery_thumbnail":["https:\/\/dorian-czesci.sklep.pl\/wp-content\/uploads\/2023\/10\/36c9f4a348b08d48229e4f56ac64-100x100.jpg",100,100,true],"dgwt-wcas-product-suggestion":["https:\/\/dorian-czesci.sklep.pl\/wp-content\/uploads\/2023\/10\/36c9f4a348b08d48229e4f56ac64-64x48.jpg",64,48,true]},"uagb_author_info":{"display_name":"Gregor","author_link":"https:\/\/dorian-czesci.sklep.pl\/en\/author\/"},"uagb_comment_info":0,"uagb_excerpt":"SZK\u0141O WK\u0141AD LUSTERKA VW SHARAN II \/ TIGUAN 5N0857522 (WYPUK\u0141E) Z P\u0141YT\u0104 NO\u015aN\u0104 STRONA PRAWA &#8211; OD PASA\u017bERA SEAT ALHAMBRA 7N 11- SKODA YETI 10- VW SHARAN II 11- TIGUAN 08- PODANA CENA ZA SZTUK\u0118 STAN WIDOCZNY NA ZDJ\u0118CIACH, NORMALNE \u015aLADY U\u017bYTKOWANIA","_links":{"self":[{"href":"https:\/\/dorian-czesci.sklep.pl\/en\/wp-json\/wp\/v2\/product\/109714","targetHints":{"allow":["GET"]}}],"collection":[{"href":"https:\/\/dorian-czesci.sklep.pl\/en\/wp-json\/wp\/v2\/product"}],"about":[{"href":"https:\/\/dorian-czesci.sklep.pl\/en\/wp-json\/wp\/v2\/types\/product"}],"replies":[{"embeddable":true,"href":"https:\/\/dorian-czesci.sklep.pl\/en\/wp-json\/wp\/v2\/comments?post=109714"}],"wp:featuredmedia":[{"embeddable":true,"href":"https:\/\/dorian-czesci.sklep.pl\/en\/wp-json\/wp\/v2\/media\/109711"}],"wp:attachment":[{"href":"https:\/\/dorian-czesci.sklep.pl\/en\/wp-json\/wp\/v2\/media?parent=109714"}],"wp:term":[{"taxonomy":"product_cat","embeddable":true,"href":"https:\/\/dorian-czesci.sklep.pl\/en\/wp-json\/wp\/v2\/product_cat?post=109714"},{"taxonomy":"product_tag","embeddable":true,"href":"https:\/\/dorian-czesci.sklep.pl\/en\/wp-json\/wp\/v2\/product_tag?post=109714"}],"curies":[{"name":"wp","href":"https:\/\/api.w.org\/{rel}","templated":true}]}}