{"id":115056,"date":"2024-11-26T11:08:22","date_gmt":"2024-11-26T11:08:22","guid":{"rendered":"https:\/\/dorian-czesci.sklep.pl\/?post_type=product&#038;p=115056"},"modified":"2024-11-26T11:12:50","modified_gmt":"2024-11-26T11:12:50","slug":"regeneracja-most-tyln-haldex","status":"publish","type":"product","link":"https:\/\/dorian-czesci.sklep.pl\/en\/product\/regeneracja-most-tyln-haldex\/","title":{"rendered":"REGENERACJA MOST TYLN HALDEX"},"content":{"rendered":"","protected":false},"excerpt":{"rendered":"","protected":false},"featured_media":115071,"comment_status":"open","ping_status":"closed","template":"","meta":{"_uag_custom_page_level_css":""},"product_cat":[131,7851,7852,7850],"product_tag":[],"class_list":["post-115056","product","type-product","status-publish","has-post-thumbnail","hentry","product_cat-czesci-samochodowe","product_cat-mosty","product_cat-mosty-tylne","product_cat-uklad-napedowy","badges-style-2"],"yoast_head":"<!-- This site is optimized with the Yoast SEO plugin v24.2 - https:\/\/yoast.com\/wordpress\/plugins\/seo\/ -->\n<title>REGENERACJA MOST TYLN HALDEX - Dorian Cz\u0119\u015bci<\/title>\n<meta name=\"robots\" content=\"index, follow, max-snippet:-1, max-image-preview:large, max-video-preview:-1\" \/>\n<link rel=\"canonical\" href=\"https:\/\/dorian-czesci.sklep.pl\/en\/product\/regeneracja-most-tyln-haldex\/\" \/>\n<meta property=\"og:locale\" content=\"en_US\" \/>\n<meta property=\"og:type\" content=\"article\" \/>\n<meta property=\"og:title\" content=\"REGENERACJA MOST TYLN HALDEX - Dorian Cz\u0119\u015bci\" \/>\n<meta property=\"og:url\" content=\"https:\/\/dorian-czesci.sklep.pl\/en\/product\/regeneracja-most-tyln-haldex\/\" \/>\n<meta property=\"og:site_name\" content=\"Dorian Cz\u0119\u015bci\" \/>\n<meta property=\"article:modified_time\" content=\"2024-11-26T11:12:50+00:00\" \/>\n<meta property=\"og:image\" content=\"https:\/\/dorian-czesci.sklep.pl\/wp-content\/uploads\/2024\/11\/dyferencjal-1.webp\" \/>\n\t<meta property=\"og:image:width\" content=\"1024\" \/>\n\t<meta property=\"og:image:height\" content=\"848\" \/>\n\t<meta property=\"og:image:type\" content=\"image\/webp\" \/>\n<meta name=\"twitter:card\" content=\"summary_large_image\" \/>\n<script type=\"application\/ld+json\" class=\"yoast-schema-graph\">{\"@context\":\"https:\/\/schema.org\",\"@graph\":[{\"@type\":\"WebPage\",\"@id\":\"https:\/\/dorian-czesci.sklep.pl\/product\/regeneracja-most-tyln-haldex\/\",\"url\":\"https:\/\/dorian-czesci.sklep.pl\/product\/regeneracja-most-tyln-haldex\/\",\"name\":\"REGENERACJA MOST TYLN HALDEX - Dorian Cz\u0119\u015bci\",\"isPartOf\":{\"@id\":\"https:\/\/dorian-czesci.sklep.pl\/#website\"},\"primaryImageOfPage\":{\"@id\":\"https:\/\/dorian-czesci.sklep.pl\/product\/regeneracja-most-tyln-haldex\/#primaryimage\"},\"image\":{\"@id\":\"https:\/\/dorian-czesci.sklep.pl\/product\/regeneracja-most-tyln-haldex\/#primaryimage\"},\"thumbnailUrl\":\"https:\/\/dorian-czesci.sklep.pl\/wp-content\/uploads\/2024\/11\/dyferencjal-1.webp\",\"datePublished\":\"2024-11-26T11:08:22+00:00\",\"dateModified\":\"2024-11-26T11:12:50+00:00\",\"breadcrumb\":{\"@id\":\"https:\/\/dorian-czesci.sklep.pl\/product\/regeneracja-most-tyln-haldex\/#breadcrumb\"},\"inLanguage\":\"en-US\",\"potentialAction\":[{\"@type\":\"ReadAction\",\"target\":[\"https:\/\/dorian-czesci.sklep.pl\/product\/regeneracja-most-tyln-haldex\/\"]}]},{\"@type\":\"ImageObject\",\"inLanguage\":\"en-US\",\"@id\":\"https:\/\/dorian-czesci.sklep.pl\/product\/regeneracja-most-tyln-haldex\/#primaryimage\",\"url\":\"https:\/\/dorian-czesci.sklep.pl\/wp-content\/uploads\/2024\/11\/dyferencjal-1.webp\",\"contentUrl\":\"https:\/\/dorian-czesci.sklep.pl\/wp-content\/uploads\/2024\/11\/dyferencjal-1.webp\",\"width\":1024,\"height\":848},{\"@type\":\"BreadcrumbList\",\"@id\":\"https:\/\/dorian-czesci.sklep.pl\/product\/regeneracja-most-tyln-haldex\/#breadcrumb\",\"itemListElement\":[{\"@type\":\"ListItem\",\"position\":1,\"name\":\"Home\",\"item\":\"https:\/\/dorian-czesci.sklep.pl\/\"},{\"@type\":\"ListItem\",\"position\":2,\"name\":\"Shop\",\"item\":\"https:\/\/dorian-czesci.sklep.pl\/shop-2\/\"},{\"@type\":\"ListItem\",\"position\":3,\"name\":\"REGENERACJA MOST TYLN HALDEX\"}]},{\"@type\":\"WebSite\",\"@id\":\"https:\/\/dorian-czesci.sklep.pl\/#website\",\"url\":\"https:\/\/dorian-czesci.sklep.pl\/\",\"name\":\"Dorian Cz\u0119\u015bci\",\"description\":\"Najwi\u0119kszy wyb\u00f3r cz\u0119\u015bci samochodowych\",\"publisher\":{\"@id\":\"https:\/\/dorian-czesci.sklep.pl\/#organization\"},\"potentialAction\":[{\"@type\":\"SearchAction\",\"target\":{\"@type\":\"EntryPoint\",\"urlTemplate\":\"https:\/\/dorian-czesci.sklep.pl\/?s={search_term_string}\"},\"query-input\":{\"@type\":\"PropertyValueSpecification\",\"valueRequired\":true,\"valueName\":\"search_term_string\"}}],\"inLanguage\":\"en-US\"},{\"@type\":\"Organization\",\"@id\":\"https:\/\/dorian-czesci.sklep.pl\/#organization\",\"name\":\"Dorian Cz\u0119\u015bci\",\"url\":\"https:\/\/dorian-czesci.sklep.pl\/\",\"logo\":{\"@type\":\"ImageObject\",\"inLanguage\":\"en-US\",\"@id\":\"https:\/\/dorian-czesci.sklep.pl\/#\/schema\/logo\/image\/\",\"url\":\"https:\/\/dorian-czesci.sklep.pl\/wp-content\/uploads\/2021\/01\/logo1.png\",\"contentUrl\":\"https:\/\/dorian-czesci.sklep.pl\/wp-content\/uploads\/2021\/01\/logo1.png\",\"width\":190,\"height\":114,\"caption\":\"Dorian Cz\u0119\u015bci\"},\"image\":{\"@id\":\"https:\/\/dorian-czesci.sklep.pl\/#\/schema\/logo\/image\/\"}}]}<\/script>\n<!-- \/ Yoast SEO plugin. -->","yoast_head_json":{"title":"REGENERACJA MOST TYLN HALDEX - Dorian Cz\u0119\u015bci","robots":{"index":"index","follow":"follow","max-snippet":"max-snippet:-1","max-image-preview":"max-image-preview:large","max-video-preview":"max-video-preview:-1"},"canonical":"https:\/\/dorian-czesci.sklep.pl\/en\/product\/regeneracja-most-tyln-haldex\/","og_locale":"en_US","og_type":"article","og_title":"REGENERACJA MOST TYLN HALDEX - Dorian Cz\u0119\u015bci","og_url":"https:\/\/dorian-czesci.sklep.pl\/en\/product\/regeneracja-most-tyln-haldex\/","og_site_name":"Dorian Cz\u0119\u015bci","article_modified_time":"2024-11-26T11:12:50+00:00","og_image":[{"width":1024,"height":848,"url":"https:\/\/dorian-czesci.sklep.pl\/wp-content\/uploads\/2024\/11\/dyferencjal-1.webp","type":"image\/webp"}],"twitter_card":"summary_large_image","schema":{"@context":"https:\/\/schema.org","@graph":[{"@type":"WebPage","@id":"https:\/\/dorian-czesci.sklep.pl\/product\/regeneracja-most-tyln-haldex\/","url":"https:\/\/dorian-czesci.sklep.pl\/product\/regeneracja-most-tyln-haldex\/","name":"REGENERACJA MOST TYLN HALDEX - Dorian Cz\u0119\u015bci","isPartOf":{"@id":"https:\/\/dorian-czesci.sklep.pl\/#website"},"primaryImageOfPage":{"@id":"https:\/\/dorian-czesci.sklep.pl\/product\/regeneracja-most-tyln-haldex\/#primaryimage"},"image":{"@id":"https:\/\/dorian-czesci.sklep.pl\/product\/regeneracja-most-tyln-haldex\/#primaryimage"},"thumbnailUrl":"https:\/\/dorian-czesci.sklep.pl\/wp-content\/uploads\/2024\/11\/dyferencjal-1.webp","datePublished":"2024-11-26T11:08:22+00:00","dateModified":"2024-11-26T11:12:50+00:00","breadcrumb":{"@id":"https:\/\/dorian-czesci.sklep.pl\/product\/regeneracja-most-tyln-haldex\/#breadcrumb"},"inLanguage":"en-US","potentialAction":[{"@type":"ReadAction","target":["https:\/\/dorian-czesci.sklep.pl\/product\/regeneracja-most-tyln-haldex\/"]}]},{"@type":"ImageObject","inLanguage":"en-US","@id":"https:\/\/dorian-czesci.sklep.pl\/product\/regeneracja-most-tyln-haldex\/#primaryimage","url":"https:\/\/dorian-czesci.sklep.pl\/wp-content\/uploads\/2024\/11\/dyferencjal-1.webp","contentUrl":"https:\/\/dorian-czesci.sklep.pl\/wp-content\/uploads\/2024\/11\/dyferencjal-1.webp","width":1024,"height":848},{"@type":"BreadcrumbList","@id":"https:\/\/dorian-czesci.sklep.pl\/product\/regeneracja-most-tyln-haldex\/#breadcrumb","itemListElement":[{"@type":"ListItem","position":1,"name":"Home","item":"https:\/\/dorian-czesci.sklep.pl\/"},{"@type":"ListItem","position":2,"name":"Shop","item":"https:\/\/dorian-czesci.sklep.pl\/shop-2\/"},{"@type":"ListItem","position":3,"name":"REGENERACJA MOST TYLN HALDEX"}]},{"@type":"WebSite","@id":"https:\/\/dorian-czesci.sklep.pl\/#website","url":"https:\/\/dorian-czesci.sklep.pl\/","name":"Dorian Cz\u0119\u015bci","description":"Najwi\u0119kszy wyb\u00f3r cz\u0119\u015bci samochodowych","publisher":{"@id":"https:\/\/dorian-czesci.sklep.pl\/#organization"},"potentialAction":[{"@type":"SearchAction","target":{"@type":"EntryPoint","urlTemplate":"https:\/\/dorian-czesci.sklep.pl\/?s={search_term_string}"},"query-input":{"@type":"PropertyValueSpecification","valueRequired":true,"valueName":"search_term_string"}}],"inLanguage":"en-US"},{"@type":"Organization","@id":"https:\/\/dorian-czesci.sklep.pl\/#organization","name":"Dorian Cz\u0119\u015bci","url":"https:\/\/dorian-czesci.sklep.pl\/","logo":{"@type":"ImageObject","inLanguage":"en-US","@id":"https:\/\/dorian-czesci.sklep.pl\/#\/schema\/logo\/image\/","url":"https:\/\/dorian-czesci.sklep.pl\/wp-content\/uploads\/2021\/01\/logo1.png","contentUrl":"https:\/\/dorian-czesci.sklep.pl\/wp-content\/uploads\/2021\/01\/logo1.png","width":190,"height":114,"caption":"Dorian Cz\u0119\u015bci"},"image":{"@id":"https:\/\/dorian-czesci.sklep.pl\/#\/schema\/logo\/image\/"}}]}},"uagb_featured_image_src":{"full":["https:\/\/dorian-czesci.sklep.pl\/wp-content\/uploads\/2024\/11\/dyferencjal-1.webp",1024,848,false],"thumbnail":["https:\/\/dorian-czesci.sklep.pl\/wp-content\/uploads\/2024\/11\/dyferencjal-1-150x150.webp",150,150,true],"medium":["https:\/\/dorian-czesci.sklep.pl\/wp-content\/uploads\/2024\/11\/dyferencjal-1-300x248.webp",300,248,true],"medium_large":["https:\/\/dorian-czesci.sklep.pl\/wp-content\/uploads\/2024\/11\/dyferencjal-1-768x636.webp",768,636,true],"large":["https:\/\/dorian-czesci.sklep.pl\/wp-content\/uploads\/2024\/11\/dyferencjal-1.webp",1024,848,false],"1536x1536":["https:\/\/dorian-czesci.sklep.pl\/wp-content\/uploads\/2024\/11\/dyferencjal-1.webp",1024,848,false],"2048x2048":["https:\/\/dorian-czesci.sklep.pl\/wp-content\/uploads\/2024\/11\/dyferencjal-1.webp",1024,848,false],"trp-custom-language-flag":["https:\/\/dorian-czesci.sklep.pl\/wp-content\/uploads\/2024\/11\/dyferencjal-1-14x12.webp",14,12,true],"chromium-recent-posts-thumb-s":["https:\/\/dorian-czesci.sklep.pl\/wp-content\/uploads\/2024\/11\/dyferencjal-1-160x190.webp",160,190,true],"chromium-recent-posts-thumb-m":["https:\/\/dorian-czesci.sklep.pl\/wp-content\/uploads\/2024\/11\/dyferencjal-1-225x267.webp",225,267,true],"chromium-recent-posts-thumb-top":["https:\/\/dorian-czesci.sklep.pl\/wp-content\/uploads\/2024\/11\/dyferencjal-1-384x216.webp",384,216,true],"chromium-gallery-s":["https:\/\/dorian-czesci.sklep.pl\/wp-content\/uploads\/2024\/11\/dyferencjal-1-384x216.webp",384,216,true],"chromium-gallery-m":["https:\/\/dorian-czesci.sklep.pl\/wp-content\/uploads\/2024\/11\/dyferencjal-1-640x360.webp",640,360,true],"chromium-gallery-l":["https:\/\/dorian-czesci.sklep.pl\/wp-content\/uploads\/2024\/11\/dyferencjal-1-1024x576.webp",1024,576,true],"chromium-grid-blog":["https:\/\/dorian-czesci.sklep.pl\/wp-content\/uploads\/2024\/11\/dyferencjal-1-350x350.webp",350,350,true],"chromium-grid-blog-m":["https:\/\/dorian-czesci.sklep.pl\/wp-content\/uploads\/2024\/11\/dyferencjal-1-600x600.webp",600,600,true],"post-thumbnail":["https:\/\/dorian-czesci.sklep.pl\/wp-content\/uploads\/2024\/11\/dyferencjal-1-870x350.webp",870,350,true],"woocommerce_thumbnail":["https:\/\/dorian-czesci.sklep.pl\/wp-content\/uploads\/2024\/11\/dyferencjal-1-300x300.webp",300,300,true],"woocommerce_single":["https:\/\/dorian-czesci.sklep.pl\/wp-content\/uploads\/2024\/11\/dyferencjal-1-600x497.webp",600,497,true],"woocommerce_gallery_thumbnail":["https:\/\/dorian-czesci.sklep.pl\/wp-content\/uploads\/2024\/11\/dyferencjal-1-100x100.webp",100,100,true],"dgwt-wcas-product-suggestion":["https:\/\/dorian-czesci.sklep.pl\/wp-content\/uploads\/2024\/11\/dyferencjal-1-64x53.webp",64,53,true]},"uagb_author_info":{"display_name":"Gregor","author_link":"https:\/\/dorian-czesci.sklep.pl\/en\/author\/"},"uagb_comment_info":0,"uagb_excerpt":null,"_links":{"self":[{"href":"https:\/\/dorian-czesci.sklep.pl\/en\/wp-json\/wp\/v2\/product\/115056","targetHints":{"allow":["GET"]}}],"collection":[{"href":"https:\/\/dorian-czesci.sklep.pl\/en\/wp-json\/wp\/v2\/product"}],"about":[{"href":"https:\/\/dorian-czesci.sklep.pl\/en\/wp-json\/wp\/v2\/types\/product"}],"replies":[{"embeddable":true,"href":"https:\/\/dorian-czesci.sklep.pl\/en\/wp-json\/wp\/v2\/comments?post=115056"}],"wp:featuredmedia":[{"embeddable":true,"href":"https:\/\/dorian-czesci.sklep.pl\/en\/wp-json\/wp\/v2\/media\/115071"}],"wp:attachment":[{"href":"https:\/\/dorian-czesci.sklep.pl\/en\/wp-json\/wp\/v2\/media?parent=115056"}],"wp:term":[{"taxonomy":"product_cat","embeddable":true,"href":"https:\/\/dorian-czesci.sklep.pl\/en\/wp-json\/wp\/v2\/product_cat?post=115056"},{"taxonomy":"product_tag","embeddable":true,"href":"https:\/\/dorian-czesci.sklep.pl\/en\/wp-json\/wp\/v2\/product_tag?post=115056"}],"curies":[{"name":"wp","href":"https:\/\/api.w.org\/{rel}","templated":true}]}}