{"id":115160,"date":"2025-01-07T11:31:30","date_gmt":"2025-01-07T11:31:30","guid":{"rendered":"https:\/\/dorian-czesci.sklep.pl\/product\/most-haldex-tyl-vw-audi-skoda-seat-0br525010\/"},"modified":"2025-05-29T19:02:04","modified_gmt":"2025-05-29T19:02:04","slug":"most-haldex-tyl-vw-audi-skoda-seat-0br525010","status":"publish","type":"product","link":"https:\/\/dorian-czesci.sklep.pl\/en\/product\/most-haldex-tyl-vw-audi-skoda-seat-0br525010\/","title":{"rendered":"MOST HALDEX TY\u0141 VW AUDI SKODA SEAT 0BR525010"},"content":{"rendered":"<section class=\"section\">\n<div class=\"item item-12\">\n<section class=\"text-item\">\n<p>MOST TYLNY NA WSZYSTKICH NOWYCH \u0141O\u017bYSKACH USZCZELNIACZACH SPRZEDAJEMY BEZ STEROWNIKA HALDEX STARY DO ZWROTU, GWARANCJA 12 MIESI\u0118CY. . Podsy\u0142amy w\u0142asnego kuriera po odbi\u00f3r starego<\/p>\n<\/section>\n<\/div>\n<\/section>","protected":false},"excerpt":{"rendered":"<p>MOST TYLNY NA WSZYSTKICH NOWYCH \u0141O\u017bYSKACH USZCZELNIACZACH SPRZEDAJEMY BEZ STEROWNIKA HALDEX STARY DO ZWROTU, GWARANCJA 12 MIESI\u0118CY. . Podsy\u0142amy w\u0142asnego kuriera po odbi\u00f3r starego<\/p>","protected":false},"featured_media":115159,"comment_status":"open","ping_status":"closed","template":"","meta":{"_uag_custom_page_level_css":""},"product_cat":[7852],"product_tag":[],"class_list":["post-115160","product","type-product","status-publish","has-post-thumbnail","hentry","product_cat-mosty-tylne","badges-style-2"],"yoast_head":"<!-- This site is optimized with the Yoast SEO plugin v24.2 - https:\/\/yoast.com\/wordpress\/plugins\/seo\/ -->\n<title>MOST HALDEX TY\u0141 VW AUDI SKODA SEAT 0BR525010 - Dorian Cz\u0119\u015bci<\/title>\n<meta name=\"robots\" content=\"index, follow, max-snippet:-1, max-image-preview:large, max-video-preview:-1\" \/>\n<link rel=\"canonical\" href=\"https:\/\/dorian-czesci.sklep.pl\/en\/product\/most-haldex-tyl-vw-audi-skoda-seat-0br525010\/\" \/>\n<meta property=\"og:locale\" content=\"en_US\" \/>\n<meta property=\"og:type\" content=\"article\" \/>\n<meta property=\"og:title\" content=\"MOST HALDEX TY\u0141 VW AUDI SKODA SEAT 0BR525010 - Dorian Cz\u0119\u015bci\" \/>\n<meta property=\"og:description\" content=\"MOST TYLNY NA WSZYSTKICH NOWYCH \u0141O\u017bYSKACH USZCZELNIACZACH SPRZEDAJEMY BEZ STEROWNIKA HALDEX STARY DO ZWROTU, GWARANCJA 12 MIESI\u0118CY. . Podsy\u0142amy w\u0142asnego kuriera po odbi\u00f3r starego\" \/>\n<meta property=\"og:url\" content=\"https:\/\/dorian-czesci.sklep.pl\/en\/product\/most-haldex-tyl-vw-audi-skoda-seat-0br525010\/\" \/>\n<meta property=\"og:site_name\" content=\"Dorian Cz\u0119\u015bci\" \/>\n<meta property=\"article:modified_time\" content=\"2025-05-29T19:02:04+00:00\" \/>\n<meta name=\"twitter:card\" content=\"summary_large_image\" \/>\n<script type=\"application\/ld+json\" class=\"yoast-schema-graph\">{\"@context\":\"https:\/\/schema.org\",\"@graph\":[{\"@type\":\"WebPage\",\"@id\":\"https:\/\/dorian-czesci.sklep.pl\/product\/most-haldex-tyl-vw-audi-skoda-seat-0br525010\/\",\"url\":\"https:\/\/dorian-czesci.sklep.pl\/product\/most-haldex-tyl-vw-audi-skoda-seat-0br525010\/\",\"name\":\"MOST HALDEX TY\u0141 VW AUDI SKODA SEAT 0BR525010 - Dorian Cz\u0119\u015bci\",\"isPartOf\":{\"@id\":\"https:\/\/dorian-czesci.sklep.pl\/#website\"},\"primaryImageOfPage\":{\"@id\":\"https:\/\/dorian-czesci.sklep.pl\/product\/most-haldex-tyl-vw-audi-skoda-seat-0br525010\/#primaryimage\"},\"image\":{\"@id\":\"https:\/\/dorian-czesci.sklep.pl\/product\/most-haldex-tyl-vw-audi-skoda-seat-0br525010\/#primaryimage\"},\"thumbnailUrl\":\"https:\/\/dorian-czesci.sklep.pl\/wp-content\/uploads\/2025\/01\/8b1ed75344848f06068832674b4c-1.jpg\",\"datePublished\":\"2025-01-07T11:31:30+00:00\",\"dateModified\":\"2025-05-29T19:02:04+00:00\",\"breadcrumb\":{\"@id\":\"https:\/\/dorian-czesci.sklep.pl\/product\/most-haldex-tyl-vw-audi-skoda-seat-0br525010\/#breadcrumb\"},\"inLanguage\":\"en-US\",\"potentialAction\":[{\"@type\":\"ReadAction\",\"target\":[\"https:\/\/dorian-czesci.sklep.pl\/product\/most-haldex-tyl-vw-audi-skoda-seat-0br525010\/\"]}]},{\"@type\":\"ImageObject\",\"inLanguage\":\"en-US\",\"@id\":\"https:\/\/dorian-czesci.sklep.pl\/product\/most-haldex-tyl-vw-audi-skoda-seat-0br525010\/#primaryimage\",\"url\":\"https:\/\/dorian-czesci.sklep.pl\/wp-content\/uploads\/2025\/01\/8b1ed75344848f06068832674b4c-1.jpg\",\"contentUrl\":\"https:\/\/dorian-czesci.sklep.pl\/wp-content\/uploads\/2025\/01\/8b1ed75344848f06068832674b4c-1.jpg\",\"width\":500,\"height\":500},{\"@type\":\"BreadcrumbList\",\"@id\":\"https:\/\/dorian-czesci.sklep.pl\/product\/most-haldex-tyl-vw-audi-skoda-seat-0br525010\/#breadcrumb\",\"itemListElement\":[{\"@type\":\"ListItem\",\"position\":1,\"name\":\"Home\",\"item\":\"https:\/\/dorian-czesci.sklep.pl\/\"},{\"@type\":\"ListItem\",\"position\":2,\"name\":\"Shop\",\"item\":\"https:\/\/dorian-czesci.sklep.pl\/shop-2\/\"},{\"@type\":\"ListItem\",\"position\":3,\"name\":\"MOST HALDEX TY\u0141 VW AUDI SKODA SEAT 0BR525010\"}]},{\"@type\":\"WebSite\",\"@id\":\"https:\/\/dorian-czesci.sklep.pl\/#website\",\"url\":\"https:\/\/dorian-czesci.sklep.pl\/\",\"name\":\"Dorian Cz\u0119\u015bci\",\"description\":\"Najwi\u0119kszy wyb\u00f3r cz\u0119\u015bci samochodowych\",\"publisher\":{\"@id\":\"https:\/\/dorian-czesci.sklep.pl\/#organization\"},\"potentialAction\":[{\"@type\":\"SearchAction\",\"target\":{\"@type\":\"EntryPoint\",\"urlTemplate\":\"https:\/\/dorian-czesci.sklep.pl\/?s={search_term_string}\"},\"query-input\":{\"@type\":\"PropertyValueSpecification\",\"valueRequired\":true,\"valueName\":\"search_term_string\"}}],\"inLanguage\":\"en-US\"},{\"@type\":\"Organization\",\"@id\":\"https:\/\/dorian-czesci.sklep.pl\/#organization\",\"name\":\"Dorian Cz\u0119\u015bci\",\"url\":\"https:\/\/dorian-czesci.sklep.pl\/\",\"logo\":{\"@type\":\"ImageObject\",\"inLanguage\":\"en-US\",\"@id\":\"https:\/\/dorian-czesci.sklep.pl\/#\/schema\/logo\/image\/\",\"url\":\"https:\/\/dorian-czesci.sklep.pl\/wp-content\/uploads\/2021\/01\/logo1.png\",\"contentUrl\":\"https:\/\/dorian-czesci.sklep.pl\/wp-content\/uploads\/2021\/01\/logo1.png\",\"width\":190,\"height\":114,\"caption\":\"Dorian Cz\u0119\u015bci\"},\"image\":{\"@id\":\"https:\/\/dorian-czesci.sklep.pl\/#\/schema\/logo\/image\/\"}}]}<\/script>\n<!-- \/ Yoast SEO plugin. -->","yoast_head_json":{"title":"MOST HALDEX TY\u0141 VW AUDI SKODA SEAT 0BR525010 - Dorian Cz\u0119\u015bci","robots":{"index":"index","follow":"follow","max-snippet":"max-snippet:-1","max-image-preview":"max-image-preview:large","max-video-preview":"max-video-preview:-1"},"canonical":"https:\/\/dorian-czesci.sklep.pl\/en\/product\/most-haldex-tyl-vw-audi-skoda-seat-0br525010\/","og_locale":"en_US","og_type":"article","og_title":"MOST HALDEX TY\u0141 VW AUDI SKODA SEAT 0BR525010 - Dorian Cz\u0119\u015bci","og_description":"MOST TYLNY NA WSZYSTKICH NOWYCH \u0141O\u017bYSKACH USZCZELNIACZACH SPRZEDAJEMY BEZ STEROWNIKA HALDEX STARY DO ZWROTU, GWARANCJA 12 MIESI\u0118CY. . Podsy\u0142amy w\u0142asnego kuriera po odbi\u00f3r starego","og_url":"https:\/\/dorian-czesci.sklep.pl\/en\/product\/most-haldex-tyl-vw-audi-skoda-seat-0br525010\/","og_site_name":"Dorian Cz\u0119\u015bci","article_modified_time":"2025-05-29T19:02:04+00:00","twitter_card":"summary_large_image","schema":{"@context":"https:\/\/schema.org","@graph":[{"@type":"WebPage","@id":"https:\/\/dorian-czesci.sklep.pl\/product\/most-haldex-tyl-vw-audi-skoda-seat-0br525010\/","url":"https:\/\/dorian-czesci.sklep.pl\/product\/most-haldex-tyl-vw-audi-skoda-seat-0br525010\/","name":"MOST HALDEX TY\u0141 VW AUDI SKODA SEAT 0BR525010 - Dorian Cz\u0119\u015bci","isPartOf":{"@id":"https:\/\/dorian-czesci.sklep.pl\/#website"},"primaryImageOfPage":{"@id":"https:\/\/dorian-czesci.sklep.pl\/product\/most-haldex-tyl-vw-audi-skoda-seat-0br525010\/#primaryimage"},"image":{"@id":"https:\/\/dorian-czesci.sklep.pl\/product\/most-haldex-tyl-vw-audi-skoda-seat-0br525010\/#primaryimage"},"thumbnailUrl":"https:\/\/dorian-czesci.sklep.pl\/wp-content\/uploads\/2025\/01\/8b1ed75344848f06068832674b4c-1.jpg","datePublished":"2025-01-07T11:31:30+00:00","dateModified":"2025-05-29T19:02:04+00:00","breadcrumb":{"@id":"https:\/\/dorian-czesci.sklep.pl\/product\/most-haldex-tyl-vw-audi-skoda-seat-0br525010\/#breadcrumb"},"inLanguage":"en-US","potentialAction":[{"@type":"ReadAction","target":["https:\/\/dorian-czesci.sklep.pl\/product\/most-haldex-tyl-vw-audi-skoda-seat-0br525010\/"]}]},{"@type":"ImageObject","inLanguage":"en-US","@id":"https:\/\/dorian-czesci.sklep.pl\/product\/most-haldex-tyl-vw-audi-skoda-seat-0br525010\/#primaryimage","url":"https:\/\/dorian-czesci.sklep.pl\/wp-content\/uploads\/2025\/01\/8b1ed75344848f06068832674b4c-1.jpg","contentUrl":"https:\/\/dorian-czesci.sklep.pl\/wp-content\/uploads\/2025\/01\/8b1ed75344848f06068832674b4c-1.jpg","width":500,"height":500},{"@type":"BreadcrumbList","@id":"https:\/\/dorian-czesci.sklep.pl\/product\/most-haldex-tyl-vw-audi-skoda-seat-0br525010\/#breadcrumb","itemListElement":[{"@type":"ListItem","position":1,"name":"Home","item":"https:\/\/dorian-czesci.sklep.pl\/"},{"@type":"ListItem","position":2,"name":"Shop","item":"https:\/\/dorian-czesci.sklep.pl\/shop-2\/"},{"@type":"ListItem","position":3,"name":"MOST HALDEX TY\u0141 VW AUDI SKODA SEAT 0BR525010"}]},{"@type":"WebSite","@id":"https:\/\/dorian-czesci.sklep.pl\/#website","url":"https:\/\/dorian-czesci.sklep.pl\/","name":"Dorian Cz\u0119\u015bci","description":"Najwi\u0119kszy wyb\u00f3r cz\u0119\u015bci samochodowych","publisher":{"@id":"https:\/\/dorian-czesci.sklep.pl\/#organization"},"potentialAction":[{"@type":"SearchAction","target":{"@type":"EntryPoint","urlTemplate":"https:\/\/dorian-czesci.sklep.pl\/?s={search_term_string}"},"query-input":{"@type":"PropertyValueSpecification","valueRequired":true,"valueName":"search_term_string"}}],"inLanguage":"en-US"},{"@type":"Organization","@id":"https:\/\/dorian-czesci.sklep.pl\/#organization","name":"Dorian Cz\u0119\u015bci","url":"https:\/\/dorian-czesci.sklep.pl\/","logo":{"@type":"ImageObject","inLanguage":"en-US","@id":"https:\/\/dorian-czesci.sklep.pl\/#\/schema\/logo\/image\/","url":"https:\/\/dorian-czesci.sklep.pl\/wp-content\/uploads\/2021\/01\/logo1.png","contentUrl":"https:\/\/dorian-czesci.sklep.pl\/wp-content\/uploads\/2021\/01\/logo1.png","width":190,"height":114,"caption":"Dorian Cz\u0119\u015bci"},"image":{"@id":"https:\/\/dorian-czesci.sklep.pl\/#\/schema\/logo\/image\/"}}]}},"uagb_featured_image_src":{"full":["https:\/\/dorian-czesci.sklep.pl\/wp-content\/uploads\/2025\/01\/8b1ed75344848f06068832674b4c-1.jpg",500,500,false],"thumbnail":["https:\/\/dorian-czesci.sklep.pl\/wp-content\/uploads\/2025\/01\/8b1ed75344848f06068832674b4c-1-150x150.jpg",150,150,true],"medium":["https:\/\/dorian-czesci.sklep.pl\/wp-content\/uploads\/2025\/01\/8b1ed75344848f06068832674b4c-1-300x300.jpg",300,300,true],"medium_large":["https:\/\/dorian-czesci.sklep.pl\/wp-content\/uploads\/2025\/01\/8b1ed75344848f06068832674b4c-1.jpg",500,500,false],"large":["https:\/\/dorian-czesci.sklep.pl\/wp-content\/uploads\/2025\/01\/8b1ed75344848f06068832674b4c-1.jpg",500,500,false],"1536x1536":["https:\/\/dorian-czesci.sklep.pl\/wp-content\/uploads\/2025\/01\/8b1ed75344848f06068832674b4c-1.jpg",500,500,false],"2048x2048":["https:\/\/dorian-czesci.sklep.pl\/wp-content\/uploads\/2025\/01\/8b1ed75344848f06068832674b4c-1.jpg",500,500,false],"trp-custom-language-flag":["https:\/\/dorian-czesci.sklep.pl\/wp-content\/uploads\/2025\/01\/8b1ed75344848f06068832674b4c-1-12x12.jpg",12,12,true],"chromium-recent-posts-thumb-s":["https:\/\/dorian-czesci.sklep.pl\/wp-content\/uploads\/2025\/01\/8b1ed75344848f06068832674b4c-1-160x190.jpg",160,190,true],"chromium-recent-posts-thumb-m":["https:\/\/dorian-czesci.sklep.pl\/wp-content\/uploads\/2025\/01\/8b1ed75344848f06068832674b4c-1-225x267.jpg",225,267,true],"chromium-recent-posts-thumb-top":["https:\/\/dorian-czesci.sklep.pl\/wp-content\/uploads\/2025\/01\/8b1ed75344848f06068832674b4c-1-384x216.jpg",384,216,true],"chromium-gallery-s":["https:\/\/dorian-czesci.sklep.pl\/wp-content\/uploads\/2025\/01\/8b1ed75344848f06068832674b4c-1-384x216.jpg",384,216,true],"chromium-gallery-m":["https:\/\/dorian-czesci.sklep.pl\/wp-content\/uploads\/2025\/01\/8b1ed75344848f06068832674b4c-1-500x360.jpg",500,360,true],"chromium-gallery-l":["https:\/\/dorian-czesci.sklep.pl\/wp-content\/uploads\/2025\/01\/8b1ed75344848f06068832674b4c-1.jpg",500,500,false],"chromium-grid-blog":["https:\/\/dorian-czesci.sklep.pl\/wp-content\/uploads\/2025\/01\/8b1ed75344848f06068832674b4c-1-350x350.jpg",350,350,true],"chromium-grid-blog-m":["https:\/\/dorian-czesci.sklep.pl\/wp-content\/uploads\/2025\/01\/8b1ed75344848f06068832674b4c-1.jpg",500,500,false],"post-thumbnail":["https:\/\/dorian-czesci.sklep.pl\/wp-content\/uploads\/2025\/01\/8b1ed75344848f06068832674b4c-1-500x350.jpg",500,350,true],"woocommerce_thumbnail":["https:\/\/dorian-czesci.sklep.pl\/wp-content\/uploads\/2025\/01\/8b1ed75344848f06068832674b4c-1-300x300.jpg",300,300,true],"woocommerce_single":["https:\/\/dorian-czesci.sklep.pl\/wp-content\/uploads\/2025\/01\/8b1ed75344848f06068832674b4c-1.jpg",500,500,false],"woocommerce_gallery_thumbnail":["https:\/\/dorian-czesci.sklep.pl\/wp-content\/uploads\/2025\/01\/8b1ed75344848f06068832674b4c-1-100x100.jpg",100,100,true],"dgwt-wcas-product-suggestion":["https:\/\/dorian-czesci.sklep.pl\/wp-content\/uploads\/2025\/01\/8b1ed75344848f06068832674b4c-1-64x64.jpg",64,64,true]},"uagb_author_info":{"display_name":"Gregor","author_link":"https:\/\/dorian-czesci.sklep.pl\/en\/author\/"},"uagb_comment_info":0,"uagb_excerpt":"MOST TYLNY NA WSZYSTKICH NOWYCH \u0141O\u017bYSKACH USZCZELNIACZACH SPRZEDAJEMY BEZ STEROWNIKA HALDEX STARY DO ZWROTU, GWARANCJA 12 MIESI\u0118CY. . Podsy\u0142amy w\u0142asnego kuriera po odbi\u00f3r starego","_links":{"self":[{"href":"https:\/\/dorian-czesci.sklep.pl\/en\/wp-json\/wp\/v2\/product\/115160","targetHints":{"allow":["GET"]}}],"collection":[{"href":"https:\/\/dorian-czesci.sklep.pl\/en\/wp-json\/wp\/v2\/product"}],"about":[{"href":"https:\/\/dorian-czesci.sklep.pl\/en\/wp-json\/wp\/v2\/types\/product"}],"replies":[{"embeddable":true,"href":"https:\/\/dorian-czesci.sklep.pl\/en\/wp-json\/wp\/v2\/comments?post=115160"}],"wp:featuredmedia":[{"embeddable":true,"href":"https:\/\/dorian-czesci.sklep.pl\/en\/wp-json\/wp\/v2\/media\/115159"}],"wp:attachment":[{"href":"https:\/\/dorian-czesci.sklep.pl\/en\/wp-json\/wp\/v2\/media?parent=115160"}],"wp:term":[{"taxonomy":"product_cat","embeddable":true,"href":"https:\/\/dorian-czesci.sklep.pl\/en\/wp-json\/wp\/v2\/product_cat?post=115160"},{"taxonomy":"product_tag","embeddable":true,"href":"https:\/\/dorian-czesci.sklep.pl\/en\/wp-json\/wp\/v2\/product_tag?post=115160"}],"curies":[{"name":"wp","href":"https:\/\/api.w.org\/{rel}","templated":true}]}}