{"id":115172,"date":"2025-01-07T11:32:18","date_gmt":"2025-01-07T11:32:18","guid":{"rendered":"https:\/\/dorian-czesci.sklep.pl\/product\/sterownik-haldex-audi-rs3-rsq3-0cq525554aa\/"},"modified":"2025-01-07T11:32:18","modified_gmt":"2025-01-07T11:32:18","slug":"sterownik-haldex-audi-rs3-rsq3-0cq525554aa","status":"publish","type":"product","link":"https:\/\/dorian-czesci.sklep.pl\/en\/product\/sterownik-haldex-audi-rs3-rsq3-0cq525554aa\/","title":{"rendered":"Sterownik HALDEX AUDI RS3 RSQ3 0CQ525554AA"},"content":{"rendered":"<section class=\"section\">\n<div class=\"item item-12\">\n<section class=\"text-item\">\n<p>STEROWNIK HALDEX AUDI &nbsp;RS3 RSQ3 0CQ525554AA<\/p>\n<\/section>\n<\/div>\n<\/section>","protected":false},"excerpt":{"rendered":"<p>STEROWNIK HALDEX AUDI &nbsp;RS3 RSQ3 0CQ525554AA<\/p>","protected":false},"featured_media":115171,"comment_status":"open","ping_status":"closed","template":"","meta":{"_uag_custom_page_level_css":""},"product_cat":[7852],"product_tag":[],"class_list":["post-115172","product","type-product","status-publish","has-post-thumbnail","hentry","product_cat-mosty-tylne","badges-style-2"],"yoast_head":"<!-- This site is optimized with the Yoast SEO plugin v24.2 - https:\/\/yoast.com\/wordpress\/plugins\/seo\/ -->\n<title>Sterownik HALDEX AUDI RS3 RSQ3 0CQ525554AA - Dorian Cz\u0119\u015bci<\/title>\n<meta name=\"robots\" content=\"index, follow, max-snippet:-1, max-image-preview:large, max-video-preview:-1\" \/>\n<link rel=\"canonical\" href=\"https:\/\/dorian-czesci.sklep.pl\/en\/product\/sterownik-haldex-audi-rs3-rsq3-0cq525554aa\/\" \/>\n<meta property=\"og:locale\" content=\"en_US\" \/>\n<meta property=\"og:type\" content=\"article\" \/>\n<meta property=\"og:title\" content=\"Sterownik HALDEX AUDI RS3 RSQ3 0CQ525554AA - Dorian Cz\u0119\u015bci\" \/>\n<meta property=\"og:description\" content=\"STEROWNIK HALDEX AUDI &nbsp;RS3 RSQ3 0CQ525554AA\" \/>\n<meta property=\"og:url\" content=\"https:\/\/dorian-czesci.sklep.pl\/en\/product\/sterownik-haldex-audi-rs3-rsq3-0cq525554aa\/\" \/>\n<meta property=\"og:site_name\" content=\"Dorian Cz\u0119\u015bci\" \/>\n<meta name=\"twitter:card\" content=\"summary_large_image\" \/>\n<script type=\"application\/ld+json\" class=\"yoast-schema-graph\">{\"@context\":\"https:\/\/schema.org\",\"@graph\":[{\"@type\":\"WebPage\",\"@id\":\"https:\/\/dorian-czesci.sklep.pl\/product\/sterownik-haldex-audi-rs3-rsq3-0cq525554aa\/\",\"url\":\"https:\/\/dorian-czesci.sklep.pl\/product\/sterownik-haldex-audi-rs3-rsq3-0cq525554aa\/\",\"name\":\"Sterownik HALDEX AUDI RS3 RSQ3 0CQ525554AA - Dorian Cz\u0119\u015bci\",\"isPartOf\":{\"@id\":\"https:\/\/dorian-czesci.sklep.pl\/#website\"},\"primaryImageOfPage\":{\"@id\":\"https:\/\/dorian-czesci.sklep.pl\/product\/sterownik-haldex-audi-rs3-rsq3-0cq525554aa\/#primaryimage\"},\"image\":{\"@id\":\"https:\/\/dorian-czesci.sklep.pl\/product\/sterownik-haldex-audi-rs3-rsq3-0cq525554aa\/#primaryimage\"},\"thumbnailUrl\":\"https:\/\/dorian-czesci.sklep.pl\/wp-content\/uploads\/2025\/01\/aa57531b47f2b7e1c7d51890ada6.jpg\",\"datePublished\":\"2025-01-07T11:32:18+00:00\",\"dateModified\":\"2025-01-07T11:32:18+00:00\",\"breadcrumb\":{\"@id\":\"https:\/\/dorian-czesci.sklep.pl\/product\/sterownik-haldex-audi-rs3-rsq3-0cq525554aa\/#breadcrumb\"},\"inLanguage\":\"en-US\",\"potentialAction\":[{\"@type\":\"ReadAction\",\"target\":[\"https:\/\/dorian-czesci.sklep.pl\/product\/sterownik-haldex-audi-rs3-rsq3-0cq525554aa\/\"]}]},{\"@type\":\"ImageObject\",\"inLanguage\":\"en-US\",\"@id\":\"https:\/\/dorian-czesci.sklep.pl\/product\/sterownik-haldex-audi-rs3-rsq3-0cq525554aa\/#primaryimage\",\"url\":\"https:\/\/dorian-czesci.sklep.pl\/wp-content\/uploads\/2025\/01\/aa57531b47f2b7e1c7d51890ada6.jpg\",\"contentUrl\":\"https:\/\/dorian-czesci.sklep.pl\/wp-content\/uploads\/2025\/01\/aa57531b47f2b7e1c7d51890ada6.jpg\",\"width\":2048,\"height\":1536},{\"@type\":\"BreadcrumbList\",\"@id\":\"https:\/\/dorian-czesci.sklep.pl\/product\/sterownik-haldex-audi-rs3-rsq3-0cq525554aa\/#breadcrumb\",\"itemListElement\":[{\"@type\":\"ListItem\",\"position\":1,\"name\":\"Home\",\"item\":\"https:\/\/dorian-czesci.sklep.pl\/\"},{\"@type\":\"ListItem\",\"position\":2,\"name\":\"Shop\",\"item\":\"https:\/\/dorian-czesci.sklep.pl\/shop-2\/\"},{\"@type\":\"ListItem\",\"position\":3,\"name\":\"Sterownik HALDEX AUDI RS3 RSQ3 0CQ525554AA\"}]},{\"@type\":\"WebSite\",\"@id\":\"https:\/\/dorian-czesci.sklep.pl\/#website\",\"url\":\"https:\/\/dorian-czesci.sklep.pl\/\",\"name\":\"Dorian Cz\u0119\u015bci\",\"description\":\"Najwi\u0119kszy wyb\u00f3r cz\u0119\u015bci samochodowych\",\"publisher\":{\"@id\":\"https:\/\/dorian-czesci.sklep.pl\/#organization\"},\"potentialAction\":[{\"@type\":\"SearchAction\",\"target\":{\"@type\":\"EntryPoint\",\"urlTemplate\":\"https:\/\/dorian-czesci.sklep.pl\/?s={search_term_string}\"},\"query-input\":{\"@type\":\"PropertyValueSpecification\",\"valueRequired\":true,\"valueName\":\"search_term_string\"}}],\"inLanguage\":\"en-US\"},{\"@type\":\"Organization\",\"@id\":\"https:\/\/dorian-czesci.sklep.pl\/#organization\",\"name\":\"Dorian Cz\u0119\u015bci\",\"url\":\"https:\/\/dorian-czesci.sklep.pl\/\",\"logo\":{\"@type\":\"ImageObject\",\"inLanguage\":\"en-US\",\"@id\":\"https:\/\/dorian-czesci.sklep.pl\/#\/schema\/logo\/image\/\",\"url\":\"https:\/\/dorian-czesci.sklep.pl\/wp-content\/uploads\/2021\/01\/logo1.png\",\"contentUrl\":\"https:\/\/dorian-czesci.sklep.pl\/wp-content\/uploads\/2021\/01\/logo1.png\",\"width\":190,\"height\":114,\"caption\":\"Dorian Cz\u0119\u015bci\"},\"image\":{\"@id\":\"https:\/\/dorian-czesci.sklep.pl\/#\/schema\/logo\/image\/\"}}]}<\/script>\n<!-- \/ Yoast SEO plugin. -->","yoast_head_json":{"title":"Sterownik HALDEX AUDI RS3 RSQ3 0CQ525554AA - Dorian Cz\u0119\u015bci","robots":{"index":"index","follow":"follow","max-snippet":"max-snippet:-1","max-image-preview":"max-image-preview:large","max-video-preview":"max-video-preview:-1"},"canonical":"https:\/\/dorian-czesci.sklep.pl\/en\/product\/sterownik-haldex-audi-rs3-rsq3-0cq525554aa\/","og_locale":"en_US","og_type":"article","og_title":"Sterownik HALDEX AUDI RS3 RSQ3 0CQ525554AA - Dorian Cz\u0119\u015bci","og_description":"STEROWNIK HALDEX AUDI &nbsp;RS3 RSQ3 0CQ525554AA","og_url":"https:\/\/dorian-czesci.sklep.pl\/en\/product\/sterownik-haldex-audi-rs3-rsq3-0cq525554aa\/","og_site_name":"Dorian Cz\u0119\u015bci","twitter_card":"summary_large_image","schema":{"@context":"https:\/\/schema.org","@graph":[{"@type":"WebPage","@id":"https:\/\/dorian-czesci.sklep.pl\/product\/sterownik-haldex-audi-rs3-rsq3-0cq525554aa\/","url":"https:\/\/dorian-czesci.sklep.pl\/product\/sterownik-haldex-audi-rs3-rsq3-0cq525554aa\/","name":"Sterownik HALDEX AUDI RS3 RSQ3 0CQ525554AA - Dorian Cz\u0119\u015bci","isPartOf":{"@id":"https:\/\/dorian-czesci.sklep.pl\/#website"},"primaryImageOfPage":{"@id":"https:\/\/dorian-czesci.sklep.pl\/product\/sterownik-haldex-audi-rs3-rsq3-0cq525554aa\/#primaryimage"},"image":{"@id":"https:\/\/dorian-czesci.sklep.pl\/product\/sterownik-haldex-audi-rs3-rsq3-0cq525554aa\/#primaryimage"},"thumbnailUrl":"https:\/\/dorian-czesci.sklep.pl\/wp-content\/uploads\/2025\/01\/aa57531b47f2b7e1c7d51890ada6.jpg","datePublished":"2025-01-07T11:32:18+00:00","dateModified":"2025-01-07T11:32:18+00:00","breadcrumb":{"@id":"https:\/\/dorian-czesci.sklep.pl\/product\/sterownik-haldex-audi-rs3-rsq3-0cq525554aa\/#breadcrumb"},"inLanguage":"en-US","potentialAction":[{"@type":"ReadAction","target":["https:\/\/dorian-czesci.sklep.pl\/product\/sterownik-haldex-audi-rs3-rsq3-0cq525554aa\/"]}]},{"@type":"ImageObject","inLanguage":"en-US","@id":"https:\/\/dorian-czesci.sklep.pl\/product\/sterownik-haldex-audi-rs3-rsq3-0cq525554aa\/#primaryimage","url":"https:\/\/dorian-czesci.sklep.pl\/wp-content\/uploads\/2025\/01\/aa57531b47f2b7e1c7d51890ada6.jpg","contentUrl":"https:\/\/dorian-czesci.sklep.pl\/wp-content\/uploads\/2025\/01\/aa57531b47f2b7e1c7d51890ada6.jpg","width":2048,"height":1536},{"@type":"BreadcrumbList","@id":"https:\/\/dorian-czesci.sklep.pl\/product\/sterownik-haldex-audi-rs3-rsq3-0cq525554aa\/#breadcrumb","itemListElement":[{"@type":"ListItem","position":1,"name":"Home","item":"https:\/\/dorian-czesci.sklep.pl\/"},{"@type":"ListItem","position":2,"name":"Shop","item":"https:\/\/dorian-czesci.sklep.pl\/shop-2\/"},{"@type":"ListItem","position":3,"name":"Sterownik HALDEX AUDI RS3 RSQ3 0CQ525554AA"}]},{"@type":"WebSite","@id":"https:\/\/dorian-czesci.sklep.pl\/#website","url":"https:\/\/dorian-czesci.sklep.pl\/","name":"Dorian Cz\u0119\u015bci","description":"Najwi\u0119kszy wyb\u00f3r cz\u0119\u015bci samochodowych","publisher":{"@id":"https:\/\/dorian-czesci.sklep.pl\/#organization"},"potentialAction":[{"@type":"SearchAction","target":{"@type":"EntryPoint","urlTemplate":"https:\/\/dorian-czesci.sklep.pl\/?s={search_term_string}"},"query-input":{"@type":"PropertyValueSpecification","valueRequired":true,"valueName":"search_term_string"}}],"inLanguage":"en-US"},{"@type":"Organization","@id":"https:\/\/dorian-czesci.sklep.pl\/#organization","name":"Dorian Cz\u0119\u015bci","url":"https:\/\/dorian-czesci.sklep.pl\/","logo":{"@type":"ImageObject","inLanguage":"en-US","@id":"https:\/\/dorian-czesci.sklep.pl\/#\/schema\/logo\/image\/","url":"https:\/\/dorian-czesci.sklep.pl\/wp-content\/uploads\/2021\/01\/logo1.png","contentUrl":"https:\/\/dorian-czesci.sklep.pl\/wp-content\/uploads\/2021\/01\/logo1.png","width":190,"height":114,"caption":"Dorian Cz\u0119\u015bci"},"image":{"@id":"https:\/\/dorian-czesci.sklep.pl\/#\/schema\/logo\/image\/"}}]}},"uagb_featured_image_src":{"full":["https:\/\/dorian-czesci.sklep.pl\/wp-content\/uploads\/2025\/01\/aa57531b47f2b7e1c7d51890ada6.jpg",2048,1536,false],"thumbnail":["https:\/\/dorian-czesci.sklep.pl\/wp-content\/uploads\/2025\/01\/aa57531b47f2b7e1c7d51890ada6-150x150.jpg",150,150,true],"medium":["https:\/\/dorian-czesci.sklep.pl\/wp-content\/uploads\/2025\/01\/aa57531b47f2b7e1c7d51890ada6-300x225.jpg",300,225,true],"medium_large":["https:\/\/dorian-czesci.sklep.pl\/wp-content\/uploads\/2025\/01\/aa57531b47f2b7e1c7d51890ada6-768x576.jpg",768,576,true],"large":["https:\/\/dorian-czesci.sklep.pl\/wp-content\/uploads\/2025\/01\/aa57531b47f2b7e1c7d51890ada6-1024x768.jpg",1024,768,true],"1536x1536":["https:\/\/dorian-czesci.sklep.pl\/wp-content\/uploads\/2025\/01\/aa57531b47f2b7e1c7d51890ada6-1536x1152.jpg",1536,1152,true],"2048x2048":["https:\/\/dorian-czesci.sklep.pl\/wp-content\/uploads\/2025\/01\/aa57531b47f2b7e1c7d51890ada6.jpg",2048,1536,false],"trp-custom-language-flag":["https:\/\/dorian-czesci.sklep.pl\/wp-content\/uploads\/2025\/01\/aa57531b47f2b7e1c7d51890ada6-16x12.jpg",16,12,true],"chromium-recent-posts-thumb-s":["https:\/\/dorian-czesci.sklep.pl\/wp-content\/uploads\/2025\/01\/aa57531b47f2b7e1c7d51890ada6-160x190.jpg",160,190,true],"chromium-recent-posts-thumb-m":["https:\/\/dorian-czesci.sklep.pl\/wp-content\/uploads\/2025\/01\/aa57531b47f2b7e1c7d51890ada6-225x267.jpg",225,267,true],"chromium-recent-posts-thumb-top":["https:\/\/dorian-czesci.sklep.pl\/wp-content\/uploads\/2025\/01\/aa57531b47f2b7e1c7d51890ada6-384x216.jpg",384,216,true],"chromium-gallery-s":["https:\/\/dorian-czesci.sklep.pl\/wp-content\/uploads\/2025\/01\/aa57531b47f2b7e1c7d51890ada6-384x216.jpg",384,216,true],"chromium-gallery-m":["https:\/\/dorian-czesci.sklep.pl\/wp-content\/uploads\/2025\/01\/aa57531b47f2b7e1c7d51890ada6-640x360.jpg",640,360,true],"chromium-gallery-l":["https:\/\/dorian-czesci.sklep.pl\/wp-content\/uploads\/2025\/01\/aa57531b47f2b7e1c7d51890ada6-1024x576.jpg",1024,576,true],"chromium-grid-blog":["https:\/\/dorian-czesci.sklep.pl\/wp-content\/uploads\/2025\/01\/aa57531b47f2b7e1c7d51890ada6-350x350.jpg",350,350,true],"chromium-grid-blog-m":["https:\/\/dorian-czesci.sklep.pl\/wp-content\/uploads\/2025\/01\/aa57531b47f2b7e1c7d51890ada6-600x600.jpg",600,600,true],"post-thumbnail":["https:\/\/dorian-czesci.sklep.pl\/wp-content\/uploads\/2025\/01\/aa57531b47f2b7e1c7d51890ada6-870x350.jpg",870,350,true],"woocommerce_thumbnail":["https:\/\/dorian-czesci.sklep.pl\/wp-content\/uploads\/2025\/01\/aa57531b47f2b7e1c7d51890ada6-300x300.jpg",300,300,true],"woocommerce_single":["https:\/\/dorian-czesci.sklep.pl\/wp-content\/uploads\/2025\/01\/aa57531b47f2b7e1c7d51890ada6-600x450.jpg",600,450,true],"woocommerce_gallery_thumbnail":["https:\/\/dorian-czesci.sklep.pl\/wp-content\/uploads\/2025\/01\/aa57531b47f2b7e1c7d51890ada6-100x100.jpg",100,100,true],"dgwt-wcas-product-suggestion":["https:\/\/dorian-czesci.sklep.pl\/wp-content\/uploads\/2025\/01\/aa57531b47f2b7e1c7d51890ada6-64x48.jpg",64,48,true]},"uagb_author_info":{"display_name":"Gregor","author_link":"https:\/\/dorian-czesci.sklep.pl\/en\/author\/"},"uagb_comment_info":0,"uagb_excerpt":"STEROWNIK HALDEX AUDI &nbsp;RS3 RSQ3 0CQ525554AA","_links":{"self":[{"href":"https:\/\/dorian-czesci.sklep.pl\/en\/wp-json\/wp\/v2\/product\/115172","targetHints":{"allow":["GET"]}}],"collection":[{"href":"https:\/\/dorian-czesci.sklep.pl\/en\/wp-json\/wp\/v2\/product"}],"about":[{"href":"https:\/\/dorian-czesci.sklep.pl\/en\/wp-json\/wp\/v2\/types\/product"}],"replies":[{"embeddable":true,"href":"https:\/\/dorian-czesci.sklep.pl\/en\/wp-json\/wp\/v2\/comments?post=115172"}],"wp:featuredmedia":[{"embeddable":true,"href":"https:\/\/dorian-czesci.sklep.pl\/en\/wp-json\/wp\/v2\/media\/115171"}],"wp:attachment":[{"href":"https:\/\/dorian-czesci.sklep.pl\/en\/wp-json\/wp\/v2\/media?parent=115172"}],"wp:term":[{"taxonomy":"product_cat","embeddable":true,"href":"https:\/\/dorian-czesci.sklep.pl\/en\/wp-json\/wp\/v2\/product_cat?post=115172"},{"taxonomy":"product_tag","embeddable":true,"href":"https:\/\/dorian-czesci.sklep.pl\/en\/wp-json\/wp\/v2\/product_tag?post=115172"}],"curies":[{"name":"wp","href":"https:\/\/api.w.org\/{rel}","templated":true}]}}