{"id":115280,"date":"2025-03-05T20:54:01","date_gmt":"2025-03-05T20:54:01","guid":{"rendered":"https:\/\/dorian-czesci.sklep.pl\/product\/most-dyferencjal-tylny-opel-mokka\/"},"modified":"2025-05-29T19:02:01","modified_gmt":"2025-05-29T19:02:01","slug":"most-dyferencjal-tylny-opel-mokka","status":"publish","type":"product","link":"https:\/\/dorian-czesci.sklep.pl\/en\/product\/most-dyferencjal-tylny-opel-mokka\/","title":{"rendered":"MOST DYFERENCJA\u0141 TYLNY OPEL MOKKA"},"content":{"rendered":"<section class=\"section\">\n<div class=\"item item-12\">\n<section class=\"text-item\">\n<p>MOST TYLNY NA WSZYSTKICH NOWYCH \u0141O\u017bYSKACH USZCZELNIACZACH SPRZEDAJEMY BEZ STEROWNIKA HALDEX STARY DO ZWROTU, GWARANCJA 12 MIESI\u0118CY. . Podsy\u0142amy w\u0142asnego kuriera po odbi\u00f3r starego<\/p>\n<\/section>\n<\/div>\n<\/section>","protected":false},"excerpt":{"rendered":"<p>MOST TYLNY NA WSZYSTKICH NOWYCH \u0141O\u017bYSKACH USZCZELNIACZACH SPRZEDAJEMY BEZ STEROWNIKA HALDEX STARY DO ZWROTU, GWARANCJA 12 MIESI\u0118CY. . Podsy\u0142amy w\u0142asnego kuriera po odbi\u00f3r starego<\/p>","protected":false},"featured_media":115279,"comment_status":"open","ping_status":"closed","template":"","meta":{"_uag_custom_page_level_css":""},"product_cat":[7852],"product_tag":[],"class_list":["post-115280","product","type-product","status-publish","has-post-thumbnail","hentry","product_cat-mosty-tylne","badges-style-2"],"yoast_head":"<!-- This site is optimized with the Yoast SEO plugin v24.2 - https:\/\/yoast.com\/wordpress\/plugins\/seo\/ -->\n<title>MOST DYFERENCJA\u0141 TYLNY OPEL MOKKA - Dorian Cz\u0119\u015bci<\/title>\n<meta name=\"robots\" content=\"index, follow, max-snippet:-1, max-image-preview:large, max-video-preview:-1\" \/>\n<link rel=\"canonical\" href=\"https:\/\/dorian-czesci.sklep.pl\/en\/product\/most-dyferencjal-tylny-opel-mokka\/\" \/>\n<meta property=\"og:locale\" content=\"en_US\" \/>\n<meta property=\"og:type\" content=\"article\" \/>\n<meta property=\"og:title\" content=\"MOST DYFERENCJA\u0141 TYLNY OPEL MOKKA - Dorian Cz\u0119\u015bci\" \/>\n<meta property=\"og:description\" content=\"MOST TYLNY NA WSZYSTKICH NOWYCH \u0141O\u017bYSKACH USZCZELNIACZACH SPRZEDAJEMY BEZ STEROWNIKA HALDEX STARY DO ZWROTU, GWARANCJA 12 MIESI\u0118CY. . Podsy\u0142amy w\u0142asnego kuriera po odbi\u00f3r starego\" \/>\n<meta property=\"og:url\" content=\"https:\/\/dorian-czesci.sklep.pl\/en\/product\/most-dyferencjal-tylny-opel-mokka\/\" \/>\n<meta property=\"og:site_name\" content=\"Dorian Cz\u0119\u015bci\" \/>\n<meta property=\"article:modified_time\" content=\"2025-05-29T19:02:01+00:00\" \/>\n<meta name=\"twitter:card\" content=\"summary_large_image\" \/>\n<script type=\"application\/ld+json\" class=\"yoast-schema-graph\">{\"@context\":\"https:\/\/schema.org\",\"@graph\":[{\"@type\":\"WebPage\",\"@id\":\"https:\/\/dorian-czesci.sklep.pl\/product\/most-dyferencjal-tylny-opel-mokka\/\",\"url\":\"https:\/\/dorian-czesci.sklep.pl\/product\/most-dyferencjal-tylny-opel-mokka\/\",\"name\":\"MOST DYFERENCJA\u0141 TYLNY OPEL MOKKA - Dorian Cz\u0119\u015bci\",\"isPartOf\":{\"@id\":\"https:\/\/dorian-czesci.sklep.pl\/#website\"},\"primaryImageOfPage\":{\"@id\":\"https:\/\/dorian-czesci.sklep.pl\/product\/most-dyferencjal-tylny-opel-mokka\/#primaryimage\"},\"image\":{\"@id\":\"https:\/\/dorian-czesci.sklep.pl\/product\/most-dyferencjal-tylny-opel-mokka\/#primaryimage\"},\"thumbnailUrl\":\"https:\/\/dorian-czesci.sklep.pl\/wp-content\/uploads\/2025\/03\/b4eb15dd4d7594ad3db20ad9bcb1.jpg\",\"datePublished\":\"2025-03-05T20:54:01+00:00\",\"dateModified\":\"2025-05-29T19:02:01+00:00\",\"breadcrumb\":{\"@id\":\"https:\/\/dorian-czesci.sklep.pl\/product\/most-dyferencjal-tylny-opel-mokka\/#breadcrumb\"},\"inLanguage\":\"en-US\",\"potentialAction\":[{\"@type\":\"ReadAction\",\"target\":[\"https:\/\/dorian-czesci.sklep.pl\/product\/most-dyferencjal-tylny-opel-mokka\/\"]}]},{\"@type\":\"ImageObject\",\"inLanguage\":\"en-US\",\"@id\":\"https:\/\/dorian-czesci.sklep.pl\/product\/most-dyferencjal-tylny-opel-mokka\/#primaryimage\",\"url\":\"https:\/\/dorian-czesci.sklep.pl\/wp-content\/uploads\/2025\/03\/b4eb15dd4d7594ad3db20ad9bcb1.jpg\",\"contentUrl\":\"https:\/\/dorian-czesci.sklep.pl\/wp-content\/uploads\/2025\/03\/b4eb15dd4d7594ad3db20ad9bcb1.jpg\",\"width\":670,\"height\":650},{\"@type\":\"BreadcrumbList\",\"@id\":\"https:\/\/dorian-czesci.sklep.pl\/product\/most-dyferencjal-tylny-opel-mokka\/#breadcrumb\",\"itemListElement\":[{\"@type\":\"ListItem\",\"position\":1,\"name\":\"Home\",\"item\":\"https:\/\/dorian-czesci.sklep.pl\/\"},{\"@type\":\"ListItem\",\"position\":2,\"name\":\"Shop\",\"item\":\"https:\/\/dorian-czesci.sklep.pl\/shop-2\/\"},{\"@type\":\"ListItem\",\"position\":3,\"name\":\"MOST DYFERENCJA\u0141 TYLNY OPEL MOKKA\"}]},{\"@type\":\"WebSite\",\"@id\":\"https:\/\/dorian-czesci.sklep.pl\/#website\",\"url\":\"https:\/\/dorian-czesci.sklep.pl\/\",\"name\":\"Dorian Cz\u0119\u015bci\",\"description\":\"Najwi\u0119kszy wyb\u00f3r cz\u0119\u015bci samochodowych\",\"publisher\":{\"@id\":\"https:\/\/dorian-czesci.sklep.pl\/#organization\"},\"potentialAction\":[{\"@type\":\"SearchAction\",\"target\":{\"@type\":\"EntryPoint\",\"urlTemplate\":\"https:\/\/dorian-czesci.sklep.pl\/?s={search_term_string}\"},\"query-input\":{\"@type\":\"PropertyValueSpecification\",\"valueRequired\":true,\"valueName\":\"search_term_string\"}}],\"inLanguage\":\"en-US\"},{\"@type\":\"Organization\",\"@id\":\"https:\/\/dorian-czesci.sklep.pl\/#organization\",\"name\":\"Dorian Cz\u0119\u015bci\",\"url\":\"https:\/\/dorian-czesci.sklep.pl\/\",\"logo\":{\"@type\":\"ImageObject\",\"inLanguage\":\"en-US\",\"@id\":\"https:\/\/dorian-czesci.sklep.pl\/#\/schema\/logo\/image\/\",\"url\":\"https:\/\/dorian-czesci.sklep.pl\/wp-content\/uploads\/2021\/01\/logo1.png\",\"contentUrl\":\"https:\/\/dorian-czesci.sklep.pl\/wp-content\/uploads\/2021\/01\/logo1.png\",\"width\":190,\"height\":114,\"caption\":\"Dorian Cz\u0119\u015bci\"},\"image\":{\"@id\":\"https:\/\/dorian-czesci.sklep.pl\/#\/schema\/logo\/image\/\"}}]}<\/script>\n<!-- \/ Yoast SEO plugin. -->","yoast_head_json":{"title":"MOST DYFERENCJA\u0141 TYLNY OPEL MOKKA - Dorian Cz\u0119\u015bci","robots":{"index":"index","follow":"follow","max-snippet":"max-snippet:-1","max-image-preview":"max-image-preview:large","max-video-preview":"max-video-preview:-1"},"canonical":"https:\/\/dorian-czesci.sklep.pl\/en\/product\/most-dyferencjal-tylny-opel-mokka\/","og_locale":"en_US","og_type":"article","og_title":"MOST DYFERENCJA\u0141 TYLNY OPEL MOKKA - Dorian Cz\u0119\u015bci","og_description":"MOST TYLNY NA WSZYSTKICH NOWYCH \u0141O\u017bYSKACH USZCZELNIACZACH SPRZEDAJEMY BEZ STEROWNIKA HALDEX STARY DO ZWROTU, GWARANCJA 12 MIESI\u0118CY. . Podsy\u0142amy w\u0142asnego kuriera po odbi\u00f3r starego","og_url":"https:\/\/dorian-czesci.sklep.pl\/en\/product\/most-dyferencjal-tylny-opel-mokka\/","og_site_name":"Dorian Cz\u0119\u015bci","article_modified_time":"2025-05-29T19:02:01+00:00","twitter_card":"summary_large_image","schema":{"@context":"https:\/\/schema.org","@graph":[{"@type":"WebPage","@id":"https:\/\/dorian-czesci.sklep.pl\/product\/most-dyferencjal-tylny-opel-mokka\/","url":"https:\/\/dorian-czesci.sklep.pl\/product\/most-dyferencjal-tylny-opel-mokka\/","name":"MOST DYFERENCJA\u0141 TYLNY OPEL MOKKA - Dorian Cz\u0119\u015bci","isPartOf":{"@id":"https:\/\/dorian-czesci.sklep.pl\/#website"},"primaryImageOfPage":{"@id":"https:\/\/dorian-czesci.sklep.pl\/product\/most-dyferencjal-tylny-opel-mokka\/#primaryimage"},"image":{"@id":"https:\/\/dorian-czesci.sklep.pl\/product\/most-dyferencjal-tylny-opel-mokka\/#primaryimage"},"thumbnailUrl":"https:\/\/dorian-czesci.sklep.pl\/wp-content\/uploads\/2025\/03\/b4eb15dd4d7594ad3db20ad9bcb1.jpg","datePublished":"2025-03-05T20:54:01+00:00","dateModified":"2025-05-29T19:02:01+00:00","breadcrumb":{"@id":"https:\/\/dorian-czesci.sklep.pl\/product\/most-dyferencjal-tylny-opel-mokka\/#breadcrumb"},"inLanguage":"en-US","potentialAction":[{"@type":"ReadAction","target":["https:\/\/dorian-czesci.sklep.pl\/product\/most-dyferencjal-tylny-opel-mokka\/"]}]},{"@type":"ImageObject","inLanguage":"en-US","@id":"https:\/\/dorian-czesci.sklep.pl\/product\/most-dyferencjal-tylny-opel-mokka\/#primaryimage","url":"https:\/\/dorian-czesci.sklep.pl\/wp-content\/uploads\/2025\/03\/b4eb15dd4d7594ad3db20ad9bcb1.jpg","contentUrl":"https:\/\/dorian-czesci.sklep.pl\/wp-content\/uploads\/2025\/03\/b4eb15dd4d7594ad3db20ad9bcb1.jpg","width":670,"height":650},{"@type":"BreadcrumbList","@id":"https:\/\/dorian-czesci.sklep.pl\/product\/most-dyferencjal-tylny-opel-mokka\/#breadcrumb","itemListElement":[{"@type":"ListItem","position":1,"name":"Home","item":"https:\/\/dorian-czesci.sklep.pl\/"},{"@type":"ListItem","position":2,"name":"Shop","item":"https:\/\/dorian-czesci.sklep.pl\/shop-2\/"},{"@type":"ListItem","position":3,"name":"MOST DYFERENCJA\u0141 TYLNY OPEL MOKKA"}]},{"@type":"WebSite","@id":"https:\/\/dorian-czesci.sklep.pl\/#website","url":"https:\/\/dorian-czesci.sklep.pl\/","name":"Dorian Cz\u0119\u015bci","description":"Najwi\u0119kszy wyb\u00f3r cz\u0119\u015bci samochodowych","publisher":{"@id":"https:\/\/dorian-czesci.sklep.pl\/#organization"},"potentialAction":[{"@type":"SearchAction","target":{"@type":"EntryPoint","urlTemplate":"https:\/\/dorian-czesci.sklep.pl\/?s={search_term_string}"},"query-input":{"@type":"PropertyValueSpecification","valueRequired":true,"valueName":"search_term_string"}}],"inLanguage":"en-US"},{"@type":"Organization","@id":"https:\/\/dorian-czesci.sklep.pl\/#organization","name":"Dorian Cz\u0119\u015bci","url":"https:\/\/dorian-czesci.sklep.pl\/","logo":{"@type":"ImageObject","inLanguage":"en-US","@id":"https:\/\/dorian-czesci.sklep.pl\/#\/schema\/logo\/image\/","url":"https:\/\/dorian-czesci.sklep.pl\/wp-content\/uploads\/2021\/01\/logo1.png","contentUrl":"https:\/\/dorian-czesci.sklep.pl\/wp-content\/uploads\/2021\/01\/logo1.png","width":190,"height":114,"caption":"Dorian Cz\u0119\u015bci"},"image":{"@id":"https:\/\/dorian-czesci.sklep.pl\/#\/schema\/logo\/image\/"}}]}},"uagb_featured_image_src":{"full":["https:\/\/dorian-czesci.sklep.pl\/wp-content\/uploads\/2025\/03\/b4eb15dd4d7594ad3db20ad9bcb1.jpg",670,650,false],"thumbnail":["https:\/\/dorian-czesci.sklep.pl\/wp-content\/uploads\/2025\/03\/b4eb15dd4d7594ad3db20ad9bcb1-150x150.jpg",150,150,true],"medium":["https:\/\/dorian-czesci.sklep.pl\/wp-content\/uploads\/2025\/03\/b4eb15dd4d7594ad3db20ad9bcb1-300x291.jpg",300,291,true],"medium_large":["https:\/\/dorian-czesci.sklep.pl\/wp-content\/uploads\/2025\/03\/b4eb15dd4d7594ad3db20ad9bcb1.jpg",670,650,false],"large":["https:\/\/dorian-czesci.sklep.pl\/wp-content\/uploads\/2025\/03\/b4eb15dd4d7594ad3db20ad9bcb1.jpg",670,650,false],"1536x1536":["https:\/\/dorian-czesci.sklep.pl\/wp-content\/uploads\/2025\/03\/b4eb15dd4d7594ad3db20ad9bcb1.jpg",670,650,false],"2048x2048":["https:\/\/dorian-czesci.sklep.pl\/wp-content\/uploads\/2025\/03\/b4eb15dd4d7594ad3db20ad9bcb1.jpg",670,650,false],"trp-custom-language-flag":["https:\/\/dorian-czesci.sklep.pl\/wp-content\/uploads\/2025\/03\/b4eb15dd4d7594ad3db20ad9bcb1-12x12.jpg",12,12,true],"chromium-recent-posts-thumb-s":["https:\/\/dorian-czesci.sklep.pl\/wp-content\/uploads\/2025\/03\/b4eb15dd4d7594ad3db20ad9bcb1-160x190.jpg",160,190,true],"chromium-recent-posts-thumb-m":["https:\/\/dorian-czesci.sklep.pl\/wp-content\/uploads\/2025\/03\/b4eb15dd4d7594ad3db20ad9bcb1-225x267.jpg",225,267,true],"chromium-recent-posts-thumb-top":["https:\/\/dorian-czesci.sklep.pl\/wp-content\/uploads\/2025\/03\/b4eb15dd4d7594ad3db20ad9bcb1-384x216.jpg",384,216,true],"chromium-gallery-s":["https:\/\/dorian-czesci.sklep.pl\/wp-content\/uploads\/2025\/03\/b4eb15dd4d7594ad3db20ad9bcb1-384x216.jpg",384,216,true],"chromium-gallery-m":["https:\/\/dorian-czesci.sklep.pl\/wp-content\/uploads\/2025\/03\/b4eb15dd4d7594ad3db20ad9bcb1-640x360.jpg",640,360,true],"chromium-gallery-l":["https:\/\/dorian-czesci.sklep.pl\/wp-content\/uploads\/2025\/03\/b4eb15dd4d7594ad3db20ad9bcb1-670x576.jpg",670,576,true],"chromium-grid-blog":["https:\/\/dorian-czesci.sklep.pl\/wp-content\/uploads\/2025\/03\/b4eb15dd4d7594ad3db20ad9bcb1-350x350.jpg",350,350,true],"chromium-grid-blog-m":["https:\/\/dorian-czesci.sklep.pl\/wp-content\/uploads\/2025\/03\/b4eb15dd4d7594ad3db20ad9bcb1-600x600.jpg",600,600,true],"post-thumbnail":["https:\/\/dorian-czesci.sklep.pl\/wp-content\/uploads\/2025\/03\/b4eb15dd4d7594ad3db20ad9bcb1-670x350.jpg",670,350,true],"woocommerce_thumbnail":["https:\/\/dorian-czesci.sklep.pl\/wp-content\/uploads\/2025\/03\/b4eb15dd4d7594ad3db20ad9bcb1-300x300.jpg",300,300,true],"woocommerce_single":["https:\/\/dorian-czesci.sklep.pl\/wp-content\/uploads\/2025\/03\/b4eb15dd4d7594ad3db20ad9bcb1-600x582.jpg",600,582,true],"woocommerce_gallery_thumbnail":["https:\/\/dorian-czesci.sklep.pl\/wp-content\/uploads\/2025\/03\/b4eb15dd4d7594ad3db20ad9bcb1-100x100.jpg",100,100,true],"dgwt-wcas-product-suggestion":["https:\/\/dorian-czesci.sklep.pl\/wp-content\/uploads\/2025\/03\/b4eb15dd4d7594ad3db20ad9bcb1-64x62.jpg",64,62,true]},"uagb_author_info":{"display_name":"Gregor","author_link":"https:\/\/dorian-czesci.sklep.pl\/en\/author\/"},"uagb_comment_info":0,"uagb_excerpt":"MOST TYLNY NA WSZYSTKICH NOWYCH \u0141O\u017bYSKACH USZCZELNIACZACH SPRZEDAJEMY BEZ STEROWNIKA HALDEX STARY DO ZWROTU, GWARANCJA 12 MIESI\u0118CY. . Podsy\u0142amy w\u0142asnego kuriera po odbi\u00f3r starego","_links":{"self":[{"href":"https:\/\/dorian-czesci.sklep.pl\/en\/wp-json\/wp\/v2\/product\/115280","targetHints":{"allow":["GET"]}}],"collection":[{"href":"https:\/\/dorian-czesci.sklep.pl\/en\/wp-json\/wp\/v2\/product"}],"about":[{"href":"https:\/\/dorian-czesci.sklep.pl\/en\/wp-json\/wp\/v2\/types\/product"}],"replies":[{"embeddable":true,"href":"https:\/\/dorian-czesci.sklep.pl\/en\/wp-json\/wp\/v2\/comments?post=115280"}],"wp:featuredmedia":[{"embeddable":true,"href":"https:\/\/dorian-czesci.sklep.pl\/en\/wp-json\/wp\/v2\/media\/115279"}],"wp:attachment":[{"href":"https:\/\/dorian-czesci.sklep.pl\/en\/wp-json\/wp\/v2\/media?parent=115280"}],"wp:term":[{"taxonomy":"product_cat","embeddable":true,"href":"https:\/\/dorian-czesci.sklep.pl\/en\/wp-json\/wp\/v2\/product_cat?post=115280"},{"taxonomy":"product_tag","embeddable":true,"href":"https:\/\/dorian-czesci.sklep.pl\/en\/wp-json\/wp\/v2\/product_tag?post=115280"}],"curies":[{"name":"wp","href":"https:\/\/api.w.org\/{rel}","templated":true}]}}