{"id":98551,"date":"2023-10-27T13:28:52","date_gmt":"2023-10-27T13:28:52","guid":{"rendered":"https:\/\/dorian-czesci.sklep.pl\/product\/sprezarka-klimatyzacji-audi-a4-b6-a6-c5-2001-2004\/"},"modified":"2023-10-27T13:28:53","modified_gmt":"2023-10-27T13:28:53","slug":"sprezarka-klimatyzacji-audi-a4-b6-a6-c5-2001-2004","status":"publish","type":"product","link":"https:\/\/dorian-czesci.sklep.pl\/en\/product\/sprezarka-klimatyzacji-audi-a4-b6-a6-c5-2001-2004\/","title":{"rendered":"SPR\u0118\u017bARKA KLIMATYZACJI AUDI A4 B6 A6 C5 2001-2004"},"content":{"rendered":"<section class=\"section\">\n<div class=\"item item-12\">\n<section class=\"text-item\">\n<h1>AIR CONDITIONING COMPRESSOR<\/h1>\n<h1>AUDI A4 B6 A6 C5<\/h1>\n<h1>2001-2003<\/h1>\n<h1>8E0260805 8E0260805D 8E0260805T 8E0260805M 8E0260805N<\/h1>\n<h1>EACH COMPRESSOR IS CHECKED ON A PROFESSIONAL MACHINE BEFORE SHIPMENT<\/h1>\n<h1>WE PROVIDE ANNUAL WARRANTY. FOR EVERY COMPRESSOR<\/h1>\n<h1>OLD COMPRESSOR FOR RETURN!<\/h1>\n<h1>WE HAVE A LOT OF EXPERIENCE, WE KNOW WHICH NEWEST COMPRESSOR MODELS FIT OLDER CAR MODELS<\/h1>\n<\/section>\n<\/div>\n<\/section>","protected":false},"excerpt":{"rendered":"<p>SPR\u0118\u017bARKA KLIMATYZACJI AUDI A4 B6 A6 C5 2001-2003 8E0260805 8E0260805D 8E0260805T 8E0260805M 8E0260805N KA\u017bDA SPR\u0118\u017bARKA PRZED WYSY\u0141K\u0104 JEST SPRAWDZANA NA PROFESJONALNEJ MASZYNIE UDZIELAMY ROCZNEJ GWAR. NA KA\u017bDY KOMPRESOR STARA SPR\u0118\u017bARKA DO ZWROTU! POSIADAMY DU\u017bE DO\u015aWIADCZENIE, WIEMY KT\u00d3RE NOWSZE MODELE SPR\u0118\u017bAREK PASUJ\u0104 DO STARSZYCH MODELI SAMOCHOD\u00d3W<\/p>","protected":false},"featured_media":98547,"comment_status":"open","ping_status":"closed","template":"","meta":{"_uag_custom_page_level_css":""},"product_cat":[141],"product_tag":[],"class_list":["post-98551","product","type-product","status-publish","has-post-thumbnail","hentry","product_cat-kompresory-klimatyzacji-kompresory-klimatyzacji","badges-style-2"],"yoast_head":"<!-- This site is optimized with the Yoast SEO plugin v24.2 - https:\/\/yoast.com\/wordpress\/plugins\/seo\/ -->\n<title>SPR\u0118\u017bARKA KLIMATYZACJI AUDI A4 B6 A6 C5 2001-2004 - Dorian Cz\u0119\u015bci<\/title>\n<meta name=\"robots\" content=\"index, follow, max-snippet:-1, max-image-preview:large, max-video-preview:-1\" \/>\n<link rel=\"canonical\" href=\"https:\/\/dorian-czesci.sklep.pl\/en\/product\/sprezarka-klimatyzacji-audi-a4-b6-a6-c5-2001-2004\/\" \/>\n<meta property=\"og:locale\" content=\"en_US\" \/>\n<meta property=\"og:type\" content=\"article\" \/>\n<meta property=\"og:title\" content=\"SPR\u0118\u017bARKA KLIMATYZACJI AUDI A4 B6 A6 C5 2001-2004 - Dorian Cz\u0119\u015bci\" \/>\n<meta property=\"og:description\" content=\"SPR\u0118\u017bARKA KLIMATYZACJI AUDI A4 B6 A6 C5 2001-2003 8E0260805 8E0260805D 8E0260805T 8E0260805M 8E0260805N KA\u017bDA SPR\u0118\u017bARKA PRZED WYSY\u0141K\u0104 JEST SPRAWDZANA NA PROFESJONALNEJ MASZYNIE UDZIELAMY ROCZNEJ GWAR. NA KA\u017bDY KOMPRESOR STARA SPR\u0118\u017bARKA DO ZWROTU! POSIADAMY DU\u017bE DO\u015aWIADCZENIE, WIEMY KT\u00d3RE NOWSZE MODELE SPR\u0118\u017bAREK PASUJ\u0104 DO STARSZYCH MODELI SAMOCHOD\u00d3W\" \/>\n<meta property=\"og:url\" content=\"https:\/\/dorian-czesci.sklep.pl\/en\/product\/sprezarka-klimatyzacji-audi-a4-b6-a6-c5-2001-2004\/\" \/>\n<meta property=\"og:site_name\" content=\"Dorian Cz\u0119\u015bci\" \/>\n<meta property=\"article:modified_time\" content=\"2023-10-27T13:28:53+00:00\" \/>\n<meta name=\"twitter:card\" content=\"summary_large_image\" \/>\n<script type=\"application\/ld+json\" class=\"yoast-schema-graph\">{\"@context\":\"https:\/\/schema.org\",\"@graph\":[{\"@type\":\"WebPage\",\"@id\":\"https:\/\/dorian-czesci.sklep.pl\/product\/sprezarka-klimatyzacji-audi-a4-b6-a6-c5-2001-2004\/\",\"url\":\"https:\/\/dorian-czesci.sklep.pl\/product\/sprezarka-klimatyzacji-audi-a4-b6-a6-c5-2001-2004\/\",\"name\":\"SPR\u0118\u017bARKA KLIMATYZACJI AUDI A4 B6 A6 C5 2001-2004 - Dorian Cz\u0119\u015bci\",\"isPartOf\":{\"@id\":\"https:\/\/dorian-czesci.sklep.pl\/#website\"},\"primaryImageOfPage\":{\"@id\":\"https:\/\/dorian-czesci.sklep.pl\/product\/sprezarka-klimatyzacji-audi-a4-b6-a6-c5-2001-2004\/#primaryimage\"},\"image\":{\"@id\":\"https:\/\/dorian-czesci.sklep.pl\/product\/sprezarka-klimatyzacji-audi-a4-b6-a6-c5-2001-2004\/#primaryimage\"},\"thumbnailUrl\":\"https:\/\/dorian-czesci.sklep.pl\/wp-content\/uploads\/2023\/10\/44fe56084314ada122bd130e2bb1.jpg\",\"datePublished\":\"2023-10-27T13:28:52+00:00\",\"dateModified\":\"2023-10-27T13:28:53+00:00\",\"breadcrumb\":{\"@id\":\"https:\/\/dorian-czesci.sklep.pl\/product\/sprezarka-klimatyzacji-audi-a4-b6-a6-c5-2001-2004\/#breadcrumb\"},\"inLanguage\":\"en-US\",\"potentialAction\":[{\"@type\":\"ReadAction\",\"target\":[\"https:\/\/dorian-czesci.sklep.pl\/product\/sprezarka-klimatyzacji-audi-a4-b6-a6-c5-2001-2004\/\"]}]},{\"@type\":\"ImageObject\",\"inLanguage\":\"en-US\",\"@id\":\"https:\/\/dorian-czesci.sklep.pl\/product\/sprezarka-klimatyzacji-audi-a4-b6-a6-c5-2001-2004\/#primaryimage\",\"url\":\"https:\/\/dorian-czesci.sklep.pl\/wp-content\/uploads\/2023\/10\/44fe56084314ada122bd130e2bb1.jpg\",\"contentUrl\":\"https:\/\/dorian-czesci.sklep.pl\/wp-content\/uploads\/2023\/10\/44fe56084314ada122bd130e2bb1.jpg\",\"width\":577,\"height\":433},{\"@type\":\"BreadcrumbList\",\"@id\":\"https:\/\/dorian-czesci.sklep.pl\/product\/sprezarka-klimatyzacji-audi-a4-b6-a6-c5-2001-2004\/#breadcrumb\",\"itemListElement\":[{\"@type\":\"ListItem\",\"position\":1,\"name\":\"Home\",\"item\":\"https:\/\/dorian-czesci.sklep.pl\/\"},{\"@type\":\"ListItem\",\"position\":2,\"name\":\"Shop\",\"item\":\"https:\/\/dorian-czesci.sklep.pl\/shop-2\/\"},{\"@type\":\"ListItem\",\"position\":3,\"name\":\"SPR\u0118\u017bARKA KLIMATYZACJI AUDI A4 B6 A6 C5 2001-2004\"}]},{\"@type\":\"WebSite\",\"@id\":\"https:\/\/dorian-czesci.sklep.pl\/#website\",\"url\":\"https:\/\/dorian-czesci.sklep.pl\/\",\"name\":\"Dorian Cz\u0119\u015bci\",\"description\":\"Najwi\u0119kszy wyb\u00f3r cz\u0119\u015bci samochodowych\",\"publisher\":{\"@id\":\"https:\/\/dorian-czesci.sklep.pl\/#organization\"},\"potentialAction\":[{\"@type\":\"SearchAction\",\"target\":{\"@type\":\"EntryPoint\",\"urlTemplate\":\"https:\/\/dorian-czesci.sklep.pl\/?s={search_term_string}\"},\"query-input\":{\"@type\":\"PropertyValueSpecification\",\"valueRequired\":true,\"valueName\":\"search_term_string\"}}],\"inLanguage\":\"en-US\"},{\"@type\":\"Organization\",\"@id\":\"https:\/\/dorian-czesci.sklep.pl\/#organization\",\"name\":\"Dorian Cz\u0119\u015bci\",\"url\":\"https:\/\/dorian-czesci.sklep.pl\/\",\"logo\":{\"@type\":\"ImageObject\",\"inLanguage\":\"en-US\",\"@id\":\"https:\/\/dorian-czesci.sklep.pl\/#\/schema\/logo\/image\/\",\"url\":\"https:\/\/dorian-czesci.sklep.pl\/wp-content\/uploads\/2021\/01\/logo1.png\",\"contentUrl\":\"https:\/\/dorian-czesci.sklep.pl\/wp-content\/uploads\/2021\/01\/logo1.png\",\"width\":190,\"height\":114,\"caption\":\"Dorian Cz\u0119\u015bci\"},\"image\":{\"@id\":\"https:\/\/dorian-czesci.sklep.pl\/#\/schema\/logo\/image\/\"}}]}<\/script>\n<!-- \/ Yoast SEO plugin. -->","yoast_head_json":{"title":"SPR\u0118\u017bARKA KLIMATYZACJI AUDI A4 B6 A6 C5 2001-2004 - Dorian Cz\u0119\u015bci","robots":{"index":"index","follow":"follow","max-snippet":"max-snippet:-1","max-image-preview":"max-image-preview:large","max-video-preview":"max-video-preview:-1"},"canonical":"https:\/\/dorian-czesci.sklep.pl\/en\/product\/sprezarka-klimatyzacji-audi-a4-b6-a6-c5-2001-2004\/","og_locale":"en_US","og_type":"article","og_title":"SPR\u0118\u017bARKA KLIMATYZACJI AUDI A4 B6 A6 C5 2001-2004 - Dorian Cz\u0119\u015bci","og_description":"SPR\u0118\u017bARKA KLIMATYZACJI AUDI A4 B6 A6 C5 2001-2003 8E0260805 8E0260805D 8E0260805T 8E0260805M 8E0260805N KA\u017bDA SPR\u0118\u017bARKA PRZED WYSY\u0141K\u0104 JEST SPRAWDZANA NA PROFESJONALNEJ MASZYNIE UDZIELAMY ROCZNEJ GWAR. NA KA\u017bDY KOMPRESOR STARA SPR\u0118\u017bARKA DO ZWROTU! POSIADAMY DU\u017bE DO\u015aWIADCZENIE, WIEMY KT\u00d3RE NOWSZE MODELE SPR\u0118\u017bAREK PASUJ\u0104 DO STARSZYCH MODELI SAMOCHOD\u00d3W","og_url":"https:\/\/dorian-czesci.sklep.pl\/en\/product\/sprezarka-klimatyzacji-audi-a4-b6-a6-c5-2001-2004\/","og_site_name":"Dorian Cz\u0119\u015bci","article_modified_time":"2023-10-27T13:28:53+00:00","twitter_card":"summary_large_image","schema":{"@context":"https:\/\/schema.org","@graph":[{"@type":"WebPage","@id":"https:\/\/dorian-czesci.sklep.pl\/product\/sprezarka-klimatyzacji-audi-a4-b6-a6-c5-2001-2004\/","url":"https:\/\/dorian-czesci.sklep.pl\/product\/sprezarka-klimatyzacji-audi-a4-b6-a6-c5-2001-2004\/","name":"SPR\u0118\u017bARKA KLIMATYZACJI AUDI A4 B6 A6 C5 2001-2004 - Dorian Cz\u0119\u015bci","isPartOf":{"@id":"https:\/\/dorian-czesci.sklep.pl\/#website"},"primaryImageOfPage":{"@id":"https:\/\/dorian-czesci.sklep.pl\/product\/sprezarka-klimatyzacji-audi-a4-b6-a6-c5-2001-2004\/#primaryimage"},"image":{"@id":"https:\/\/dorian-czesci.sklep.pl\/product\/sprezarka-klimatyzacji-audi-a4-b6-a6-c5-2001-2004\/#primaryimage"},"thumbnailUrl":"https:\/\/dorian-czesci.sklep.pl\/wp-content\/uploads\/2023\/10\/44fe56084314ada122bd130e2bb1.jpg","datePublished":"2023-10-27T13:28:52+00:00","dateModified":"2023-10-27T13:28:53+00:00","breadcrumb":{"@id":"https:\/\/dorian-czesci.sklep.pl\/product\/sprezarka-klimatyzacji-audi-a4-b6-a6-c5-2001-2004\/#breadcrumb"},"inLanguage":"en-US","potentialAction":[{"@type":"ReadAction","target":["https:\/\/dorian-czesci.sklep.pl\/product\/sprezarka-klimatyzacji-audi-a4-b6-a6-c5-2001-2004\/"]}]},{"@type":"ImageObject","inLanguage":"en-US","@id":"https:\/\/dorian-czesci.sklep.pl\/product\/sprezarka-klimatyzacji-audi-a4-b6-a6-c5-2001-2004\/#primaryimage","url":"https:\/\/dorian-czesci.sklep.pl\/wp-content\/uploads\/2023\/10\/44fe56084314ada122bd130e2bb1.jpg","contentUrl":"https:\/\/dorian-czesci.sklep.pl\/wp-content\/uploads\/2023\/10\/44fe56084314ada122bd130e2bb1.jpg","width":577,"height":433},{"@type":"BreadcrumbList","@id":"https:\/\/dorian-czesci.sklep.pl\/product\/sprezarka-klimatyzacji-audi-a4-b6-a6-c5-2001-2004\/#breadcrumb","itemListElement":[{"@type":"ListItem","position":1,"name":"Home","item":"https:\/\/dorian-czesci.sklep.pl\/"},{"@type":"ListItem","position":2,"name":"Shop","item":"https:\/\/dorian-czesci.sklep.pl\/shop-2\/"},{"@type":"ListItem","position":3,"name":"SPR\u0118\u017bARKA KLIMATYZACJI AUDI A4 B6 A6 C5 2001-2004"}]},{"@type":"WebSite","@id":"https:\/\/dorian-czesci.sklep.pl\/#website","url":"https:\/\/dorian-czesci.sklep.pl\/","name":"Dorian Cz\u0119\u015bci","description":"Najwi\u0119kszy wyb\u00f3r cz\u0119\u015bci samochodowych","publisher":{"@id":"https:\/\/dorian-czesci.sklep.pl\/#organization"},"potentialAction":[{"@type":"SearchAction","target":{"@type":"EntryPoint","urlTemplate":"https:\/\/dorian-czesci.sklep.pl\/?s={search_term_string}"},"query-input":{"@type":"PropertyValueSpecification","valueRequired":true,"valueName":"search_term_string"}}],"inLanguage":"en-US"},{"@type":"Organization","@id":"https:\/\/dorian-czesci.sklep.pl\/#organization","name":"Dorian Cz\u0119\u015bci","url":"https:\/\/dorian-czesci.sklep.pl\/","logo":{"@type":"ImageObject","inLanguage":"en-US","@id":"https:\/\/dorian-czesci.sklep.pl\/#\/schema\/logo\/image\/","url":"https:\/\/dorian-czesci.sklep.pl\/wp-content\/uploads\/2021\/01\/logo1.png","contentUrl":"https:\/\/dorian-czesci.sklep.pl\/wp-content\/uploads\/2021\/01\/logo1.png","width":190,"height":114,"caption":"Dorian Cz\u0119\u015bci"},"image":{"@id":"https:\/\/dorian-czesci.sklep.pl\/#\/schema\/logo\/image\/"}}]}},"uagb_featured_image_src":{"full":["https:\/\/dorian-czesci.sklep.pl\/wp-content\/uploads\/2023\/10\/44fe56084314ada122bd130e2bb1.jpg",577,433,false],"thumbnail":["https:\/\/dorian-czesci.sklep.pl\/wp-content\/uploads\/2023\/10\/44fe56084314ada122bd130e2bb1-150x150.jpg",150,150,true],"medium":["https:\/\/dorian-czesci.sklep.pl\/wp-content\/uploads\/2023\/10\/44fe56084314ada122bd130e2bb1-300x225.jpg",300,225,true],"medium_large":["https:\/\/dorian-czesci.sklep.pl\/wp-content\/uploads\/2023\/10\/44fe56084314ada122bd130e2bb1.jpg",577,433,false],"large":["https:\/\/dorian-czesci.sklep.pl\/wp-content\/uploads\/2023\/10\/44fe56084314ada122bd130e2bb1.jpg",577,433,false],"1536x1536":["https:\/\/dorian-czesci.sklep.pl\/wp-content\/uploads\/2023\/10\/44fe56084314ada122bd130e2bb1.jpg",577,433,false],"2048x2048":["https:\/\/dorian-czesci.sklep.pl\/wp-content\/uploads\/2023\/10\/44fe56084314ada122bd130e2bb1.jpg",577,433,false],"trp-custom-language-flag":["https:\/\/dorian-czesci.sklep.pl\/wp-content\/uploads\/2023\/10\/44fe56084314ada122bd130e2bb1-16x12.jpg",16,12,true],"chromium-recent-posts-thumb-s":["https:\/\/dorian-czesci.sklep.pl\/wp-content\/uploads\/2023\/10\/44fe56084314ada122bd130e2bb1-160x190.jpg",160,190,true],"chromium-recent-posts-thumb-m":["https:\/\/dorian-czesci.sklep.pl\/wp-content\/uploads\/2023\/10\/44fe56084314ada122bd130e2bb1-225x267.jpg",225,267,true],"chromium-recent-posts-thumb-top":["https:\/\/dorian-czesci.sklep.pl\/wp-content\/uploads\/2023\/10\/44fe56084314ada122bd130e2bb1-384x216.jpg",384,216,true],"chromium-gallery-s":["https:\/\/dorian-czesci.sklep.pl\/wp-content\/uploads\/2023\/10\/44fe56084314ada122bd130e2bb1-384x216.jpg",384,216,true],"chromium-gallery-m":["https:\/\/dorian-czesci.sklep.pl\/wp-content\/uploads\/2023\/10\/44fe56084314ada122bd130e2bb1-577x360.jpg",577,360,true],"chromium-gallery-l":["https:\/\/dorian-czesci.sklep.pl\/wp-content\/uploads\/2023\/10\/44fe56084314ada122bd130e2bb1.jpg",577,433,false],"chromium-grid-blog":["https:\/\/dorian-czesci.sklep.pl\/wp-content\/uploads\/2023\/10\/44fe56084314ada122bd130e2bb1-350x350.jpg",350,350,true],"chromium-grid-blog-m":["https:\/\/dorian-czesci.sklep.pl\/wp-content\/uploads\/2023\/10\/44fe56084314ada122bd130e2bb1.jpg",577,433,false],"post-thumbnail":["https:\/\/dorian-czesci.sklep.pl\/wp-content\/uploads\/2023\/10\/44fe56084314ada122bd130e2bb1-577x350.jpg",577,350,true],"woocommerce_thumbnail":["https:\/\/dorian-czesci.sklep.pl\/wp-content\/uploads\/2023\/10\/44fe56084314ada122bd130e2bb1-300x300.jpg",300,300,true],"woocommerce_single":["https:\/\/dorian-czesci.sklep.pl\/wp-content\/uploads\/2023\/10\/44fe56084314ada122bd130e2bb1.jpg",577,433,false],"woocommerce_gallery_thumbnail":["https:\/\/dorian-czesci.sklep.pl\/wp-content\/uploads\/2023\/10\/44fe56084314ada122bd130e2bb1-100x100.jpg",100,100,true],"dgwt-wcas-product-suggestion":["https:\/\/dorian-czesci.sklep.pl\/wp-content\/uploads\/2023\/10\/44fe56084314ada122bd130e2bb1-64x48.jpg",64,48,true]},"uagb_author_info":{"display_name":"Gregor","author_link":"https:\/\/dorian-czesci.sklep.pl\/en\/author\/"},"uagb_comment_info":0,"uagb_excerpt":"SPR\u0118\u017bARKA KLIMATYZACJI AUDI A4 B6 A6 C5 2001-2003 8E0260805 8E0260805D 8E0260805T 8E0260805M 8E0260805N KA\u017bDA SPR\u0118\u017bARKA PRZED WYSY\u0141K\u0104 JEST SPRAWDZANA NA PROFESJONALNEJ MASZYNIE UDZIELAMY ROCZNEJ GWAR. NA KA\u017bDY KOMPRESOR STARA SPR\u0118\u017bARKA DO ZWROTU! POSIADAMY DU\u017bE DO\u015aWIADCZENIE, WIEMY KT\u00d3RE NOWSZE MODELE SPR\u0118\u017bAREK PASUJ\u0104 DO STARSZYCH MODELI SAMOCHOD\u00d3W","_links":{"self":[{"href":"https:\/\/dorian-czesci.sklep.pl\/en\/wp-json\/wp\/v2\/product\/98551","targetHints":{"allow":["GET"]}}],"collection":[{"href":"https:\/\/dorian-czesci.sklep.pl\/en\/wp-json\/wp\/v2\/product"}],"about":[{"href":"https:\/\/dorian-czesci.sklep.pl\/en\/wp-json\/wp\/v2\/types\/product"}],"replies":[{"embeddable":true,"href":"https:\/\/dorian-czesci.sklep.pl\/en\/wp-json\/wp\/v2\/comments?post=98551"}],"wp:featuredmedia":[{"embeddable":true,"href":"https:\/\/dorian-czesci.sklep.pl\/en\/wp-json\/wp\/v2\/media\/98547"}],"wp:attachment":[{"href":"https:\/\/dorian-czesci.sklep.pl\/en\/wp-json\/wp\/v2\/media?parent=98551"}],"wp:term":[{"taxonomy":"product_cat","embeddable":true,"href":"https:\/\/dorian-czesci.sklep.pl\/en\/wp-json\/wp\/v2\/product_cat?post=98551"},{"taxonomy":"product_tag","embeddable":true,"href":"https:\/\/dorian-czesci.sklep.pl\/en\/wp-json\/wp\/v2\/product_tag?post=98551"}],"curies":[{"name":"wp","href":"https:\/\/api.w.org\/{rel}","templated":true}]}}