{"id":98563,"date":"2023-10-27T13:29:12","date_gmt":"2023-10-27T13:29:12","guid":{"rendered":"https:\/\/dorian-czesci.sklep.pl\/product\/alufelga-golf-iii-6-5jx14-et33-4x100mm-1h6071490\/"},"modified":"2023-10-27T13:29:13","modified_gmt":"2023-10-27T13:29:13","slug":"alufelga-golf-iii-6-5jx14-et33-4x100mm-1h6071490","status":"publish","type":"product","link":"https:\/\/dorian-czesci.sklep.pl\/en\/product\/alufelga-golf-iii-6-5jx14-et33-4x100mm-1h6071490\/","title":{"rendered":"ALUMINUM GOLF III 6.5Jx14 ET33 4x100mm 1H6071490"},"content":{"rendered":"<section class=\"section\">\n<div class=\"item item-12\">\n<section class=\"text-item\">\n<h1>FELGA ALUFELGA Z OPON\u0104 PIRELLI P600<\/h1>\n<h1>VW GOLF III<\/h1>\n<h1>FELGA:<\/h1>\n<h1>6.5Jx14<\/h1>\n<h1>ET33<\/h1>\n<h1>4x100mm<\/h1>\n<h1>1H6 071 490<\/h1>\n<h1>14 CALI<\/h1>\n<h1>OPONA:<\/h1>\n<h1>PIRELLI P600<\/h1>\n<h1>185\/60<\/h1>\n<h1>R14<\/h1>\n<h1>CENA ZA FELG\u0118 Z OPON\u0104<\/h1>\n<\/section>\n<\/div>\n<\/section>","protected":false},"excerpt":{"rendered":"<p>FELGA ALUFELGA Z OPON\u0104 PIRELLI P600 VW GOLF III FELGA: 6.5Jx14 ET33 4x100mm 1H6 071 490 14 CALI OPONA: PIRELLI P600 185\/60 R14 CENA ZA FELG\u0118 Z OPON\u0104<\/p>","protected":false},"featured_media":98553,"comment_status":"open","ping_status":"closed","template":"","meta":{"_uag_custom_page_level_css":""},"product_cat":[129],"product_tag":[],"class_list":["post-98563","product","type-product","status-publish","has-post-thumbnail","hentry","product_cat-aluminiowe","badges-style-2"],"yoast_head":"<!-- This site is optimized with the Yoast SEO plugin v24.2 - https:\/\/yoast.com\/wordpress\/plugins\/seo\/ -->\n<title>ALUFELGA GOLF III 6.5Jx14 ET33 4x100mm 1H6071490 - Dorian Cz\u0119\u015bci<\/title>\n<meta name=\"robots\" content=\"index, follow, max-snippet:-1, max-image-preview:large, max-video-preview:-1\" \/>\n<link rel=\"canonical\" href=\"https:\/\/dorian-czesci.sklep.pl\/en\/product\/alufelga-golf-iii-6-5jx14-et33-4x100mm-1h6071490\/\" \/>\n<meta property=\"og:locale\" content=\"en_US\" \/>\n<meta property=\"og:type\" content=\"article\" \/>\n<meta property=\"og:title\" content=\"ALUFELGA GOLF III 6.5Jx14 ET33 4x100mm 1H6071490 - Dorian Cz\u0119\u015bci\" \/>\n<meta property=\"og:description\" content=\"FELGA ALUFELGA Z OPON\u0104 PIRELLI P600 VW GOLF III FELGA: 6.5Jx14 ET33 4x100mm 1H6 071 490 14 CALI OPONA: PIRELLI P600 185\/60 R14 CENA ZA FELG\u0118 Z OPON\u0104\" \/>\n<meta property=\"og:url\" content=\"https:\/\/dorian-czesci.sklep.pl\/en\/product\/alufelga-golf-iii-6-5jx14-et33-4x100mm-1h6071490\/\" \/>\n<meta property=\"og:site_name\" content=\"Dorian Cz\u0119\u015bci\" \/>\n<meta property=\"article:modified_time\" content=\"2023-10-27T13:29:13+00:00\" \/>\n<meta name=\"twitter:card\" content=\"summary_large_image\" \/>\n<script type=\"application\/ld+json\" class=\"yoast-schema-graph\">{\"@context\":\"https:\/\/schema.org\",\"@graph\":[{\"@type\":\"WebPage\",\"@id\":\"https:\/\/dorian-czesci.sklep.pl\/product\/alufelga-golf-iii-6-5jx14-et33-4x100mm-1h6071490\/\",\"url\":\"https:\/\/dorian-czesci.sklep.pl\/product\/alufelga-golf-iii-6-5jx14-et33-4x100mm-1h6071490\/\",\"name\":\"ALUFELGA GOLF III 6.5Jx14 ET33 4x100mm 1H6071490 - Dorian Cz\u0119\u015bci\",\"isPartOf\":{\"@id\":\"https:\/\/dorian-czesci.sklep.pl\/#website\"},\"primaryImageOfPage\":{\"@id\":\"https:\/\/dorian-czesci.sklep.pl\/product\/alufelga-golf-iii-6-5jx14-et33-4x100mm-1h6071490\/#primaryimage\"},\"image\":{\"@id\":\"https:\/\/dorian-czesci.sklep.pl\/product\/alufelga-golf-iii-6-5jx14-et33-4x100mm-1h6071490\/#primaryimage\"},\"thumbnailUrl\":\"https:\/\/dorian-czesci.sklep.pl\/wp-content\/uploads\/2023\/10\/de3b640d4b7fa254241004c6734a.jpg\",\"datePublished\":\"2023-10-27T13:29:12+00:00\",\"dateModified\":\"2023-10-27T13:29:13+00:00\",\"breadcrumb\":{\"@id\":\"https:\/\/dorian-czesci.sklep.pl\/product\/alufelga-golf-iii-6-5jx14-et33-4x100mm-1h6071490\/#breadcrumb\"},\"inLanguage\":\"en-US\",\"potentialAction\":[{\"@type\":\"ReadAction\",\"target\":[\"https:\/\/dorian-czesci.sklep.pl\/product\/alufelga-golf-iii-6-5jx14-et33-4x100mm-1h6071490\/\"]}]},{\"@type\":\"ImageObject\",\"inLanguage\":\"en-US\",\"@id\":\"https:\/\/dorian-czesci.sklep.pl\/product\/alufelga-golf-iii-6-5jx14-et33-4x100mm-1h6071490\/#primaryimage\",\"url\":\"https:\/\/dorian-czesci.sklep.pl\/wp-content\/uploads\/2023\/10\/de3b640d4b7fa254241004c6734a.jpg\",\"contentUrl\":\"https:\/\/dorian-czesci.sklep.pl\/wp-content\/uploads\/2023\/10\/de3b640d4b7fa254241004c6734a.jpg\",\"width\":1000,\"height\":842},{\"@type\":\"BreadcrumbList\",\"@id\":\"https:\/\/dorian-czesci.sklep.pl\/product\/alufelga-golf-iii-6-5jx14-et33-4x100mm-1h6071490\/#breadcrumb\",\"itemListElement\":[{\"@type\":\"ListItem\",\"position\":1,\"name\":\"Home\",\"item\":\"https:\/\/dorian-czesci.sklep.pl\/\"},{\"@type\":\"ListItem\",\"position\":2,\"name\":\"Shop\",\"item\":\"https:\/\/dorian-czesci.sklep.pl\/shop-2\/\"},{\"@type\":\"ListItem\",\"position\":3,\"name\":\"ALUFELGA GOLF III 6.5Jx14 ET33 4x100mm 1H6071490\"}]},{\"@type\":\"WebSite\",\"@id\":\"https:\/\/dorian-czesci.sklep.pl\/#website\",\"url\":\"https:\/\/dorian-czesci.sklep.pl\/\",\"name\":\"Dorian Cz\u0119\u015bci\",\"description\":\"Najwi\u0119kszy wyb\u00f3r cz\u0119\u015bci samochodowych\",\"publisher\":{\"@id\":\"https:\/\/dorian-czesci.sklep.pl\/#organization\"},\"potentialAction\":[{\"@type\":\"SearchAction\",\"target\":{\"@type\":\"EntryPoint\",\"urlTemplate\":\"https:\/\/dorian-czesci.sklep.pl\/?s={search_term_string}\"},\"query-input\":{\"@type\":\"PropertyValueSpecification\",\"valueRequired\":true,\"valueName\":\"search_term_string\"}}],\"inLanguage\":\"en-US\"},{\"@type\":\"Organization\",\"@id\":\"https:\/\/dorian-czesci.sklep.pl\/#organization\",\"name\":\"Dorian Cz\u0119\u015bci\",\"url\":\"https:\/\/dorian-czesci.sklep.pl\/\",\"logo\":{\"@type\":\"ImageObject\",\"inLanguage\":\"en-US\",\"@id\":\"https:\/\/dorian-czesci.sklep.pl\/#\/schema\/logo\/image\/\",\"url\":\"https:\/\/dorian-czesci.sklep.pl\/wp-content\/uploads\/2021\/01\/logo1.png\",\"contentUrl\":\"https:\/\/dorian-czesci.sklep.pl\/wp-content\/uploads\/2021\/01\/logo1.png\",\"width\":190,\"height\":114,\"caption\":\"Dorian Cz\u0119\u015bci\"},\"image\":{\"@id\":\"https:\/\/dorian-czesci.sklep.pl\/#\/schema\/logo\/image\/\"}}]}<\/script>\n<!-- \/ Yoast SEO plugin. -->","yoast_head_json":{"title":"ALUFELGA GOLF III 6.5Jx14 ET33 4x100mm 1H6071490 - Dorian Cz\u0119\u015bci","robots":{"index":"index","follow":"follow","max-snippet":"max-snippet:-1","max-image-preview":"max-image-preview:large","max-video-preview":"max-video-preview:-1"},"canonical":"https:\/\/dorian-czesci.sklep.pl\/en\/product\/alufelga-golf-iii-6-5jx14-et33-4x100mm-1h6071490\/","og_locale":"en_US","og_type":"article","og_title":"ALUFELGA GOLF III 6.5Jx14 ET33 4x100mm 1H6071490 - Dorian Cz\u0119\u015bci","og_description":"FELGA ALUFELGA Z OPON\u0104 PIRELLI P600 VW GOLF III FELGA: 6.5Jx14 ET33 4x100mm 1H6 071 490 14 CALI OPONA: PIRELLI P600 185\/60 R14 CENA ZA FELG\u0118 Z OPON\u0104","og_url":"https:\/\/dorian-czesci.sklep.pl\/en\/product\/alufelga-golf-iii-6-5jx14-et33-4x100mm-1h6071490\/","og_site_name":"Dorian Cz\u0119\u015bci","article_modified_time":"2023-10-27T13:29:13+00:00","twitter_card":"summary_large_image","schema":{"@context":"https:\/\/schema.org","@graph":[{"@type":"WebPage","@id":"https:\/\/dorian-czesci.sklep.pl\/product\/alufelga-golf-iii-6-5jx14-et33-4x100mm-1h6071490\/","url":"https:\/\/dorian-czesci.sklep.pl\/product\/alufelga-golf-iii-6-5jx14-et33-4x100mm-1h6071490\/","name":"ALUFELGA GOLF III 6.5Jx14 ET33 4x100mm 1H6071490 - Dorian Cz\u0119\u015bci","isPartOf":{"@id":"https:\/\/dorian-czesci.sklep.pl\/#website"},"primaryImageOfPage":{"@id":"https:\/\/dorian-czesci.sklep.pl\/product\/alufelga-golf-iii-6-5jx14-et33-4x100mm-1h6071490\/#primaryimage"},"image":{"@id":"https:\/\/dorian-czesci.sklep.pl\/product\/alufelga-golf-iii-6-5jx14-et33-4x100mm-1h6071490\/#primaryimage"},"thumbnailUrl":"https:\/\/dorian-czesci.sklep.pl\/wp-content\/uploads\/2023\/10\/de3b640d4b7fa254241004c6734a.jpg","datePublished":"2023-10-27T13:29:12+00:00","dateModified":"2023-10-27T13:29:13+00:00","breadcrumb":{"@id":"https:\/\/dorian-czesci.sklep.pl\/product\/alufelga-golf-iii-6-5jx14-et33-4x100mm-1h6071490\/#breadcrumb"},"inLanguage":"en-US","potentialAction":[{"@type":"ReadAction","target":["https:\/\/dorian-czesci.sklep.pl\/product\/alufelga-golf-iii-6-5jx14-et33-4x100mm-1h6071490\/"]}]},{"@type":"ImageObject","inLanguage":"en-US","@id":"https:\/\/dorian-czesci.sklep.pl\/product\/alufelga-golf-iii-6-5jx14-et33-4x100mm-1h6071490\/#primaryimage","url":"https:\/\/dorian-czesci.sklep.pl\/wp-content\/uploads\/2023\/10\/de3b640d4b7fa254241004c6734a.jpg","contentUrl":"https:\/\/dorian-czesci.sklep.pl\/wp-content\/uploads\/2023\/10\/de3b640d4b7fa254241004c6734a.jpg","width":1000,"height":842},{"@type":"BreadcrumbList","@id":"https:\/\/dorian-czesci.sklep.pl\/product\/alufelga-golf-iii-6-5jx14-et33-4x100mm-1h6071490\/#breadcrumb","itemListElement":[{"@type":"ListItem","position":1,"name":"Home","item":"https:\/\/dorian-czesci.sklep.pl\/"},{"@type":"ListItem","position":2,"name":"Shop","item":"https:\/\/dorian-czesci.sklep.pl\/shop-2\/"},{"@type":"ListItem","position":3,"name":"ALUFELGA GOLF III 6.5Jx14 ET33 4x100mm 1H6071490"}]},{"@type":"WebSite","@id":"https:\/\/dorian-czesci.sklep.pl\/#website","url":"https:\/\/dorian-czesci.sklep.pl\/","name":"Dorian Cz\u0119\u015bci","description":"Najwi\u0119kszy wyb\u00f3r cz\u0119\u015bci samochodowych","publisher":{"@id":"https:\/\/dorian-czesci.sklep.pl\/#organization"},"potentialAction":[{"@type":"SearchAction","target":{"@type":"EntryPoint","urlTemplate":"https:\/\/dorian-czesci.sklep.pl\/?s={search_term_string}"},"query-input":{"@type":"PropertyValueSpecification","valueRequired":true,"valueName":"search_term_string"}}],"inLanguage":"en-US"},{"@type":"Organization","@id":"https:\/\/dorian-czesci.sklep.pl\/#organization","name":"Dorian Cz\u0119\u015bci","url":"https:\/\/dorian-czesci.sklep.pl\/","logo":{"@type":"ImageObject","inLanguage":"en-US","@id":"https:\/\/dorian-czesci.sklep.pl\/#\/schema\/logo\/image\/","url":"https:\/\/dorian-czesci.sklep.pl\/wp-content\/uploads\/2021\/01\/logo1.png","contentUrl":"https:\/\/dorian-czesci.sklep.pl\/wp-content\/uploads\/2021\/01\/logo1.png","width":190,"height":114,"caption":"Dorian Cz\u0119\u015bci"},"image":{"@id":"https:\/\/dorian-czesci.sklep.pl\/#\/schema\/logo\/image\/"}}]}},"uagb_featured_image_src":{"full":["https:\/\/dorian-czesci.sklep.pl\/wp-content\/uploads\/2023\/10\/de3b640d4b7fa254241004c6734a.jpg",1000,842,false],"thumbnail":["https:\/\/dorian-czesci.sklep.pl\/wp-content\/uploads\/2023\/10\/de3b640d4b7fa254241004c6734a-150x150.jpg",150,150,true],"medium":["https:\/\/dorian-czesci.sklep.pl\/wp-content\/uploads\/2023\/10\/de3b640d4b7fa254241004c6734a-300x253.jpg",300,253,true],"medium_large":["https:\/\/dorian-czesci.sklep.pl\/wp-content\/uploads\/2023\/10\/de3b640d4b7fa254241004c6734a-768x647.jpg",768,647,true],"large":["https:\/\/dorian-czesci.sklep.pl\/wp-content\/uploads\/2023\/10\/de3b640d4b7fa254241004c6734a.jpg",1000,842,false],"1536x1536":["https:\/\/dorian-czesci.sklep.pl\/wp-content\/uploads\/2023\/10\/de3b640d4b7fa254241004c6734a.jpg",1000,842,false],"2048x2048":["https:\/\/dorian-czesci.sklep.pl\/wp-content\/uploads\/2023\/10\/de3b640d4b7fa254241004c6734a.jpg",1000,842,false],"trp-custom-language-flag":["https:\/\/dorian-czesci.sklep.pl\/wp-content\/uploads\/2023\/10\/de3b640d4b7fa254241004c6734a-14x12.jpg",14,12,true],"chromium-recent-posts-thumb-s":["https:\/\/dorian-czesci.sklep.pl\/wp-content\/uploads\/2023\/10\/de3b640d4b7fa254241004c6734a-160x190.jpg",160,190,true],"chromium-recent-posts-thumb-m":["https:\/\/dorian-czesci.sklep.pl\/wp-content\/uploads\/2023\/10\/de3b640d4b7fa254241004c6734a-225x267.jpg",225,267,true],"chromium-recent-posts-thumb-top":["https:\/\/dorian-czesci.sklep.pl\/wp-content\/uploads\/2023\/10\/de3b640d4b7fa254241004c6734a-384x216.jpg",384,216,true],"chromium-gallery-s":["https:\/\/dorian-czesci.sklep.pl\/wp-content\/uploads\/2023\/10\/de3b640d4b7fa254241004c6734a-384x216.jpg",384,216,true],"chromium-gallery-m":["https:\/\/dorian-czesci.sklep.pl\/wp-content\/uploads\/2023\/10\/de3b640d4b7fa254241004c6734a-640x360.jpg",640,360,true],"chromium-gallery-l":["https:\/\/dorian-czesci.sklep.pl\/wp-content\/uploads\/2023\/10\/de3b640d4b7fa254241004c6734a-1000x576.jpg",1000,576,true],"chromium-grid-blog":["https:\/\/dorian-czesci.sklep.pl\/wp-content\/uploads\/2023\/10\/de3b640d4b7fa254241004c6734a-350x350.jpg",350,350,true],"chromium-grid-blog-m":["https:\/\/dorian-czesci.sklep.pl\/wp-content\/uploads\/2023\/10\/de3b640d4b7fa254241004c6734a-600x600.jpg",600,600,true],"post-thumbnail":["https:\/\/dorian-czesci.sklep.pl\/wp-content\/uploads\/2023\/10\/de3b640d4b7fa254241004c6734a-870x350.jpg",870,350,true],"woocommerce_thumbnail":["https:\/\/dorian-czesci.sklep.pl\/wp-content\/uploads\/2023\/10\/de3b640d4b7fa254241004c6734a-300x300.jpg",300,300,true],"woocommerce_single":["https:\/\/dorian-czesci.sklep.pl\/wp-content\/uploads\/2023\/10\/de3b640d4b7fa254241004c6734a-600x505.jpg",600,505,true],"woocommerce_gallery_thumbnail":["https:\/\/dorian-czesci.sklep.pl\/wp-content\/uploads\/2023\/10\/de3b640d4b7fa254241004c6734a-100x100.jpg",100,100,true],"dgwt-wcas-product-suggestion":["https:\/\/dorian-czesci.sklep.pl\/wp-content\/uploads\/2023\/10\/de3b640d4b7fa254241004c6734a-64x54.jpg",64,54,true]},"uagb_author_info":{"display_name":"Gregor","author_link":"https:\/\/dorian-czesci.sklep.pl\/en\/author\/"},"uagb_comment_info":0,"uagb_excerpt":"FELGA ALUFELGA Z OPON\u0104 PIRELLI P600 VW GOLF III FELGA: 6.5Jx14 ET33 4x100mm 1H6 071 490 14 CALI OPONA: PIRELLI P600 185\/60 R14 CENA ZA FELG\u0118 Z OPON\u0104","_links":{"self":[{"href":"https:\/\/dorian-czesci.sklep.pl\/en\/wp-json\/wp\/v2\/product\/98563","targetHints":{"allow":["GET"]}}],"collection":[{"href":"https:\/\/dorian-czesci.sklep.pl\/en\/wp-json\/wp\/v2\/product"}],"about":[{"href":"https:\/\/dorian-czesci.sklep.pl\/en\/wp-json\/wp\/v2\/types\/product"}],"replies":[{"embeddable":true,"href":"https:\/\/dorian-czesci.sklep.pl\/en\/wp-json\/wp\/v2\/comments?post=98563"}],"wp:featuredmedia":[{"embeddable":true,"href":"https:\/\/dorian-czesci.sklep.pl\/en\/wp-json\/wp\/v2\/media\/98553"}],"wp:attachment":[{"href":"https:\/\/dorian-czesci.sklep.pl\/en\/wp-json\/wp\/v2\/media?parent=98563"}],"wp:term":[{"taxonomy":"product_cat","embeddable":true,"href":"https:\/\/dorian-czesci.sklep.pl\/en\/wp-json\/wp\/v2\/product_cat?post=98563"},{"taxonomy":"product_tag","embeddable":true,"href":"https:\/\/dorian-czesci.sklep.pl\/en\/wp-json\/wp\/v2\/product_tag?post=98563"}],"curies":[{"name":"wp","href":"https:\/\/api.w.org\/{rel}","templated":true}]}}