{"id":98659,"date":"2023-10-27T13:31:59","date_gmt":"2023-10-27T13:31:59","guid":{"rendered":"https:\/\/dorian-czesci.sklep.pl\/product\/alufelga-mercedes-komplet-75jx16h2-5x112mm-et35\/"},"modified":"2023-10-27T13:31:59","modified_gmt":"2023-10-27T13:31:59","slug":"alufelga-mercedes-komplet-75jx16h2-5x112mm-et35","status":"publish","type":"product","link":"https:\/\/dorian-czesci.sklep.pl\/en\/product\/alufelga-mercedes-komplet-75jx16h2-5x112mm-et35\/","title":{"rendered":"ALUFELGA MERCEDES SET 7,5Jx16H2 5x112mm ET35"},"content":{"rendered":"<section class=\"section\">\n<div class=\"item item-12\">\n<section class=\"text-item\">\n<h1>ALLOY WHEELS MERCEDES<\/h1>\n<h1>7.5Jx16H2<\/h1>\n<h1>5x112mm<\/h1>\n<h1>ET35<\/h1>\n<h1>A 211 401 02 25<\/h1>\n<h1>THE PRICE IS PER SET<\/h1>\n<\/section>\n<\/div>\n<\/section>","protected":false},"excerpt":{"rendered":"<p>ALUFELGA ALUFELGI MERCEDES 7,5Jx16H2 5x112mm ET35 A 211 401 02 25 PODANA CENA ZA KOMPLET<\/p>","protected":false},"featured_media":98643,"comment_status":"open","ping_status":"closed","template":"","meta":{"_uag_custom_page_level_css":""},"product_cat":[129],"product_tag":[],"class_list":["post-98659","product","type-product","status-publish","has-post-thumbnail","hentry","product_cat-aluminiowe","badges-style-2"],"yoast_head":"<!-- This site is optimized with the Yoast SEO plugin v24.2 - https:\/\/yoast.com\/wordpress\/plugins\/seo\/ -->\n<title>ALUFELGA MERCEDES KOMPLET 7,5Jx16H2 5x112mm ET35 - Dorian Cz\u0119\u015bci<\/title>\n<meta name=\"robots\" content=\"index, follow, max-snippet:-1, max-image-preview:large, max-video-preview:-1\" \/>\n<link rel=\"canonical\" href=\"https:\/\/dorian-czesci.sklep.pl\/en\/product\/alufelga-mercedes-komplet-75jx16h2-5x112mm-et35\/\" \/>\n<meta property=\"og:locale\" content=\"en_US\" \/>\n<meta property=\"og:type\" content=\"article\" \/>\n<meta property=\"og:title\" content=\"ALUFELGA MERCEDES KOMPLET 7,5Jx16H2 5x112mm ET35 - Dorian Cz\u0119\u015bci\" \/>\n<meta property=\"og:description\" content=\"ALUFELGA ALUFELGI MERCEDES 7,5Jx16H2 5x112mm ET35 A 211 401 02 25 PODANA CENA ZA KOMPLET\" \/>\n<meta property=\"og:url\" content=\"https:\/\/dorian-czesci.sklep.pl\/en\/product\/alufelga-mercedes-komplet-75jx16h2-5x112mm-et35\/\" \/>\n<meta property=\"og:site_name\" content=\"Dorian Cz\u0119\u015bci\" \/>\n<meta name=\"twitter:card\" content=\"summary_large_image\" \/>\n<script type=\"application\/ld+json\" class=\"yoast-schema-graph\">{\"@context\":\"https:\/\/schema.org\",\"@graph\":[{\"@type\":\"WebPage\",\"@id\":\"https:\/\/dorian-czesci.sklep.pl\/product\/alufelga-mercedes-komplet-75jx16h2-5x112mm-et35\/\",\"url\":\"https:\/\/dorian-czesci.sklep.pl\/product\/alufelga-mercedes-komplet-75jx16h2-5x112mm-et35\/\",\"name\":\"ALUFELGA MERCEDES KOMPLET 7,5Jx16H2 5x112mm ET35 - Dorian Cz\u0119\u015bci\",\"isPartOf\":{\"@id\":\"https:\/\/dorian-czesci.sklep.pl\/#website\"},\"primaryImageOfPage\":{\"@id\":\"https:\/\/dorian-czesci.sklep.pl\/product\/alufelga-mercedes-komplet-75jx16h2-5x112mm-et35\/#primaryimage\"},\"image\":{\"@id\":\"https:\/\/dorian-czesci.sklep.pl\/product\/alufelga-mercedes-komplet-75jx16h2-5x112mm-et35\/#primaryimage\"},\"thumbnailUrl\":\"https:\/\/dorian-czesci.sklep.pl\/wp-content\/uploads\/2023\/10\/faf36e7c440eb36a523f5626c514.jpg\",\"datePublished\":\"2023-10-27T13:31:59+00:00\",\"dateModified\":\"2023-10-27T13:31:59+00:00\",\"breadcrumb\":{\"@id\":\"https:\/\/dorian-czesci.sklep.pl\/product\/alufelga-mercedes-komplet-75jx16h2-5x112mm-et35\/#breadcrumb\"},\"inLanguage\":\"en-US\",\"potentialAction\":[{\"@type\":\"ReadAction\",\"target\":[\"https:\/\/dorian-czesci.sklep.pl\/product\/alufelga-mercedes-komplet-75jx16h2-5x112mm-et35\/\"]}]},{\"@type\":\"ImageObject\",\"inLanguage\":\"en-US\",\"@id\":\"https:\/\/dorian-czesci.sklep.pl\/product\/alufelga-mercedes-komplet-75jx16h2-5x112mm-et35\/#primaryimage\",\"url\":\"https:\/\/dorian-czesci.sklep.pl\/wp-content\/uploads\/2023\/10\/faf36e7c440eb36a523f5626c514.jpg\",\"contentUrl\":\"https:\/\/dorian-czesci.sklep.pl\/wp-content\/uploads\/2023\/10\/faf36e7c440eb36a523f5626c514.jpg\",\"width\":750,\"height\":1000},{\"@type\":\"BreadcrumbList\",\"@id\":\"https:\/\/dorian-czesci.sklep.pl\/product\/alufelga-mercedes-komplet-75jx16h2-5x112mm-et35\/#breadcrumb\",\"itemListElement\":[{\"@type\":\"ListItem\",\"position\":1,\"name\":\"Home\",\"item\":\"https:\/\/dorian-czesci.sklep.pl\/\"},{\"@type\":\"ListItem\",\"position\":2,\"name\":\"Shop\",\"item\":\"https:\/\/dorian-czesci.sklep.pl\/shop-2\/\"},{\"@type\":\"ListItem\",\"position\":3,\"name\":\"ALUFELGA MERCEDES KOMPLET 7,5Jx16H2 5x112mm ET35\"}]},{\"@type\":\"WebSite\",\"@id\":\"https:\/\/dorian-czesci.sklep.pl\/#website\",\"url\":\"https:\/\/dorian-czesci.sklep.pl\/\",\"name\":\"Dorian Cz\u0119\u015bci\",\"description\":\"Najwi\u0119kszy wyb\u00f3r cz\u0119\u015bci samochodowych\",\"publisher\":{\"@id\":\"https:\/\/dorian-czesci.sklep.pl\/#organization\"},\"potentialAction\":[{\"@type\":\"SearchAction\",\"target\":{\"@type\":\"EntryPoint\",\"urlTemplate\":\"https:\/\/dorian-czesci.sklep.pl\/?s={search_term_string}\"},\"query-input\":{\"@type\":\"PropertyValueSpecification\",\"valueRequired\":true,\"valueName\":\"search_term_string\"}}],\"inLanguage\":\"en-US\"},{\"@type\":\"Organization\",\"@id\":\"https:\/\/dorian-czesci.sklep.pl\/#organization\",\"name\":\"Dorian Cz\u0119\u015bci\",\"url\":\"https:\/\/dorian-czesci.sklep.pl\/\",\"logo\":{\"@type\":\"ImageObject\",\"inLanguage\":\"en-US\",\"@id\":\"https:\/\/dorian-czesci.sklep.pl\/#\/schema\/logo\/image\/\",\"url\":\"https:\/\/dorian-czesci.sklep.pl\/wp-content\/uploads\/2021\/01\/logo1.png\",\"contentUrl\":\"https:\/\/dorian-czesci.sklep.pl\/wp-content\/uploads\/2021\/01\/logo1.png\",\"width\":190,\"height\":114,\"caption\":\"Dorian Cz\u0119\u015bci\"},\"image\":{\"@id\":\"https:\/\/dorian-czesci.sklep.pl\/#\/schema\/logo\/image\/\"}}]}<\/script>\n<!-- \/ Yoast SEO plugin. -->","yoast_head_json":{"title":"ALUFELGA MERCEDES KOMPLET 7,5Jx16H2 5x112mm ET35 - Dorian Cz\u0119\u015bci","robots":{"index":"index","follow":"follow","max-snippet":"max-snippet:-1","max-image-preview":"max-image-preview:large","max-video-preview":"max-video-preview:-1"},"canonical":"https:\/\/dorian-czesci.sklep.pl\/en\/product\/alufelga-mercedes-komplet-75jx16h2-5x112mm-et35\/","og_locale":"en_US","og_type":"article","og_title":"ALUFELGA MERCEDES KOMPLET 7,5Jx16H2 5x112mm ET35 - Dorian Cz\u0119\u015bci","og_description":"ALUFELGA ALUFELGI MERCEDES 7,5Jx16H2 5x112mm ET35 A 211 401 02 25 PODANA CENA ZA KOMPLET","og_url":"https:\/\/dorian-czesci.sklep.pl\/en\/product\/alufelga-mercedes-komplet-75jx16h2-5x112mm-et35\/","og_site_name":"Dorian Cz\u0119\u015bci","twitter_card":"summary_large_image","schema":{"@context":"https:\/\/schema.org","@graph":[{"@type":"WebPage","@id":"https:\/\/dorian-czesci.sklep.pl\/product\/alufelga-mercedes-komplet-75jx16h2-5x112mm-et35\/","url":"https:\/\/dorian-czesci.sklep.pl\/product\/alufelga-mercedes-komplet-75jx16h2-5x112mm-et35\/","name":"ALUFELGA MERCEDES KOMPLET 7,5Jx16H2 5x112mm ET35 - Dorian Cz\u0119\u015bci","isPartOf":{"@id":"https:\/\/dorian-czesci.sklep.pl\/#website"},"primaryImageOfPage":{"@id":"https:\/\/dorian-czesci.sklep.pl\/product\/alufelga-mercedes-komplet-75jx16h2-5x112mm-et35\/#primaryimage"},"image":{"@id":"https:\/\/dorian-czesci.sklep.pl\/product\/alufelga-mercedes-komplet-75jx16h2-5x112mm-et35\/#primaryimage"},"thumbnailUrl":"https:\/\/dorian-czesci.sklep.pl\/wp-content\/uploads\/2023\/10\/faf36e7c440eb36a523f5626c514.jpg","datePublished":"2023-10-27T13:31:59+00:00","dateModified":"2023-10-27T13:31:59+00:00","breadcrumb":{"@id":"https:\/\/dorian-czesci.sklep.pl\/product\/alufelga-mercedes-komplet-75jx16h2-5x112mm-et35\/#breadcrumb"},"inLanguage":"en-US","potentialAction":[{"@type":"ReadAction","target":["https:\/\/dorian-czesci.sklep.pl\/product\/alufelga-mercedes-komplet-75jx16h2-5x112mm-et35\/"]}]},{"@type":"ImageObject","inLanguage":"en-US","@id":"https:\/\/dorian-czesci.sklep.pl\/product\/alufelga-mercedes-komplet-75jx16h2-5x112mm-et35\/#primaryimage","url":"https:\/\/dorian-czesci.sklep.pl\/wp-content\/uploads\/2023\/10\/faf36e7c440eb36a523f5626c514.jpg","contentUrl":"https:\/\/dorian-czesci.sklep.pl\/wp-content\/uploads\/2023\/10\/faf36e7c440eb36a523f5626c514.jpg","width":750,"height":1000},{"@type":"BreadcrumbList","@id":"https:\/\/dorian-czesci.sklep.pl\/product\/alufelga-mercedes-komplet-75jx16h2-5x112mm-et35\/#breadcrumb","itemListElement":[{"@type":"ListItem","position":1,"name":"Home","item":"https:\/\/dorian-czesci.sklep.pl\/"},{"@type":"ListItem","position":2,"name":"Shop","item":"https:\/\/dorian-czesci.sklep.pl\/shop-2\/"},{"@type":"ListItem","position":3,"name":"ALUFELGA MERCEDES KOMPLET 7,5Jx16H2 5x112mm ET35"}]},{"@type":"WebSite","@id":"https:\/\/dorian-czesci.sklep.pl\/#website","url":"https:\/\/dorian-czesci.sklep.pl\/","name":"Dorian Cz\u0119\u015bci","description":"Najwi\u0119kszy wyb\u00f3r cz\u0119\u015bci samochodowych","publisher":{"@id":"https:\/\/dorian-czesci.sklep.pl\/#organization"},"potentialAction":[{"@type":"SearchAction","target":{"@type":"EntryPoint","urlTemplate":"https:\/\/dorian-czesci.sklep.pl\/?s={search_term_string}"},"query-input":{"@type":"PropertyValueSpecification","valueRequired":true,"valueName":"search_term_string"}}],"inLanguage":"en-US"},{"@type":"Organization","@id":"https:\/\/dorian-czesci.sklep.pl\/#organization","name":"Dorian Cz\u0119\u015bci","url":"https:\/\/dorian-czesci.sklep.pl\/","logo":{"@type":"ImageObject","inLanguage":"en-US","@id":"https:\/\/dorian-czesci.sklep.pl\/#\/schema\/logo\/image\/","url":"https:\/\/dorian-czesci.sklep.pl\/wp-content\/uploads\/2021\/01\/logo1.png","contentUrl":"https:\/\/dorian-czesci.sklep.pl\/wp-content\/uploads\/2021\/01\/logo1.png","width":190,"height":114,"caption":"Dorian Cz\u0119\u015bci"},"image":{"@id":"https:\/\/dorian-czesci.sklep.pl\/#\/schema\/logo\/image\/"}}]}},"uagb_featured_image_src":{"full":["https:\/\/dorian-czesci.sklep.pl\/wp-content\/uploads\/2023\/10\/faf36e7c440eb36a523f5626c514.jpg",750,1000,false],"thumbnail":["https:\/\/dorian-czesci.sklep.pl\/wp-content\/uploads\/2023\/10\/faf36e7c440eb36a523f5626c514-150x150.jpg",150,150,true],"medium":["https:\/\/dorian-czesci.sklep.pl\/wp-content\/uploads\/2023\/10\/faf36e7c440eb36a523f5626c514-225x300.jpg",225,300,true],"medium_large":["https:\/\/dorian-czesci.sklep.pl\/wp-content\/uploads\/2023\/10\/faf36e7c440eb36a523f5626c514.jpg",750,1000,false],"large":["https:\/\/dorian-czesci.sklep.pl\/wp-content\/uploads\/2023\/10\/faf36e7c440eb36a523f5626c514.jpg",750,1000,false],"1536x1536":["https:\/\/dorian-czesci.sklep.pl\/wp-content\/uploads\/2023\/10\/faf36e7c440eb36a523f5626c514.jpg",750,1000,false],"2048x2048":["https:\/\/dorian-czesci.sklep.pl\/wp-content\/uploads\/2023\/10\/faf36e7c440eb36a523f5626c514.jpg",750,1000,false],"trp-custom-language-flag":["https:\/\/dorian-czesci.sklep.pl\/wp-content\/uploads\/2023\/10\/faf36e7c440eb36a523f5626c514-9x12.jpg",9,12,true],"chromium-recent-posts-thumb-s":["https:\/\/dorian-czesci.sklep.pl\/wp-content\/uploads\/2023\/10\/faf36e7c440eb36a523f5626c514-160x190.jpg",160,190,true],"chromium-recent-posts-thumb-m":["https:\/\/dorian-czesci.sklep.pl\/wp-content\/uploads\/2023\/10\/faf36e7c440eb36a523f5626c514-225x267.jpg",225,267,true],"chromium-recent-posts-thumb-top":["https:\/\/dorian-czesci.sklep.pl\/wp-content\/uploads\/2023\/10\/faf36e7c440eb36a523f5626c514-384x216.jpg",384,216,true],"chromium-gallery-s":["https:\/\/dorian-czesci.sklep.pl\/wp-content\/uploads\/2023\/10\/faf36e7c440eb36a523f5626c514-384x216.jpg",384,216,true],"chromium-gallery-m":["https:\/\/dorian-czesci.sklep.pl\/wp-content\/uploads\/2023\/10\/faf36e7c440eb36a523f5626c514-640x360.jpg",640,360,true],"chromium-gallery-l":["https:\/\/dorian-czesci.sklep.pl\/wp-content\/uploads\/2023\/10\/faf36e7c440eb36a523f5626c514-750x576.jpg",750,576,true],"chromium-grid-blog":["https:\/\/dorian-czesci.sklep.pl\/wp-content\/uploads\/2023\/10\/faf36e7c440eb36a523f5626c514-350x350.jpg",350,350,true],"chromium-grid-blog-m":["https:\/\/dorian-czesci.sklep.pl\/wp-content\/uploads\/2023\/10\/faf36e7c440eb36a523f5626c514-600x600.jpg",600,600,true],"post-thumbnail":["https:\/\/dorian-czesci.sklep.pl\/wp-content\/uploads\/2023\/10\/faf36e7c440eb36a523f5626c514-750x350.jpg",750,350,true],"woocommerce_thumbnail":["https:\/\/dorian-czesci.sklep.pl\/wp-content\/uploads\/2023\/10\/faf36e7c440eb36a523f5626c514-300x300.jpg",300,300,true],"woocommerce_single":["https:\/\/dorian-czesci.sklep.pl\/wp-content\/uploads\/2023\/10\/faf36e7c440eb36a523f5626c514-600x800.jpg",600,800,true],"woocommerce_gallery_thumbnail":["https:\/\/dorian-czesci.sklep.pl\/wp-content\/uploads\/2023\/10\/faf36e7c440eb36a523f5626c514-100x100.jpg",100,100,true],"dgwt-wcas-product-suggestion":["https:\/\/dorian-czesci.sklep.pl\/wp-content\/uploads\/2023\/10\/faf36e7c440eb36a523f5626c514-64x85.jpg",64,85,true]},"uagb_author_info":{"display_name":"Gregor","author_link":"https:\/\/dorian-czesci.sklep.pl\/en\/author\/"},"uagb_comment_info":0,"uagb_excerpt":"ALUFELGA ALUFELGI MERCEDES 7,5Jx16H2 5x112mm ET35 A 211 401 02 25 PODANA CENA ZA KOMPLET","_links":{"self":[{"href":"https:\/\/dorian-czesci.sklep.pl\/en\/wp-json\/wp\/v2\/product\/98659","targetHints":{"allow":["GET"]}}],"collection":[{"href":"https:\/\/dorian-czesci.sklep.pl\/en\/wp-json\/wp\/v2\/product"}],"about":[{"href":"https:\/\/dorian-czesci.sklep.pl\/en\/wp-json\/wp\/v2\/types\/product"}],"replies":[{"embeddable":true,"href":"https:\/\/dorian-czesci.sklep.pl\/en\/wp-json\/wp\/v2\/comments?post=98659"}],"wp:featuredmedia":[{"embeddable":true,"href":"https:\/\/dorian-czesci.sklep.pl\/en\/wp-json\/wp\/v2\/media\/98643"}],"wp:attachment":[{"href":"https:\/\/dorian-czesci.sklep.pl\/en\/wp-json\/wp\/v2\/media?parent=98659"}],"wp:term":[{"taxonomy":"product_cat","embeddable":true,"href":"https:\/\/dorian-czesci.sklep.pl\/en\/wp-json\/wp\/v2\/product_cat?post=98659"},{"taxonomy":"product_tag","embeddable":true,"href":"https:\/\/dorian-czesci.sklep.pl\/en\/wp-json\/wp\/v2\/product_tag?post=98659"}],"curies":[{"name":"wp","href":"https:\/\/api.w.org\/{rel}","templated":true}]}}