{"id":99545,"date":"2023-10-27T14:01:21","date_gmt":"2023-10-27T14:01:21","guid":{"rendered":"https:\/\/dorian-czesci.sklep.pl\/product\/lampa-tyl-lewa-prawa-vw-t-roc-2ga945095-2ga945096\/"},"modified":"2024-05-20T05:19:01","modified_gmt":"2024-05-20T05:19:01","slug":"lampa-tyl-lewa-prawa-vw-t-roc-2ga945095-2ga945096","status":"publish","type":"product","link":"https:\/\/dorian-czesci.sklep.pl\/en\/product\/lampa-tyl-lewa-prawa-vw-t-roc-2ga945095-2ga945096\/","title":{"rendered":"LAMP REAR LEFT RIGHT VW T-ROC 2GA945095 2GA945096"},"content":{"rendered":"<section class=\"section\">\n<div class=\"item item-12\">\n<section class=\"text-item\">\n<h1>LAMPA TY\u0141 LEWA PRAWA<\/h1>\n<h1>VW T-ROC<\/h1>\n<h1>2GA 945 095<\/h1>\n<h1>2GA 945 096<\/h1>\n<h1>GIVEN PRICE PER PIECE<\/h1>\n<\/section>\n<\/div>\n<\/section>","protected":false},"excerpt":{"rendered":"<p>LAMPA TY\u0141 LEWA PRAWA VW T-ROC 2GA 945 095 2GA 945 096 PODANA CENA ZA SZTUK\u0118<\/p>","protected":false},"featured_media":99539,"comment_status":"open","ping_status":"closed","template":"","meta":{"_uag_custom_page_level_css":""},"product_cat":[154],"product_tag":[],"class_list":["post-99545","product","type-product","status-publish","has-post-thumbnail","hentry","product_cat-lampy-tylne","badges-style-2"],"yoast_head":"<!-- This site is optimized with the Yoast SEO plugin v24.2 - https:\/\/yoast.com\/wordpress\/plugins\/seo\/ -->\n<title>LAMPA TY\u0141 LEWA PRAWA VW T-ROC 2GA945095 2GA945096 - Dorian Cz\u0119\u015bci<\/title>\n<meta name=\"robots\" content=\"index, follow, max-snippet:-1, max-image-preview:large, max-video-preview:-1\" \/>\n<link rel=\"canonical\" href=\"https:\/\/dorian-czesci.sklep.pl\/en\/product\/lampa-tyl-lewa-prawa-vw-t-roc-2ga945095-2ga945096\/\" \/>\n<meta property=\"og:locale\" content=\"en_US\" \/>\n<meta property=\"og:type\" content=\"article\" \/>\n<meta property=\"og:title\" content=\"LAMPA TY\u0141 LEWA PRAWA VW T-ROC 2GA945095 2GA945096 - Dorian Cz\u0119\u015bci\" \/>\n<meta property=\"og:description\" content=\"LAMPA TY\u0141 LEWA PRAWA VW T-ROC 2GA 945 095 2GA 945 096 PODANA CENA ZA SZTUK\u0118\" \/>\n<meta property=\"og:url\" content=\"https:\/\/dorian-czesci.sklep.pl\/en\/product\/lampa-tyl-lewa-prawa-vw-t-roc-2ga945095-2ga945096\/\" \/>\n<meta property=\"og:site_name\" content=\"Dorian Cz\u0119\u015bci\" \/>\n<meta property=\"article:modified_time\" content=\"2024-05-20T05:19:01+00:00\" \/>\n<meta property=\"og:image\" content=\"https:\/\/dorian-czesci.sklep.pl\/wp-content\/uploads\/2023\/10\/f12244124c7ea36aca560c20429e.jpg\" \/>\n\t<meta property=\"og:image:width\" content=\"1000\" \/>\n\t<meta property=\"og:image:height\" content=\"392\" \/>\n\t<meta property=\"og:image:type\" content=\"image\/jpeg\" \/>\n<meta name=\"twitter:card\" content=\"summary_large_image\" \/>\n<script type=\"application\/ld+json\" class=\"yoast-schema-graph\">{\"@context\":\"https:\/\/schema.org\",\"@graph\":[{\"@type\":\"WebPage\",\"@id\":\"https:\/\/dorian-czesci.sklep.pl\/product\/lampa-tyl-lewa-prawa-vw-t-roc-2ga945095-2ga945096\/\",\"url\":\"https:\/\/dorian-czesci.sklep.pl\/product\/lampa-tyl-lewa-prawa-vw-t-roc-2ga945095-2ga945096\/\",\"name\":\"LAMPA TY\u0141 LEWA PRAWA VW T-ROC 2GA945095 2GA945096 - Dorian Cz\u0119\u015bci\",\"isPartOf\":{\"@id\":\"https:\/\/dorian-czesci.sklep.pl\/#website\"},\"primaryImageOfPage\":{\"@id\":\"https:\/\/dorian-czesci.sklep.pl\/product\/lampa-tyl-lewa-prawa-vw-t-roc-2ga945095-2ga945096\/#primaryimage\"},\"image\":{\"@id\":\"https:\/\/dorian-czesci.sklep.pl\/product\/lampa-tyl-lewa-prawa-vw-t-roc-2ga945095-2ga945096\/#primaryimage\"},\"thumbnailUrl\":\"https:\/\/dorian-czesci.sklep.pl\/wp-content\/uploads\/2023\/10\/f12244124c7ea36aca560c20429e.jpg\",\"datePublished\":\"2023-10-27T14:01:21+00:00\",\"dateModified\":\"2024-05-20T05:19:01+00:00\",\"breadcrumb\":{\"@id\":\"https:\/\/dorian-czesci.sklep.pl\/product\/lampa-tyl-lewa-prawa-vw-t-roc-2ga945095-2ga945096\/#breadcrumb\"},\"inLanguage\":\"en-US\",\"potentialAction\":[{\"@type\":\"ReadAction\",\"target\":[\"https:\/\/dorian-czesci.sklep.pl\/product\/lampa-tyl-lewa-prawa-vw-t-roc-2ga945095-2ga945096\/\"]}]},{\"@type\":\"ImageObject\",\"inLanguage\":\"en-US\",\"@id\":\"https:\/\/dorian-czesci.sklep.pl\/product\/lampa-tyl-lewa-prawa-vw-t-roc-2ga945095-2ga945096\/#primaryimage\",\"url\":\"https:\/\/dorian-czesci.sklep.pl\/wp-content\/uploads\/2023\/10\/f12244124c7ea36aca560c20429e.jpg\",\"contentUrl\":\"https:\/\/dorian-czesci.sklep.pl\/wp-content\/uploads\/2023\/10\/f12244124c7ea36aca560c20429e.jpg\",\"width\":1000,\"height\":392},{\"@type\":\"BreadcrumbList\",\"@id\":\"https:\/\/dorian-czesci.sklep.pl\/product\/lampa-tyl-lewa-prawa-vw-t-roc-2ga945095-2ga945096\/#breadcrumb\",\"itemListElement\":[{\"@type\":\"ListItem\",\"position\":1,\"name\":\"Home\",\"item\":\"https:\/\/dorian-czesci.sklep.pl\/\"},{\"@type\":\"ListItem\",\"position\":2,\"name\":\"Shop\",\"item\":\"https:\/\/dorian-czesci.sklep.pl\/shop-2\/\"},{\"@type\":\"ListItem\",\"position\":3,\"name\":\"LAMPA TY\u0141 LEWA PRAWA VW T-ROC 2GA945095 2GA945096\"}]},{\"@type\":\"WebSite\",\"@id\":\"https:\/\/dorian-czesci.sklep.pl\/#website\",\"url\":\"https:\/\/dorian-czesci.sklep.pl\/\",\"name\":\"Dorian Cz\u0119\u015bci\",\"description\":\"Najwi\u0119kszy wyb\u00f3r cz\u0119\u015bci samochodowych\",\"publisher\":{\"@id\":\"https:\/\/dorian-czesci.sklep.pl\/#organization\"},\"potentialAction\":[{\"@type\":\"SearchAction\",\"target\":{\"@type\":\"EntryPoint\",\"urlTemplate\":\"https:\/\/dorian-czesci.sklep.pl\/?s={search_term_string}\"},\"query-input\":{\"@type\":\"PropertyValueSpecification\",\"valueRequired\":true,\"valueName\":\"search_term_string\"}}],\"inLanguage\":\"en-US\"},{\"@type\":\"Organization\",\"@id\":\"https:\/\/dorian-czesci.sklep.pl\/#organization\",\"name\":\"Dorian Cz\u0119\u015bci\",\"url\":\"https:\/\/dorian-czesci.sklep.pl\/\",\"logo\":{\"@type\":\"ImageObject\",\"inLanguage\":\"en-US\",\"@id\":\"https:\/\/dorian-czesci.sklep.pl\/#\/schema\/logo\/image\/\",\"url\":\"https:\/\/dorian-czesci.sklep.pl\/wp-content\/uploads\/2021\/01\/logo1.png\",\"contentUrl\":\"https:\/\/dorian-czesci.sklep.pl\/wp-content\/uploads\/2021\/01\/logo1.png\",\"width\":190,\"height\":114,\"caption\":\"Dorian Cz\u0119\u015bci\"},\"image\":{\"@id\":\"https:\/\/dorian-czesci.sklep.pl\/#\/schema\/logo\/image\/\"}}]}<\/script>\n<!-- \/ Yoast SEO plugin. -->","yoast_head_json":{"title":"LAMPA TY\u0141 LEWA PRAWA VW T-ROC 2GA945095 2GA945096 - Dorian Cz\u0119\u015bci","robots":{"index":"index","follow":"follow","max-snippet":"max-snippet:-1","max-image-preview":"max-image-preview:large","max-video-preview":"max-video-preview:-1"},"canonical":"https:\/\/dorian-czesci.sklep.pl\/en\/product\/lampa-tyl-lewa-prawa-vw-t-roc-2ga945095-2ga945096\/","og_locale":"en_US","og_type":"article","og_title":"LAMPA TY\u0141 LEWA PRAWA VW T-ROC 2GA945095 2GA945096 - Dorian Cz\u0119\u015bci","og_description":"LAMPA TY\u0141 LEWA PRAWA VW T-ROC 2GA 945 095 2GA 945 096 PODANA CENA ZA SZTUK\u0118","og_url":"https:\/\/dorian-czesci.sklep.pl\/en\/product\/lampa-tyl-lewa-prawa-vw-t-roc-2ga945095-2ga945096\/","og_site_name":"Dorian Cz\u0119\u015bci","article_modified_time":"2024-05-20T05:19:01+00:00","og_image":[{"width":1000,"height":392,"url":"https:\/\/dorian-czesci.sklep.pl\/wp-content\/uploads\/2023\/10\/f12244124c7ea36aca560c20429e.jpg","type":"image\/jpeg"}],"twitter_card":"summary_large_image","schema":{"@context":"https:\/\/schema.org","@graph":[{"@type":"WebPage","@id":"https:\/\/dorian-czesci.sklep.pl\/product\/lampa-tyl-lewa-prawa-vw-t-roc-2ga945095-2ga945096\/","url":"https:\/\/dorian-czesci.sklep.pl\/product\/lampa-tyl-lewa-prawa-vw-t-roc-2ga945095-2ga945096\/","name":"LAMPA TY\u0141 LEWA PRAWA VW T-ROC 2GA945095 2GA945096 - Dorian Cz\u0119\u015bci","isPartOf":{"@id":"https:\/\/dorian-czesci.sklep.pl\/#website"},"primaryImageOfPage":{"@id":"https:\/\/dorian-czesci.sklep.pl\/product\/lampa-tyl-lewa-prawa-vw-t-roc-2ga945095-2ga945096\/#primaryimage"},"image":{"@id":"https:\/\/dorian-czesci.sklep.pl\/product\/lampa-tyl-lewa-prawa-vw-t-roc-2ga945095-2ga945096\/#primaryimage"},"thumbnailUrl":"https:\/\/dorian-czesci.sklep.pl\/wp-content\/uploads\/2023\/10\/f12244124c7ea36aca560c20429e.jpg","datePublished":"2023-10-27T14:01:21+00:00","dateModified":"2024-05-20T05:19:01+00:00","breadcrumb":{"@id":"https:\/\/dorian-czesci.sklep.pl\/product\/lampa-tyl-lewa-prawa-vw-t-roc-2ga945095-2ga945096\/#breadcrumb"},"inLanguage":"en-US","potentialAction":[{"@type":"ReadAction","target":["https:\/\/dorian-czesci.sklep.pl\/product\/lampa-tyl-lewa-prawa-vw-t-roc-2ga945095-2ga945096\/"]}]},{"@type":"ImageObject","inLanguage":"en-US","@id":"https:\/\/dorian-czesci.sklep.pl\/product\/lampa-tyl-lewa-prawa-vw-t-roc-2ga945095-2ga945096\/#primaryimage","url":"https:\/\/dorian-czesci.sklep.pl\/wp-content\/uploads\/2023\/10\/f12244124c7ea36aca560c20429e.jpg","contentUrl":"https:\/\/dorian-czesci.sklep.pl\/wp-content\/uploads\/2023\/10\/f12244124c7ea36aca560c20429e.jpg","width":1000,"height":392},{"@type":"BreadcrumbList","@id":"https:\/\/dorian-czesci.sklep.pl\/product\/lampa-tyl-lewa-prawa-vw-t-roc-2ga945095-2ga945096\/#breadcrumb","itemListElement":[{"@type":"ListItem","position":1,"name":"Home","item":"https:\/\/dorian-czesci.sklep.pl\/"},{"@type":"ListItem","position":2,"name":"Shop","item":"https:\/\/dorian-czesci.sklep.pl\/shop-2\/"},{"@type":"ListItem","position":3,"name":"LAMPA TY\u0141 LEWA PRAWA VW T-ROC 2GA945095 2GA945096"}]},{"@type":"WebSite","@id":"https:\/\/dorian-czesci.sklep.pl\/#website","url":"https:\/\/dorian-czesci.sklep.pl\/","name":"Dorian Cz\u0119\u015bci","description":"Najwi\u0119kszy wyb\u00f3r cz\u0119\u015bci samochodowych","publisher":{"@id":"https:\/\/dorian-czesci.sklep.pl\/#organization"},"potentialAction":[{"@type":"SearchAction","target":{"@type":"EntryPoint","urlTemplate":"https:\/\/dorian-czesci.sklep.pl\/?s={search_term_string}"},"query-input":{"@type":"PropertyValueSpecification","valueRequired":true,"valueName":"search_term_string"}}],"inLanguage":"en-US"},{"@type":"Organization","@id":"https:\/\/dorian-czesci.sklep.pl\/#organization","name":"Dorian Cz\u0119\u015bci","url":"https:\/\/dorian-czesci.sklep.pl\/","logo":{"@type":"ImageObject","inLanguage":"en-US","@id":"https:\/\/dorian-czesci.sklep.pl\/#\/schema\/logo\/image\/","url":"https:\/\/dorian-czesci.sklep.pl\/wp-content\/uploads\/2021\/01\/logo1.png","contentUrl":"https:\/\/dorian-czesci.sklep.pl\/wp-content\/uploads\/2021\/01\/logo1.png","width":190,"height":114,"caption":"Dorian Cz\u0119\u015bci"},"image":{"@id":"https:\/\/dorian-czesci.sklep.pl\/#\/schema\/logo\/image\/"}}]}},"uagb_featured_image_src":{"full":["https:\/\/dorian-czesci.sklep.pl\/wp-content\/uploads\/2023\/10\/f12244124c7ea36aca560c20429e.jpg",1000,392,false],"thumbnail":["https:\/\/dorian-czesci.sklep.pl\/wp-content\/uploads\/2023\/10\/f12244124c7ea36aca560c20429e-150x150.jpg",150,150,true],"medium":["https:\/\/dorian-czesci.sklep.pl\/wp-content\/uploads\/2023\/10\/f12244124c7ea36aca560c20429e-300x118.jpg",300,118,true],"medium_large":["https:\/\/dorian-czesci.sklep.pl\/wp-content\/uploads\/2023\/10\/f12244124c7ea36aca560c20429e-768x301.jpg",768,301,true],"large":["https:\/\/dorian-czesci.sklep.pl\/wp-content\/uploads\/2023\/10\/f12244124c7ea36aca560c20429e.jpg",1000,392,false],"1536x1536":["https:\/\/dorian-czesci.sklep.pl\/wp-content\/uploads\/2023\/10\/f12244124c7ea36aca560c20429e.jpg",1000,392,false],"2048x2048":["https:\/\/dorian-czesci.sklep.pl\/wp-content\/uploads\/2023\/10\/f12244124c7ea36aca560c20429e.jpg",1000,392,false],"trp-custom-language-flag":["https:\/\/dorian-czesci.sklep.pl\/wp-content\/uploads\/2023\/10\/f12244124c7ea36aca560c20429e-16x6.jpg",16,6,true],"chromium-recent-posts-thumb-s":["https:\/\/dorian-czesci.sklep.pl\/wp-content\/uploads\/2023\/10\/f12244124c7ea36aca560c20429e-160x190.jpg",160,190,true],"chromium-recent-posts-thumb-m":["https:\/\/dorian-czesci.sklep.pl\/wp-content\/uploads\/2023\/10\/f12244124c7ea36aca560c20429e-225x267.jpg",225,267,true],"chromium-recent-posts-thumb-top":["https:\/\/dorian-czesci.sklep.pl\/wp-content\/uploads\/2023\/10\/f12244124c7ea36aca560c20429e-384x216.jpg",384,216,true],"chromium-gallery-s":["https:\/\/dorian-czesci.sklep.pl\/wp-content\/uploads\/2023\/10\/f12244124c7ea36aca560c20429e-384x216.jpg",384,216,true],"chromium-gallery-m":["https:\/\/dorian-czesci.sklep.pl\/wp-content\/uploads\/2023\/10\/f12244124c7ea36aca560c20429e-640x360.jpg",640,360,true],"chromium-gallery-l":["https:\/\/dorian-czesci.sklep.pl\/wp-content\/uploads\/2023\/10\/f12244124c7ea36aca560c20429e.jpg",1000,392,false],"chromium-grid-blog":["https:\/\/dorian-czesci.sklep.pl\/wp-content\/uploads\/2023\/10\/f12244124c7ea36aca560c20429e-350x350.jpg",350,350,true],"chromium-grid-blog-m":["https:\/\/dorian-czesci.sklep.pl\/wp-content\/uploads\/2023\/10\/f12244124c7ea36aca560c20429e-600x392.jpg",600,392,true],"post-thumbnail":["https:\/\/dorian-czesci.sklep.pl\/wp-content\/uploads\/2023\/10\/f12244124c7ea36aca560c20429e-870x350.jpg",870,350,true],"woocommerce_thumbnail":["https:\/\/dorian-czesci.sklep.pl\/wp-content\/uploads\/2023\/10\/f12244124c7ea36aca560c20429e-300x300.jpg",300,300,true],"woocommerce_single":["https:\/\/dorian-czesci.sklep.pl\/wp-content\/uploads\/2023\/10\/f12244124c7ea36aca560c20429e-600x235.jpg",600,235,true],"woocommerce_gallery_thumbnail":["https:\/\/dorian-czesci.sklep.pl\/wp-content\/uploads\/2023\/10\/f12244124c7ea36aca560c20429e-100x100.jpg",100,100,true],"dgwt-wcas-product-suggestion":["https:\/\/dorian-czesci.sklep.pl\/wp-content\/uploads\/2023\/10\/f12244124c7ea36aca560c20429e-64x25.jpg",64,25,true]},"uagb_author_info":{"display_name":"Gregor","author_link":"https:\/\/dorian-czesci.sklep.pl\/en\/author\/"},"uagb_comment_info":0,"uagb_excerpt":"LAMPA TY\u0141 LEWA PRAWA VW T-ROC 2GA 945 095 2GA 945 096 PODANA CENA ZA SZTUK\u0118","_links":{"self":[{"href":"https:\/\/dorian-czesci.sklep.pl\/en\/wp-json\/wp\/v2\/product\/99545","targetHints":{"allow":["GET"]}}],"collection":[{"href":"https:\/\/dorian-czesci.sklep.pl\/en\/wp-json\/wp\/v2\/product"}],"about":[{"href":"https:\/\/dorian-czesci.sklep.pl\/en\/wp-json\/wp\/v2\/types\/product"}],"replies":[{"embeddable":true,"href":"https:\/\/dorian-czesci.sklep.pl\/en\/wp-json\/wp\/v2\/comments?post=99545"}],"wp:featuredmedia":[{"embeddable":true,"href":"https:\/\/dorian-czesci.sklep.pl\/en\/wp-json\/wp\/v2\/media\/99539"}],"wp:attachment":[{"href":"https:\/\/dorian-czesci.sklep.pl\/en\/wp-json\/wp\/v2\/media?parent=99545"}],"wp:term":[{"taxonomy":"product_cat","embeddable":true,"href":"https:\/\/dorian-czesci.sklep.pl\/en\/wp-json\/wp\/v2\/product_cat?post=99545"},{"taxonomy":"product_tag","embeddable":true,"href":"https:\/\/dorian-czesci.sklep.pl\/en\/wp-json\/wp\/v2\/product_tag?post=99545"}],"curies":[{"name":"wp","href":"https:\/\/api.w.org\/{rel}","templated":true}]}}